{"id":165,"date":"2015-01-22T06:01:51","date_gmt":"2015-01-22T06:01:51","guid":{"rendered":"https:\/\/www.hotelgalanta.sk\/?page_id=165"},"modified":"2026-01-06T21:00:27","modified_gmt":"2026-01-06T21:00:27","slug":"location","status":"publish","type":"page","link":"https:\/\/hotelgalanta.sk\/new-en\/contact\/location\/","title":{"rendered":"Location"},"content":{"rendered":"\t\t<div data-elementor-type=\"wp-page\" data-elementor-id=\"165\" class=\"elementor elementor-165\">\n\t\t\t\t<div class=\"elementor-element elementor-element-63590e0 e-flex e-con-boxed e-con e-parent\" data-id=\"63590e0\" data-element_type=\"container\" data-settings=\"{&quot;background_background&quot;:&quot;classic&quot;}\">\n\t\t\t\t\t<div class=\"e-con-inner\">\n\t\t\t\t<div class=\"elementor-element elementor-element-3b35fa5 elementor-widget elementor-widget-heading\" data-id=\"3b35fa5\" data-element_type=\"widget\" data-widget_type=\"heading.default\">\n\t\t\t\t<div class=\"elementor-widget-container\">\n\t\t\t\t\t<h2 class=\"elementor-heading-title elementor-size-default\">Contact <b class=\"my-brown\">WHERE TO FIND US<\/b><\/h2>\t\t\t\t<\/div>\n\t\t\t\t<\/div>\n\t\t<div class=\"elementor-element elementor-element-161e229 e-grid e-con-full e-con e-child\" data-id=\"161e229\" data-element_type=\"container\">\n\t\t<div class=\"elementor-element elementor-element-aad5f50 e-con-full e-flex e-con e-child\" data-id=\"aad5f50\" data-element_type=\"container\">\n\t\t\t\t<div class=\"elementor-element elementor-element-dd54635 elementor-widget elementor-widget-text-editor\" data-id=\"dd54635\" data-element_type=\"widget\" data-widget_type=\"text-editor.default\">\n\t\t\t\t<div class=\"elementor-widget-container\">\n\t\t\t\t\t\t\t\t\t<p><strong>Hotel Galanta s.r.o.<\/strong><br \/>Orechov\u00e1 2626\/1<br \/>924 01 Galanta<br \/>I\u010cO: 3661 4009<br \/>I\u010c DPH: SK2022205768<br \/>DI\u010c: 2022205768<\/p><p>OR Okr. S\u00fadu Trnava, oddiel Sro. Vlo\u017eka \u010d. 18698\/T<\/p>\t\t\t\t\t\t\t\t<\/div>\n\t\t\t\t<\/div>\n\t\t\t\t<div class=\"elementor-element elementor-element-bc9dd07 elementor-widget elementor-widget-image\" data-id=\"bc9dd07\" data-element_type=\"widget\" data-widget_type=\"image.default\">\n\t\t\t\t<div class=\"elementor-widget-container\">\n\t\t\t\t\t\t\t\t\t\t\t\t\t\t\t<img fetchpriority=\"high\" decoding=\"async\" width=\"1024\" height=\"768\" src=\"https:\/\/hotelgalanta.sk\/new-en\/wp-content\/uploads\/2025\/02\/8-5-1024x768.jpg\" class=\"attachment-large size-large wp-image-5318\" alt=\"\" srcset=\"https:\/\/hotelgalanta.sk\/new-en\/wp-content\/uploads\/2025\/02\/8-5-1024x768.jpg 1024w, https:\/\/hotelgalanta.sk\/new-en\/wp-content\/uploads\/2025\/02\/8-5-300x225.jpg 300w, https:\/\/hotelgalanta.sk\/new-en\/wp-content\/uploads\/2025\/02\/8-5-768x576.jpg 768w, https:\/\/hotelgalanta.sk\/new-en\/wp-content\/uploads\/2025\/02\/8-5-600x450.jpg 600w, https:\/\/hotelgalanta.sk\/new-en\/wp-content\/uploads\/2025\/02\/8-5.jpg 1200w\" sizes=\"(max-width: 1024px) 100vw, 1024px\" \/>\t\t\t\t\t\t\t\t\t\t\t\t\t\t\t<\/div>\n\t\t\t\t<\/div>\n\t\t\t\t<\/div>\n\t\t<div class=\"elementor-element elementor-element-75a6110 e-con-full e-flex e-con e-child\" data-id=\"75a6110\" data-element_type=\"container\">\n\t\t\t\t<div class=\"elementor-element elementor-element-f97cdbb elementor-widget elementor-widget-text-editor\" data-id=\"f97cdbb\" data-element_type=\"widget\" data-widget_type=\"text-editor.default\">\n\t\t\t\t<div class=\"elementor-widget-container\">\n\t\t\t\t\t\t\t\t\t<p><span class=\"tlid-translation translation\" lang=\"en\"><strong><span title=\"\">Opening hours:<\/span><\/strong><br \/><span title=\"\"><strong>Accommodation<\/strong> &#8211; Non Stop<br \/><strong>Check in from 15:00<br \/><\/strong><\/span><br \/><strong><span title=\"\">Restaurant<br \/><\/span><\/strong><\/span><span class=\"tlid-translation translation\" lang=\"en\">MO.-TH. from\u00a0 07:00 to 21:30 (07:00-10:00 breakfast)<br \/>FR. from 07:00 to 22:00 (07:00-10-00 breakfast)<br \/>SA.-SU. from 08:00 to 22:00 (08:00 \u2013 10:30 breakfast)<\/span><\/p><p>Bar is open from 9:00<br \/>We only deliver from Monday to Friday from 10:00 a.m. to 2:00 p.m.<\/p><p><strong>Accommodation:<\/strong><br \/><a title=\"Call us\" href=\"tel:+421904555105\">+421 904 555 105<\/a><br \/><strong>The Grove &#8211; Delivery:<\/strong><br \/><a title=\"Call us\" href=\"tel:+421904555205\">+421 904 555 205<\/a><br \/>E-mail: <a title=\"Send us an e-mail\" href=\"mailto:hotelgalanta@hotelgalanta.sk\">hotelgalanta@hotelgalanta.sk<\/a><\/p><p><strong>Contact :<\/strong><br \/>Restaurant \u2013 Weddings \u2013 Family celebrations<br \/>Restaurant\/Events\/Conferences <a title=\"Call us\" href=\"tel:+421904555205\">+421 904 555 205<\/a><br \/>E-mail: <a title=\"Send us an e-mail\" href=\"mailto:hotelgalanta@hotelgalanta.sk\">hotelgalanta@hotelgalanta.sk<\/a><\/p><p><strong>Complaints:<\/strong><a title=\"Call us\" href=\"tel:+421904555205\">+421 904 555 205<\/a><br \/>E-mail: <a title=\"Send us an e-mail\" href=\"mailto:hotelgalanta@hotelgalanta.sk\">hotelgalanta@hotelgalanta.sk<\/a><br \/>Fax:<a title=\"Call us\" href=\"tel:+421233204620\">+4212 3320 4620<\/a><\/p>\t\t\t\t\t\t\t\t<\/div>\n\t\t\t\t<\/div>\n\t\t\t\t<\/div>\n\t\t\t\t<\/div>\n\t\t\t\t\t<\/div>\n\t\t\t\t<\/div>\n\t\t<div class=\"elementor-element elementor-element-ec9f97a e-flex e-con-boxed e-con e-parent\" data-id=\"ec9f97a\" data-element_type=\"container\" data-settings=\"{&quot;background_background&quot;:&quot;classic&quot;}\">\n\t\t\t\t\t<div class=\"e-con-inner\">\n\t\t\t\t<div class=\"elementor-element elementor-element-e4145d1 elementor-widget elementor-widget-heading\" data-id=\"e4145d1\" data-element_type=\"widget\" data-widget_type=\"heading.default\">\n\t\t\t\t<div class=\"elementor-widget-container\">\n\t\t\t\t\t<h3 class=\"elementor-heading-title elementor-size-default\"><b class=\"my-brown\">LOCATION<\/b><\/h3>\t\t\t\t<\/div>\n\t\t\t\t<\/div>\n\t\t\t\t\t<\/div>\n\t\t\t\t<\/div>\n\t\t<div class=\"elementor-element elementor-element-3d7bc7d e-flex e-con-boxed e-con e-parent\" data-id=\"3d7bc7d\" data-element_type=\"container\">\n\t\t\t\t\t<div class=\"e-con-inner\">\n\t\t\t\t<div class=\"elementor-element elementor-element-94ce301 elementor-widget elementor-widget-google_maps\" data-id=\"94ce301\" data-element_type=\"widget\" data-widget_type=\"google_maps.default\">\n\t\t\t\t<div class=\"elementor-widget-container\">\n\t\t\t\t\t\t\t<div class=\"elementor-custom-embed\">\n\t\t\t<iframe loading=\"lazy\"\n\t\t\t\t\tsrc=\"https:\/\/maps.google.com\/maps?q=Hotel%20Galanta&#038;t=m&#038;z=13&#038;output=embed&#038;iwloc=near\"\n\t\t\t\t\ttitle=\"Hotel Galanta\"\n\t\t\t\t\taria-label=\"Hotel Galanta\"\n\t\t\t><\/iframe>\n\t\t<\/div>\n\t\t\t\t\t\t<\/div>\n\t\t\t\t<\/div>\n\t\t\t\t<div class=\"elementor-element elementor-element-93ca467 elementor-widget elementor-widget-text-editor\" data-id=\"93ca467\" data-element_type=\"widget\" data-widget_type=\"text-editor.default\">\n\t\t\t\t<div class=\"elementor-widget-container\">\n\t\t\t\t\t\t\t\t\t<p><strong>GPS 48\u00b0 12&#8242; 1&#8243; N 17\u00b0 45&#8243; 33&#8242; E<\/strong><br \/>Both Nitra and Trnava are approximately 20 kilometers away from our Hotel, making us an ideal choice for business travelers as well as tourists looking for luxurious, affordable accommodation in the industrial region of the country.<\/p>\t\t\t\t\t\t\t\t<\/div>\n\t\t\t\t<\/div>\n\t\t\t\t\t<\/div>\n\t\t\t\t<\/div>\n\t\t\t\t<\/div>\n\t\t","protected":false},"excerpt":{"rendered":"<p>Contact WHERE TO FIND US Hotel Galanta s.r.o.Orechov\u00e1 2626\/1924 01 GalantaI\u010cO: 3661 4009I\u010c DPH: SK2022205768DI\u010c: 2022205768 OR Okr. S\u00fadu Trnava, oddiel Sro. Vlo\u017eka \u010d. 18698\/T Opening hours:Accommodation &#8211; Non StopCheck in from 15:00RestaurantMO.-TH. from\u00a0 07:00 to 21:30 (07:00-10:00 breakfast)FR. from 07:00 to 22:00 (07:00-10-00 breakfast)SA.-SU. from 08:00 to 22:00 (08:00 \u2013 10:30 breakfast) Bar is [&hellip;]<\/p>\n","protected":false},"author":1,"featured_media":0,"parent":33,"menu_order":0,"comment_status":"closed","ping_status":"closed","template":"elementor_header_footer","meta":{"ngg_post_thumbnail":0,"footnotes":""},"class_list":["post-165","page","type-page","status-publish","hentry"],"aioseo_notices":[],"_links":{"self":[{"href":"https:\/\/hotelgalanta.sk\/new-en\/wp-json\/wp\/v2\/pages\/165","targetHints":{"allow":["GET"]}}],"collection":[{"href":"https:\/\/hotelgalanta.sk\/new-en\/wp-json\/wp\/v2\/pages"}],"about":[{"href":"https:\/\/hotelgalanta.sk\/new-en\/wp-json\/wp\/v2\/types\/page"}],"author":[{"embeddable":true,"href":"https:\/\/hotelgalanta.sk\/new-en\/wp-json\/wp\/v2\/users\/1"}],"replies":[{"embeddable":true,"href":"https:\/\/hotelgalanta.sk\/new-en\/wp-json\/wp\/v2\/comments?post=165"}],"version-history":[{"count":30,"href":"https:\/\/hotelgalanta.sk\/new-en\/wp-json\/wp\/v2\/pages\/165\/revisions"}],"predecessor-version":[{"id":6582,"href":"https:\/\/hotelgalanta.sk\/new-en\/wp-json\/wp\/v2\/pages\/165\/revisions\/6582"}],"up":[{"embeddable":true,"href":"https:\/\/hotelgalanta.sk\/new-en\/wp-json\/wp\/v2\/pages\/33"}],"wp:attachment":[{"href":"https:\/\/hotelgalanta.sk\/new-en\/wp-json\/wp\/v2\/media?parent=165"}],"curies":[{"name":"wp","href":"https:\/\/api.w.org\/{rel}","templated":true}]}}