{"id":33,"date":"2015-01-21T21:12:22","date_gmt":"2015-01-21T21:12:22","guid":{"rendered":"https:\/\/www.hotelgalanta.sk\/?page_id=33"},"modified":"2025-02-26T14:42:15","modified_gmt":"2025-02-26T14:42:15","slug":"contact","status":"publish","type":"page","link":"https:\/\/hotelgalanta.sk\/new-en\/contact\/","title":{"rendered":"Contact"},"content":{"rendered":"<div class=\"symple-column symple-one-half symple-column-first  \">\n<p><strong>Hotel Galanta s.r.o.<br \/>\n<\/strong>Orechov\u00e1 2626\/1<br \/>\n924 01 Galanta<br \/>\nI\u010cO: 3661 4009<br \/>\nI\u010c DPH: SK2022205768<br \/>\nDI\u010c: 2022205768<\/p>\n<p><strong>OR Okr. S\u00fadu Trnava, oddiel Sro. Vlo\u017eka \u010d. 18698\/T<\/strong><br \/>\n<img fetchpriority=\"high\" decoding=\"async\" class=\" size-full wp-image-1730 alignleft\" src=\"https:\/\/www.hotelgalanta.sk\/wp-content\/uploads\/ext.jpg\" alt=\"ext\" width=\"350\" height=\"263\" srcset=\"https:\/\/hotelgalanta.sk\/new-en\/wp-content\/uploads\/ext.jpg 350w, https:\/\/hotelgalanta.sk\/new-en\/wp-content\/uploads\/ext-300x225.jpg 300w\" sizes=\"(max-width: 350px) 100vw, 350px\" \/><br \/>\n<\/div>\n<div class=\"symple-column symple-one-half symple-column-last  \">\n<p><strong>Otv\u00e1raciu doba:<\/strong><br \/>\n<strong>Ubytovanie<\/strong> \u2013 Non Stop<br \/>\n<strong>Re\u0161taur\u00e1cia<\/strong><br \/>\nPO.-\u0160T. Od 07:00 do 21:30 (07:00-10:00 ra\u0148ajky)<br \/>\nPI. Od 07:00 do 22:00 (07:00-10-00 ra\u0148ajky)<br \/>\nSO.-NE. Od 08:00 do 22:00 (08:00 \u2013 10:30 ra\u0148ajky)<br \/>\nBar otvoren\u00fd ka\u017ed\u00fd de\u0148 od 9:00&nbsp;<br \/>\nRozvoz m\u00e1me len v&nbsp;\u010dase &nbsp;pondelok \u2013 piatok od 10:00 hod \u2013 14:00 hod.<\/p>\n<p><strong>Telef\u00f3n ubytovanie<\/strong>:<br \/>\n<a title=\"Zavolajte n\u00e1m\" href=\"tel:+421904555105\">+421 904 555 205<\/a><br \/>\n<strong>Telef\u00f3n Re\u0161taur\u00e1cia \u2013 don\u00e1\u0161ka<\/strong>:<br \/>\n<a title=\"Zavolajte n\u00e1m\" href=\"tel:+421904555205\">+421 904 555 205<\/a><br \/>\nE-mail: <a href=\"mailto:hotelgalanta@hotelgalanta.sk\">hotelgalanta@hotelgalanta.sk<\/a><strong><br \/>\n<\/strong><\/p>\n<p><strong>Telef\u00f3n:<\/strong><br \/>\nRe\u0161taur\u00e1cia &#8211; Svadby &#8211; Rodinn\u00e9 oslavy<br \/>\n\u0160kolenia &#8211; Konferencie <a title=\"Call us\" href=\"tel:+421904555205\">+421 904 555 205<\/a><br \/>\nE-mail: <a href=\"mailto:hotelgalanta@hotelgalanta.sk\">hotelgalanta@hotelgalanta.sk<\/a><\/p>\n<p><strong>Telef\u00f3n:<\/strong><br \/>\nReklam\u00e1cie: <a title=\"Call us\" href=\"tel:+421904555205\">+421 904 555 205<\/a><br \/>\nE-mail: <a href=\"mailto:hotelgalanta@hotelgalanta.sk\">hotelgalanta@hotelgalanta.sk<\/a><br \/>\nFax: <a title=\"Call us\" href=\"tel:+421233204620\">+4212 3320 4620<\/a><\/p>\n<\/div><div class=\"symple-clear-floats\"><\/div>\n","protected":false},"excerpt":{"rendered":"","protected":false},"author":1,"featured_media":0,"parent":0,"menu_order":0,"comment_status":"closed","ping_status":"open","template":"templates\/template-page-no-sidebar.php","meta":{"ngg_post_thumbnail":0,"footnotes":""},"class_list":["post-33","page","type-page","status-publish","hentry"],"aioseo_notices":[],"_links":{"self":[{"href":"https:\/\/hotelgalanta.sk\/new-en\/wp-json\/wp\/v2\/pages\/33","targetHints":{"allow":["GET"]}}],"collection":[{"href":"https:\/\/hotelgalanta.sk\/new-en\/wp-json\/wp\/v2\/pages"}],"about":[{"href":"https:\/\/hotelgalanta.sk\/new-en\/wp-json\/wp\/v2\/types\/page"}],"author":[{"embeddable":true,"href":"https:\/\/hotelgalanta.sk\/new-en\/wp-json\/wp\/v2\/users\/1"}],"replies":[{"embeddable":true,"href":"https:\/\/hotelgalanta.sk\/new-en\/wp-json\/wp\/v2\/comments?post=33"}],"version-history":[{"count":49,"href":"https:\/\/hotelgalanta.sk\/new-en\/wp-json\/wp\/v2\/pages\/33\/revisions"}],"predecessor-version":[{"id":6027,"href":"https:\/\/hotelgalanta.sk\/new-en\/wp-json\/wp\/v2\/pages\/33\/revisions\/6027"}],"wp:attachment":[{"href":"https:\/\/hotelgalanta.sk\/new-en\/wp-json\/wp\/v2\/media?parent=33"}],"curies":[{"name":"wp","href":"https:\/\/api.w.org\/{rel}","templated":true}]}}