{"id":6252,"date":"2025-03-13T08:43:19","date_gmt":"2025-03-13T08:43:19","guid":{"rendered":"https:\/\/hotelgalanta.sk\/new-en\/?page_id=6252"},"modified":"2026-04-03T17:37:39","modified_gmt":"2026-04-03T17:37:39","slug":"massages","status":"publish","type":"page","link":"https:\/\/hotelgalanta.sk\/new-en\/wellness-2\/massages\/","title":{"rendered":"Massages"},"content":{"rendered":"\t\t<div data-elementor-type=\"wp-page\" data-elementor-id=\"6252\" class=\"elementor elementor-6252\">\n\t\t\t\t<div class=\"elementor-element elementor-element-268928c e-flex e-con-boxed e-con e-parent\" data-id=\"268928c\" data-element_type=\"container\" data-settings=\"{&quot;background_background&quot;:&quot;classic&quot;}\">\n\t\t\t\t\t<div class=\"e-con-inner\">\n\t\t\t\t<div class=\"elementor-element elementor-element-1330e62 elementor-widget elementor-widget-heading\" data-id=\"1330e62\" data-element_type=\"widget\" data-widget_type=\"heading.default\">\n\t\t\t\t<div class=\"elementor-widget-container\">\n\t\t\t\t\t<h2 class=\"elementor-heading-title elementor-size-default\">Hotel Galanta <b class=\"my-brown\">THAI MASSAGES<\/b><\/h2>\t\t\t\t<\/div>\n\t\t\t\t<\/div>\n\t\t<div class=\"elementor-element elementor-element-e3b341a e-con-full e-flex e-con e-child\" data-id=\"e3b341a\" data-element_type=\"container\" data-settings=\"{&quot;background_background&quot;:&quot;classic&quot;}\">\n\t\t<div class=\"elementor-element elementor-element-faf2333 e-con-full e-flex e-con e-child\" data-id=\"faf2333\" data-element_type=\"container\">\n\t\t\t\t<div class=\"elementor-element elementor-element-3fc3393 elementor-widget elementor-widget-text-editor\" data-id=\"3fc3393\" data-element_type=\"widget\" data-widget_type=\"text-editor.default\">\n\t\t\t\t<div class=\"elementor-widget-container\">\n\t\t\t\t\t\t\t\t\t<h4>Treat Yourself to the Ultimate Relaxation \u2013 Erawan Massage at Hotel Galanta<\/h4><p>Discover a haven of calm in the wellness area of Hotel Galanta. At our professional Erawan Massage salon, we take care of both your body and mind.<\/p><p><strong>What to expect:<\/strong>:<\/p><ul><li>Traditional Thai massages \u2013 release muscle tension and boost your energy<\/li><li>Aromatherapy &amp; oil massages \u2013 for deep relaxation and balance<\/li><li>Luxury specialty treatments \u2013 chocolate massages, hot stone therapies, or 4hand massages<br \/>for couples<\/li><li>Mas\u00e1\u017ee pre tehotn\u00e9 a deti \u2013 jemn\u00e1 starostlivos\u0165 pre cel\u00fa rodinu<\/li><\/ul><p><strong>Why Erawan Massage?<\/strong><br \/>Every massage is tailored to your needs so you leave feeling relaxed, refreshed, and energized.<\/p><p>Learn more about our services and massage types on their website:<br \/><a href=\"www.erawan.sk\" target=\"_blank\" rel=\"noopener\">www.erawan.sk<\/a><br \/>Reservations and inquiries: 0948 303 733<br \/><strong>Book your relaxation today and experience a truly exceptional wellness journey!<\/strong><\/p>\t\t\t\t\t\t\t\t<\/div>\n\t\t\t\t<\/div>\n\t\t\t\t<\/div>\n\t\t\t\t<div class=\"elementor-element elementor-element-91cdbac elementor-widget elementor-widget-image\" data-id=\"91cdbac\" data-element_type=\"widget\" data-widget_type=\"image.default\">\n\t\t\t\t<div class=\"elementor-widget-container\">\n\t\t\t\t\t\t\t\t\t\t\t\t\t\t\t\t<a href=\"https:\/\/hotelgalanta.sk\/new-en\/wp-content\/uploads\/2026\/04\/thai.jpg\" data-elementor-open-lightbox=\"yes\" data-elementor-lightbox-title=\"thai\" data-e-action-hash=\"#elementor-action%3Aaction%3Dlightbox%26settings%3DeyJpZCI6NjY3OSwidXJsIjoiaHR0cHM6XC9cL2hvdGVsZ2FsYW50YS5za1wvbmV3LWVuXC93cC1jb250ZW50XC91cGxvYWRzXC8yMDI2XC8wNFwvdGhhaS5qcGcifQ%3D%3D\">\n\t\t\t\t\t\t\t<img fetchpriority=\"high\" decoding=\"async\" width=\"798\" height=\"1133\" src=\"https:\/\/hotelgalanta.sk\/new-en\/wp-content\/uploads\/2026\/04\/thai.jpg\" class=\"attachment-full size-full wp-image-6679\" alt=\"\" srcset=\"https:\/\/hotelgalanta.sk\/new-en\/wp-content\/uploads\/2026\/04\/thai.jpg 798w, https:\/\/hotelgalanta.sk\/new-en\/wp-content\/uploads\/2026\/04\/thai-211x300.jpg 211w, https:\/\/hotelgalanta.sk\/new-en\/wp-content\/uploads\/2026\/04\/thai-721x1024.jpg 721w, https:\/\/hotelgalanta.sk\/new-en\/wp-content\/uploads\/2026\/04\/thai-768x1090.jpg 768w, https:\/\/hotelgalanta.sk\/new-en\/wp-content\/uploads\/2026\/04\/thai-600x852.jpg 600w\" sizes=\"(max-width: 798px) 100vw, 798px\" \/>\t\t\t\t\t\t\t\t<\/a>\n\t\t\t\t\t\t\t\t\t\t\t\t\t\t\t<\/div>\n\t\t\t\t<\/div>\n\t\t\t\t<\/div>\n\t\t\t\t\t<\/div>\n\t\t\t\t<\/div>\n\t\t\t\t<\/div>\n\t\t","protected":false},"excerpt":{"rendered":"<p>Hotel Galanta THAI MASSAGES Treat Yourself to the Ultimate Relaxation \u2013 Erawan Massage at Hotel Galanta Discover a haven of calm in the wellness area of Hotel Galanta. At our professional Erawan Massage salon, we take care of both your body and mind. What to expect:: Traditional Thai massages \u2013 release muscle tension and boost [&hellip;]<\/p>\n","protected":false},"author":3,"featured_media":0,"parent":3832,"menu_order":0,"comment_status":"closed","ping_status":"closed","template":"elementor_header_footer","meta":{"ngg_post_thumbnail":0,"footnotes":""},"class_list":["post-6252","page","type-page","status-publish","hentry"],"aioseo_notices":[],"_links":{"self":[{"href":"https:\/\/hotelgalanta.sk\/new-en\/wp-json\/wp\/v2\/pages\/6252","targetHints":{"allow":["GET"]}}],"collection":[{"href":"https:\/\/hotelgalanta.sk\/new-en\/wp-json\/wp\/v2\/pages"}],"about":[{"href":"https:\/\/hotelgalanta.sk\/new-en\/wp-json\/wp\/v2\/types\/page"}],"author":[{"embeddable":true,"href":"https:\/\/hotelgalanta.sk\/new-en\/wp-json\/wp\/v2\/users\/3"}],"replies":[{"embeddable":true,"href":"https:\/\/hotelgalanta.sk\/new-en\/wp-json\/wp\/v2\/comments?post=6252"}],"version-history":[{"count":28,"href":"https:\/\/hotelgalanta.sk\/new-en\/wp-json\/wp\/v2\/pages\/6252\/revisions"}],"predecessor-version":[{"id":6704,"href":"https:\/\/hotelgalanta.sk\/new-en\/wp-json\/wp\/v2\/pages\/6252\/revisions\/6704"}],"up":[{"embeddable":true,"href":"https:\/\/hotelgalanta.sk\/new-en\/wp-json\/wp\/v2\/pages\/3832"}],"wp:attachment":[{"href":"https:\/\/hotelgalanta.sk\/new-en\/wp-json\/wp\/v2\/media?parent=6252"}],"curies":[{"name":"wp","href":"https:\/\/api.w.org\/{rel}","templated":true}]}}