{"id":102,"date":"2015-01-22T04:56:51","date_gmt":"2015-01-22T04:56:51","guid":{"rendered":"https:\/\/www.hotelgalanta.sk\/?page_id=102"},"modified":"2025-03-14T07:52:15","modified_gmt":"2025-03-14T07:52:15","slug":"nas-darcek","status":"publish","type":"page","link":"https:\/\/hotelgalanta.sk\/new\/svadby\/nas-darcek\/","title":{"rendered":"N\u00e1\u0161 dar\u010dek"},"content":{"rendered":"\t\t<div data-elementor-type=\"wp-page\" data-elementor-id=\"102\" class=\"elementor elementor-102\">\n\t\t\t\t<div class=\"elementor-element elementor-element-d957bd3 e-flex e-con-boxed e-con e-parent\" data-id=\"d957bd3\" data-element_type=\"container\" data-settings=\"{&quot;background_background&quot;:&quot;classic&quot;}\">\n\t\t\t\t\t<div class=\"e-con-inner\">\n\t\t\t\t<div class=\"elementor-element elementor-element-ebd8971 elementor-widget elementor-widget-heading\" data-id=\"ebd8971\" data-element_type=\"widget\" data-widget_type=\"heading.default\">\n\t\t\t\t<div class=\"elementor-widget-container\">\n\t\t\t\t\t<h2 class=\"elementor-heading-title elementor-size-default\">N\u00e1\u0161<b class=\"my-brown\"> DAR\u010cEK<\/b><\/h2>\t\t\t\t<\/div>\n\t\t\t\t<\/div>\n\t\t\t\t<div class=\"elementor-element elementor-element-a30af52 elementor-widget elementor-widget-text-editor\" data-id=\"a30af52\" data-element_type=\"widget\" data-widget_type=\"text-editor.default\">\n\t\t\t\t<div class=\"elementor-widget-container\">\n\t\t\t\t\t\t\t\t\t<p>Radi by sme neveste a \u017een\u00edchovi v ich svadobn\u00fd de\u0148 pon\u00fakli \u0161peci\u00e1lny dar\u010dek \u2013 bezplatn\u00fa noc ako VIP hos\u0165om v na\u0161om apartm\u00e1ne s terasou vhodnom na medov\u00e9 t\u00fd\u017edne, s romantick\u00fdmi dekor\u00e1ciami a f\u013ea\u0161ou \u0161ampansk\u00e9ho zadarmo. \u010eakujeme v\u00e1m za va\u0161u prejaven\u00fa d\u00f4veru a t\u00fdmto sa chceme ubezpe\u010di\u0165, \u017ee v\u00e1\u0161 z\u00e1\u017eitok bude nezabudnute\u013en\u00fd.<\/p><p>N\u00e1\u0161 luxusn\u00fd apartm\u00e1n je ide\u00e1lny pre v\u00e1\u0161 prv\u00fd man\u017eelsk\u00fd romantick\u00fd ve\u010der.<\/p>\t\t\t\t\t\t\t\t<\/div>\n\t\t\t\t<\/div>\n\t\t<div class=\"elementor-element elementor-element-eeb4af4 e-grid e-con-boxed e-con e-child\" data-id=\"eeb4af4\" data-element_type=\"container\">\n\t\t\t\t\t<div class=\"e-con-inner\">\n\t\t<div class=\"elementor-element elementor-element-346e64f e-con-full e-flex e-con e-child\" data-id=\"346e64f\" data-element_type=\"container\" data-settings=\"{&quot;background_background&quot;:&quot;classic&quot;}\">\n\t\t\t\t<div class=\"elementor-element elementor-element-bd01acc elementor-widget elementor-widget-heading\" data-id=\"bd01acc\" data-element_type=\"widget\" data-widget_type=\"heading.default\">\n\t\t\t\t<div class=\"elementor-widget-container\">\n\t\t\t\t\t<h2 class=\"elementor-heading-title elementor-size-default\">Kontakt<\/h2>\t\t\t\t<\/div>\n\t\t\t\t<\/div>\n\t\t<div class=\"elementor-element elementor-element-b1ec427 e-con-full e-flex e-con e-child\" data-id=\"b1ec427\" data-element_type=\"container\">\n\t\t<div class=\"elementor-element elementor-element-bcbddd6 e-grid e-con-full e-con e-child\" data-id=\"bcbddd6\" data-element_type=\"container\">\n\t\t\t\t<div class=\"elementor-element elementor-element-70747cf elementor-view-stacked elementor-shape-circle elementor-position-top elementor-mobile-position-top elementor-widget elementor-widget-icon-box\" data-id=\"70747cf\" data-element_type=\"widget\" data-widget_type=\"icon-box.default\">\n\t\t\t\t<div class=\"elementor-widget-container\">\n\t\t\t\t\t\t\t<div class=\"elementor-icon-box-wrapper\">\n\n\t\t\t\t\t\t<div class=\"elementor-icon-box-icon\">\n\t\t\t\t<a href=\"https:\/\/www.hotelgalanta.sk\/new\/chat\/\" target=\"_blank\" class=\"elementor-icon elementor-animation-grow-rotate\" tabindex=\"-1\" aria-label=\"Chat s klientom\">\n\t\t\t\t<svg aria-hidden=\"true\" class=\"e-font-icon-svg e-fas-comment-dots\" viewBox=\"0 0 512 512\" xmlns=\"http:\/\/www.w3.org\/2000\/svg\"><path d=\"M256 32C114.6 32 0 125.1 0 240c0 49.6 21.4 95 57 130.7C44.5 421.1 2.7 466 2.2 466.5c-2.2 2.3-2.8 5.7-1.5 8.7S4.8 480 8 480c66.3 0 116-31.8 140.6-51.4 32.7 12.3 69 19.4 107.4 19.4 141.4 0 256-93.1 256-208S397.4 32 256 32zM128 272c-17.7 0-32-14.3-32-32s14.3-32 32-32 32 14.3 32 32-14.3 32-32 32zm128 0c-17.7 0-32-14.3-32-32s14.3-32 32-32 32 14.3 32 32-14.3 32-32 32zm128 0c-17.7 0-32-14.3-32-32s14.3-32 32-32 32 14.3 32 32-14.3 32-32 32z\"><\/path><\/svg>\t\t\t\t<\/a>\n\t\t\t<\/div>\n\t\t\t\n\t\t\t\t\t\t<div class=\"elementor-icon-box-content\">\n\n\t\t\t\t\t\t\t\t\t<h3 class=\"elementor-icon-box-title\">\n\t\t\t\t\t\t<a href=\"https:\/\/www.hotelgalanta.sk\/new\/chat\/\" target=\"_blank\" >\n\t\t\t\t\t\t\tChat s klientom\t\t\t\t\t\t<\/a>\n\t\t\t\t\t<\/h3>\n\t\t\t\t\n\t\t\t\t\t\t\t\t\t<p class=\"elementor-icon-box-description\">\n\t\t\t\t\t\t\n\n\t\t\t\t\t<\/p>\n\t\t\t\t\n\t\t\t<\/div>\n\t\t\t\n\t\t<\/div>\n\t\t\t\t\t\t<\/div>\n\t\t\t\t<\/div>\n\t\t\t\t<div class=\"elementor-element elementor-element-c486a01 elementor-view-stacked elementor-shape-circle elementor-position-top elementor-mobile-position-top elementor-widget elementor-widget-icon-box\" data-id=\"c486a01\" data-element_type=\"widget\" data-widget_type=\"icon-box.default\">\n\t\t\t\t<div class=\"elementor-widget-container\">\n\t\t\t\t\t\t\t<div class=\"elementor-icon-box-wrapper\">\n\n\t\t\t\t\t\t<div class=\"elementor-icon-box-icon\">\n\t\t\t\t<a href=\"https:\/\/www.hotelgalanta.sk\/new\/rezervacia\/\" target=\"_blank\" class=\"elementor-icon elementor-animation-grow-rotate\" tabindex=\"-1\" aria-label=\"Rezerv\u00e1cia\">\n\t\t\t\t<svg aria-hidden=\"true\" class=\"e-font-icon-svg e-fas-envelope\" viewBox=\"0 0 512 512\" xmlns=\"http:\/\/www.w3.org\/2000\/svg\"><path d=\"M502.3 190.8c3.9-3.1 9.7-.2 9.7 4.7V400c0 26.5-21.5 48-48 48H48c-26.5 0-48-21.5-48-48V195.6c0-5 5.7-7.8 9.7-4.7 22.4 17.4 52.1 39.5 154.1 113.6 21.1 15.4 56.7 47.8 92.2 47.6 35.7.3 72-32.8 92.3-47.6 102-74.1 131.6-96.3 154-113.7zM256 320c23.2.4 56.6-29.2 73.4-41.4 132.7-96.3 142.8-104.7 173.4-128.7 5.8-4.5 9.2-11.5 9.2-18.9v-19c0-26.5-21.5-48-48-48H48C21.5 64 0 85.5 0 112v19c0 7.4 3.4 14.3 9.2 18.9 30.6 23.9 40.7 32.4 173.4 128.7 16.8 12.2 50.2 41.8 73.4 41.4z\"><\/path><\/svg>\t\t\t\t<\/a>\n\t\t\t<\/div>\n\t\t\t\n\t\t\t\t\t\t<div class=\"elementor-icon-box-content\">\n\n\t\t\t\t\t\t\t\t\t<h3 class=\"elementor-icon-box-title\">\n\t\t\t\t\t\t<a href=\"https:\/\/www.hotelgalanta.sk\/new\/rezervacia\/\" target=\"_blank\" >\n\t\t\t\t\t\t\tRezerv\u00e1cia\t\t\t\t\t\t<\/a>\n\t\t\t\t\t<\/h3>\n\t\t\t\t\n\t\t\t\t\t\t\t\t\t<p class=\"elementor-icon-box-description\">\n\t\t\t\t\t\t\n\n\t\t\t\t\t<\/p>\n\t\t\t\t\n\t\t\t<\/div>\n\t\t\t\n\t\t<\/div>\n\t\t\t\t\t\t<\/div>\n\t\t\t\t<\/div>\n\t\t\t\t<div class=\"elementor-element elementor-element-fd1d389 elementor-view-stacked elementor-shape-circle elementor-position-top elementor-mobile-position-top elementor-widget elementor-widget-icon-box\" data-id=\"fd1d389\" data-element_type=\"widget\" data-widget_type=\"icon-box.default\">\n\t\t\t\t<div class=\"elementor-widget-container\">\n\t\t\t\t\t\t\t<div class=\"elementor-icon-box-wrapper\">\n\n\t\t\t\t\t\t<div class=\"elementor-icon-box-icon\">\n\t\t\t\t<a href=\"tel:+421904555205\" target=\"_blank\" class=\"elementor-icon elementor-animation-grow-rotate\" tabindex=\"-1\" aria-label=\"+421904555205\">\n\t\t\t\t<svg aria-hidden=\"true\" class=\"e-font-icon-svg e-fas-phone-alt\" viewBox=\"0 0 512 512\" xmlns=\"http:\/\/www.w3.org\/2000\/svg\"><path d=\"M497.39 361.8l-112-48a24 24 0 0 0-28 6.9l-49.6 60.6A370.66 370.66 0 0 1 130.6 204.11l60.6-49.6a23.94 23.94 0 0 0 6.9-28l-48-112A24.16 24.16 0 0 0 122.6.61l-104 24A24 24 0 0 0 0 48c0 256.5 207.9 464 464 464a24 24 0 0 0 23.4-18.6l24-104a24.29 24.29 0 0 0-14.01-27.6z\"><\/path><\/svg>\t\t\t\t<\/a>\n\t\t\t<\/div>\n\t\t\t\n\t\t\t\t\t\t<div class=\"elementor-icon-box-content\">\n\n\t\t\t\t\t\t\t\t\t<h3 class=\"elementor-icon-box-title\">\n\t\t\t\t\t\t<a href=\"tel:+421904555205\" target=\"_blank\" >\n\t\t\t\t\t\t\t+421904555205\t\t\t\t\t\t<\/a>\n\t\t\t\t\t<\/h3>\n\t\t\t\t\n\t\t\t\t\t\t\t\t\t<p class=\"elementor-icon-box-description\">\n\t\t\t\t\t\t\n\n\t\t\t\t\t<\/p>\n\t\t\t\t\n\t\t\t<\/div>\n\t\t\t\n\t\t<\/div>\n\t\t\t\t\t\t<\/div>\n\t\t\t\t<\/div>\n\t\t\t\t<\/div>\n\t\t\t\t<\/div>\n\t\t\t\t<\/div>\n\t\t\t\t\t<\/div>\n\t\t\t\t<\/div>\n\t\t\t\t\t<\/div>\n\t\t\t\t<\/div>\n\t\t<div class=\"elementor-element elementor-element-7151bb0 e-flex e-con-boxed e-con e-parent\" data-id=\"7151bb0\" data-element_type=\"container\" data-settings=\"{&quot;background_background&quot;:&quot;classic&quot;}\">\n\t\t\t\t\t<div class=\"e-con-inner\">\n\t\t\t\t<div class=\"elementor-element elementor-element-d7efa6d elementor-widget elementor-widget-heading\" data-id=\"d7efa6d\" data-element_type=\"widget\" data-widget_type=\"heading.default\">\n\t\t\t\t<div class=\"elementor-widget-container\">\n\t\t\t\t\t<h2 class=\"elementor-heading-title elementor-size-default\"><b class=\"my-brown\">GAL\u00c9RIA<\/b><\/h2>\t\t\t\t<\/div>\n\t\t\t\t<\/div>\n\t\t\t\t<div class=\"elementor-element elementor-element-05421d4 my-gallery gallery-spacing-custom elementor-widget elementor-widget-image-gallery\" data-id=\"05421d4\" data-element_type=\"widget\" data-widget_type=\"image-gallery.default\">\n\t\t\t\t<div class=\"elementor-widget-container\">\n\t\t\t\t\t\t\t<div class=\"elementor-image-gallery\">\n\t\t\t<div id='gallery-1' class='gallery galleryid-102 gallery-columns-5 gallery-size-large'><figure class='gallery-item'>\n\t\t\t<div class='gallery-icon landscape'>\n\t\t\t\t<a data-elementor-open-lightbox=\"yes\" data-elementor-lightbox-slideshow=\"05421d4\" data-elementor-lightbox-title=\"1\" data-e-action-hash=\"#elementor-action%3Aaction%3Dlightbox%26settings%3DeyJpZCI6NTcwOCwidXJsIjoiaHR0cHM6XC9cL2hvdGVsZ2FsYW50YS5za1wvbmV3XC93cC1jb250ZW50XC91cGxvYWRzXC8yMDI1XC8wMlwvMS0xMi5qcGciLCJzbGlkZXNob3ciOiIwNTQyMWQ0In0%3D\" href='https:\/\/hotelgalanta.sk\/new\/wp-content\/uploads\/2025\/02\/1-12.jpg'><img fetchpriority=\"high\" decoding=\"async\" width=\"700\" height=\"467\" src=\"https:\/\/hotelgalanta.sk\/new\/wp-content\/uploads\/2025\/02\/1-12.jpg\" class=\"attachment-large size-large\" alt=\"\" srcset=\"https:\/\/hotelgalanta.sk\/new\/wp-content\/uploads\/2025\/02\/1-12.jpg 700w, https:\/\/hotelgalanta.sk\/new\/wp-content\/uploads\/2025\/02\/1-12-300x200.jpg 300w, https:\/\/hotelgalanta.sk\/new\/wp-content\/uploads\/2025\/02\/1-12-600x400.jpg 600w\" sizes=\"(max-width: 700px) 100vw, 700px\" \/><\/a>\n\t\t\t<\/div><\/figure><figure class='gallery-item'>\n\t\t\t<div class='gallery-icon landscape'>\n\t\t\t\t<a data-elementor-open-lightbox=\"yes\" data-elementor-lightbox-slideshow=\"05421d4\" data-elementor-lightbox-title=\"2\" data-e-action-hash=\"#elementor-action%3Aaction%3Dlightbox%26settings%3DeyJpZCI6NTcwOSwidXJsIjoiaHR0cHM6XC9cL2hvdGVsZ2FsYW50YS5za1wvbmV3XC93cC1jb250ZW50XC91cGxvYWRzXC8yMDI1XC8wMlwvMi0xMC5qcGciLCJzbGlkZXNob3ciOiIwNTQyMWQ0In0%3D\" href='https:\/\/hotelgalanta.sk\/new\/wp-content\/uploads\/2025\/02\/2-10.jpg'><img decoding=\"async\" width=\"900\" height=\"900\" src=\"https:\/\/hotelgalanta.sk\/new\/wp-content\/uploads\/2025\/02\/2-10.jpg\" class=\"attachment-large size-large\" alt=\"\" srcset=\"https:\/\/hotelgalanta.sk\/new\/wp-content\/uploads\/2025\/02\/2-10.jpg 900w, https:\/\/hotelgalanta.sk\/new\/wp-content\/uploads\/2025\/02\/2-10-300x300.jpg 300w, https:\/\/hotelgalanta.sk\/new\/wp-content\/uploads\/2025\/02\/2-10-150x150.jpg 150w, https:\/\/hotelgalanta.sk\/new\/wp-content\/uploads\/2025\/02\/2-10-768x768.jpg 768w, https:\/\/hotelgalanta.sk\/new\/wp-content\/uploads\/2025\/02\/2-10-600x600.jpg 600w, https:\/\/hotelgalanta.sk\/new\/wp-content\/uploads\/2025\/02\/2-10-100x100.jpg 100w\" sizes=\"(max-width: 900px) 100vw, 900px\" \/><\/a>\n\t\t\t<\/div><\/figure><figure class='gallery-item'>\n\t\t\t<div class='gallery-icon landscape'>\n\t\t\t\t<a data-elementor-open-lightbox=\"yes\" data-elementor-lightbox-slideshow=\"05421d4\" data-elementor-lightbox-title=\"3\" data-e-action-hash=\"#elementor-action%3Aaction%3Dlightbox%26settings%3DeyJpZCI6NTcxMCwidXJsIjoiaHR0cHM6XC9cL2hvdGVsZ2FsYW50YS5za1wvbmV3XC93cC1jb250ZW50XC91cGxvYWRzXC8yMDI1XC8wMlwvMy0xMi5qcGciLCJzbGlkZXNob3ciOiIwNTQyMWQ0In0%3D\" href='https:\/\/hotelgalanta.sk\/new\/wp-content\/uploads\/2025\/02\/3-12.jpg'><img decoding=\"async\" width=\"275\" height=\"183\" src=\"https:\/\/hotelgalanta.sk\/new\/wp-content\/uploads\/2025\/02\/3-12.jpg\" class=\"attachment-large size-large\" alt=\"\" \/><\/a>\n\t\t\t<\/div><\/figure><figure class='gallery-item'>\n\t\t\t<div class='gallery-icon landscape'>\n\t\t\t\t<a data-elementor-open-lightbox=\"yes\" data-elementor-lightbox-slideshow=\"05421d4\" data-elementor-lightbox-title=\"4\" data-e-action-hash=\"#elementor-action%3Aaction%3Dlightbox%26settings%3DeyJpZCI6NTcxMSwidXJsIjoiaHR0cHM6XC9cL2hvdGVsZ2FsYW50YS5za1wvbmV3XC93cC1jb250ZW50XC91cGxvYWRzXC8yMDI1XC8wMlwvNC0xMi5qcGciLCJzbGlkZXNob3ciOiIwNTQyMWQ0In0%3D\" href='https:\/\/hotelgalanta.sk\/new\/wp-content\/uploads\/2025\/02\/4-12.jpg'><img loading=\"lazy\" decoding=\"async\" width=\"960\" height=\"720\" src=\"https:\/\/hotelgalanta.sk\/new\/wp-content\/uploads\/2025\/02\/4-12.jpg\" class=\"attachment-large size-large\" alt=\"\" srcset=\"https:\/\/hotelgalanta.sk\/new\/wp-content\/uploads\/2025\/02\/4-12.jpg 960w, https:\/\/hotelgalanta.sk\/new\/wp-content\/uploads\/2025\/02\/4-12-300x225.jpg 300w, https:\/\/hotelgalanta.sk\/new\/wp-content\/uploads\/2025\/02\/4-12-768x576.jpg 768w, https:\/\/hotelgalanta.sk\/new\/wp-content\/uploads\/2025\/02\/4-12-600x450.jpg 600w\" sizes=\"(max-width: 960px) 100vw, 960px\" \/><\/a>\n\t\t\t<\/div><\/figure><figure class='gallery-item'>\n\t\t\t<div class='gallery-icon landscape'>\n\t\t\t\t<a data-elementor-open-lightbox=\"yes\" data-elementor-lightbox-slideshow=\"05421d4\" data-elementor-lightbox-title=\"5\" data-e-action-hash=\"#elementor-action%3Aaction%3Dlightbox%26settings%3DeyJpZCI6NTcxMiwidXJsIjoiaHR0cHM6XC9cL2hvdGVsZ2FsYW50YS5za1wvbmV3XC93cC1jb250ZW50XC91cGxvYWRzXC8yMDI1XC8wMlwvNS03LmpwZyIsInNsaWRlc2hvdyI6IjA1NDIxZDQifQ%3D%3D\" href='https:\/\/hotelgalanta.sk\/new\/wp-content\/uploads\/2025\/02\/5-7.jpg'><img loading=\"lazy\" decoding=\"async\" width=\"225\" height=\"225\" src=\"https:\/\/hotelgalanta.sk\/new\/wp-content\/uploads\/2025\/02\/5-7.jpg\" class=\"attachment-large size-large\" alt=\"\" srcset=\"https:\/\/hotelgalanta.sk\/new\/wp-content\/uploads\/2025\/02\/5-7.jpg 225w, https:\/\/hotelgalanta.sk\/new\/wp-content\/uploads\/2025\/02\/5-7-150x150.jpg 150w, https:\/\/hotelgalanta.sk\/new\/wp-content\/uploads\/2025\/02\/5-7-100x100.jpg 100w\" sizes=\"(max-width: 225px) 100vw, 225px\" \/><\/a>\n\t\t\t<\/div><\/figure>\n\t\t<\/div>\n\t\t<\/div>\n\t\t\t\t\t\t<\/div>\n\t\t\t\t<\/div>\n\t\t\t\t\t<\/div>\n\t\t\t\t<\/div>\n\t\t\t\t<\/div>\n\t\t","protected":false},"excerpt":{"rendered":"<p>N\u00e1\u0161 DAR\u010cEK Radi by sme neveste a \u017een\u00edchovi v ich svadobn\u00fd de\u0148 pon\u00fakli \u0161peci\u00e1lny dar\u010dek \u2013 bezplatn\u00fa noc ako VIP hos\u0165om v na\u0161om apartm\u00e1ne s terasou vhodnom na medov\u00e9 t\u00fd\u017edne, s romantick\u00fdmi dekor\u00e1ciami a f\u013ea\u0161ou \u0161ampansk\u00e9ho zadarmo. \u010eakujeme v\u00e1m za va\u0161u prejaven\u00fa d\u00f4veru a t\u00fdmto sa chceme ubezpe\u010di\u0165, \u017ee v\u00e1\u0161 z\u00e1\u017eitok bude nezabudnute\u013en\u00fd. N\u00e1\u0161 luxusn\u00fd [&hellip;]<\/p>\n","protected":false},"author":1,"featured_media":0,"parent":67,"menu_order":0,"comment_status":"closed","ping_status":"closed","template":"elementor_header_footer","meta":{"ngg_post_thumbnail":0,"footnotes":""},"class_list":["post-102","page","type-page","status-publish","hentry"],"aioseo_notices":[],"_links":{"self":[{"href":"https:\/\/hotelgalanta.sk\/new\/wp-json\/wp\/v2\/pages\/102","targetHints":{"allow":["GET"]}}],"collection":[{"href":"https:\/\/hotelgalanta.sk\/new\/wp-json\/wp\/v2\/pages"}],"about":[{"href":"https:\/\/hotelgalanta.sk\/new\/wp-json\/wp\/v2\/types\/page"}],"author":[{"embeddable":true,"href":"https:\/\/hotelgalanta.sk\/new\/wp-json\/wp\/v2\/users\/1"}],"replies":[{"embeddable":true,"href":"https:\/\/hotelgalanta.sk\/new\/wp-json\/wp\/v2\/comments?post=102"}],"version-history":[{"count":26,"href":"https:\/\/hotelgalanta.sk\/new\/wp-json\/wp\/v2\/pages\/102\/revisions"}],"predecessor-version":[{"id":6088,"href":"https:\/\/hotelgalanta.sk\/new\/wp-json\/wp\/v2\/pages\/102\/revisions\/6088"}],"up":[{"embeddable":true,"href":"https:\/\/hotelgalanta.sk\/new\/wp-json\/wp\/v2\/pages\/67"}],"wp:attachment":[{"href":"https:\/\/hotelgalanta.sk\/new\/wp-json\/wp\/v2\/media?parent=102"}],"curies":[{"name":"wp","href":"https:\/\/api.w.org\/{rel}","templated":true}]}}