{"id":165,"date":"2015-01-22T06:01:51","date_gmt":"2015-01-22T06:01:51","guid":{"rendered":"https:\/\/www.hotelgalanta.sk\/?page_id=165"},"modified":"2026-01-06T20:56:45","modified_gmt":"2026-01-06T20:56:45","slug":"poloha","status":"publish","type":"page","link":"https:\/\/hotelgalanta.sk\/new\/kontakt\/poloha\/","title":{"rendered":"Kontakt &#8211; kde n\u00e1s n\u00e1jdete"},"content":{"rendered":"\t\t<div data-elementor-type=\"wp-page\" data-elementor-id=\"165\" class=\"elementor elementor-165\">\n\t\t\t\t<div class=\"elementor-element elementor-element-63590e0 e-flex e-con-boxed e-con e-parent\" data-id=\"63590e0\" data-element_type=\"container\" data-settings=\"{&quot;background_background&quot;:&quot;classic&quot;}\">\n\t\t\t\t\t<div class=\"e-con-inner\">\n\t\t\t\t<div class=\"elementor-element elementor-element-3b35fa5 elementor-widget elementor-widget-heading\" data-id=\"3b35fa5\" data-element_type=\"widget\" data-widget_type=\"heading.default\">\n\t\t\t\t<div class=\"elementor-widget-container\">\n\t\t\t\t\t<h2 class=\"elementor-heading-title elementor-size-default\">Kontakt <b class=\"my-brown\">KDE N\u00c1S N\u00c1JDETE<\/b><\/h2>\t\t\t\t<\/div>\n\t\t\t\t<\/div>\n\t\t<div class=\"elementor-element elementor-element-161e229 e-grid e-con-full e-con e-child\" data-id=\"161e229\" data-element_type=\"container\">\n\t\t<div class=\"elementor-element elementor-element-aad5f50 e-con-full e-flex e-con e-child\" data-id=\"aad5f50\" data-element_type=\"container\">\n\t\t\t\t<div class=\"elementor-element elementor-element-dd54635 elementor-widget elementor-widget-text-editor\" data-id=\"dd54635\" data-element_type=\"widget\" data-widget_type=\"text-editor.default\">\n\t\t\t\t<div class=\"elementor-widget-container\">\n\t\t\t\t\t\t\t\t\t<p><strong>Hotel Galanta s.r.o.<\/strong><br \/>Orechov\u00e1 2626\/1<br \/>924 01 Galanta<br \/>I\u010cO: 3661 4009<br \/>I\u010c DPH: SK2022205768<br \/>DI\u010c: 2022205768<\/p><p>OR Okr. S\u00fadu Trnava, oddiel Sro. Vlo\u017eka \u010d. 18698\/T<\/p>\t\t\t\t\t\t\t\t<\/div>\n\t\t\t\t<\/div>\n\t\t\t\t<div class=\"elementor-element elementor-element-bc9dd07 elementor-widget elementor-widget-image\" data-id=\"bc9dd07\" data-element_type=\"widget\" data-widget_type=\"image.default\">\n\t\t\t\t<div class=\"elementor-widget-container\">\n\t\t\t\t\t\t\t\t\t\t\t\t\t\t\t<img fetchpriority=\"high\" decoding=\"async\" width=\"1024\" height=\"768\" src=\"https:\/\/hotelgalanta.sk\/new\/wp-content\/uploads\/2025\/02\/8-5-1024x768.jpg\" class=\"attachment-large size-large wp-image-5318\" alt=\"\" srcset=\"https:\/\/hotelgalanta.sk\/new\/wp-content\/uploads\/2025\/02\/8-5-1024x768.jpg 1024w, https:\/\/hotelgalanta.sk\/new\/wp-content\/uploads\/2025\/02\/8-5-300x225.jpg 300w, https:\/\/hotelgalanta.sk\/new\/wp-content\/uploads\/2025\/02\/8-5-768x576.jpg 768w, https:\/\/hotelgalanta.sk\/new\/wp-content\/uploads\/2025\/02\/8-5-600x450.jpg 600w, https:\/\/hotelgalanta.sk\/new\/wp-content\/uploads\/2025\/02\/8-5.jpg 1200w\" sizes=\"(max-width: 1024px) 100vw, 1024px\" \/>\t\t\t\t\t\t\t\t\t\t\t\t\t\t\t<\/div>\n\t\t\t\t<\/div>\n\t\t\t\t<\/div>\n\t\t<div class=\"elementor-element elementor-element-75a6110 e-con-full e-flex e-con e-child\" data-id=\"75a6110\" data-element_type=\"container\">\n\t\t\t\t<div class=\"elementor-element elementor-element-f97cdbb elementor-widget elementor-widget-text-editor\" data-id=\"f97cdbb\" data-element_type=\"widget\" data-widget_type=\"text-editor.default\">\n\t\t\t\t<div class=\"elementor-widget-container\">\n\t\t\t\t\t\t\t\t\t<p><strong>Otv\u00e1raciu doba:<\/strong><br \/><strong>Ubytovanie \u2013 Non Stop<br \/>Check in od 15:00 hod.<br \/><\/strong><br \/><strong>Re\u0161taur\u00e1cia<\/strong><br \/>PO.-\u0160T. Od 07:00 do 21:30 (07:00-10:00 ra\u0148ajky)<br \/>PI. Od 07:00 do 22:00 (07:00-10-00 ra\u0148ajky)<br \/>SO.-NE. Od 08:00 do 22:00 (08:00 \u2013 10:30 ra\u0148ajky)<br \/>Bar otvoren\u00fd ka\u017ed\u00fd de\u0148 od 9:00 <br \/>Rozvoz m\u00e1me len v \u010dase pondelok \u2013 piatok od 10:00 hod \u2013 14:00 hod.<\/p><p><strong>Telef\u00f3n ubytovanie:<\/strong><br \/>+421 904 555 205<\/p><p><strong>Telef\u00f3n Re\u0161taur\u00e1cia \u2013 don\u00e1\u0161ka:<\/strong><br \/>+421 904 555 205<br \/>E-mail: <a href=\"mailto:hotelgalanta@hotelgalanta.sk\">hotelgalanta@hotelgalanta.sk<\/a><\/p><p><strong>Telef\u00f3n:<\/strong><br \/>Re\u0161taur\u00e1cia \u2013 Svadby \u2013 Rodinn\u00e9 oslavy<br \/>\u0160kolenia \u2013 Konferencie +421 904 555 205<br \/>E-mail: hotelgalanta@hotelgalanta.sk<\/p><p><strong>Telef\u00f3n:<\/strong><br \/>Reklam\u00e1cie: +421 904 555 205<br \/>E-mail: hotelgalanta@hotelgalanta.sk<br \/>Fax: +4212 3320 4620<\/p>\t\t\t\t\t\t\t\t<\/div>\n\t\t\t\t<\/div>\n\t\t\t\t<\/div>\n\t\t\t\t<\/div>\n\t\t\t\t\t<\/div>\n\t\t\t\t<\/div>\n\t\t<div class=\"elementor-element elementor-element-ec9f97a e-flex e-con-boxed e-con e-parent\" data-id=\"ec9f97a\" data-element_type=\"container\" data-settings=\"{&quot;background_background&quot;:&quot;classic&quot;}\">\n\t\t\t\t\t<div class=\"e-con-inner\">\n\t\t\t\t<div class=\"elementor-element elementor-element-e4145d1 elementor-widget elementor-widget-heading\" data-id=\"e4145d1\" data-element_type=\"widget\" data-widget_type=\"heading.default\">\n\t\t\t\t<div class=\"elementor-widget-container\">\n\t\t\t\t\t<h3 class=\"elementor-heading-title elementor-size-default\"><b class=\"my-brown\">POLOHA<\/b><\/h3>\t\t\t\t<\/div>\n\t\t\t\t<\/div>\n\t\t\t\t\t<\/div>\n\t\t\t\t<\/div>\n\t\t<div class=\"elementor-element elementor-element-3d7bc7d e-flex e-con-boxed e-con e-parent\" data-id=\"3d7bc7d\" data-element_type=\"container\">\n\t\t\t\t\t<div class=\"e-con-inner\">\n\t\t\t\t<div class=\"elementor-element elementor-element-94ce301 elementor-widget elementor-widget-google_maps\" data-id=\"94ce301\" data-element_type=\"widget\" data-widget_type=\"google_maps.default\">\n\t\t\t\t<div class=\"elementor-widget-container\">\n\t\t\t\t\t\t\t<div class=\"elementor-custom-embed\">\n\t\t\t<iframe loading=\"lazy\"\n\t\t\t\t\tsrc=\"https:\/\/maps.google.com\/maps?q=Hotel%20Galanta&#038;t=m&#038;z=13&#038;output=embed&#038;iwloc=near\"\n\t\t\t\t\ttitle=\"Hotel Galanta\"\n\t\t\t\t\taria-label=\"Hotel Galanta\"\n\t\t\t><\/iframe>\n\t\t<\/div>\n\t\t\t\t\t\t<\/div>\n\t\t\t\t<\/div>\n\t\t\t\t<div class=\"elementor-element elementor-element-93ca467 elementor-widget elementor-widget-text-editor\" data-id=\"93ca467\" data-element_type=\"widget\" data-widget_type=\"text-editor.default\">\n\t\t\t\t<div class=\"elementor-widget-container\">\n\t\t\t\t\t\t\t\t\t<p>GPS 48\u00b0 12&#8242; 1&#8243; N 17\u00b0 45&#8243; 33&#8242; E<br \/>Nitra aj Trnava s\u00fa pribli\u017ene 20 km od n\u00e1\u0161ho hotela, \u010do n\u00e1s rob\u00ed ide\u00e1lnou vo\u013ebou pre obchodn\u00fdch cestuj\u00facich i turistov, ktor\u00ed h\u013eadaj\u00fa luxusn\u00e9, cenovo dostupn\u00e9 ubytovanie v priemyselnej oblasti krajiny.<\/p>\t\t\t\t\t\t\t\t<\/div>\n\t\t\t\t<\/div>\n\t\t\t\t\t<\/div>\n\t\t\t\t<\/div>\n\t\t\t\t<\/div>\n\t\t","protected":false},"excerpt":{"rendered":"<p>Kontakt KDE N\u00c1S N\u00c1JDETE Hotel Galanta s.r.o.Orechov\u00e1 2626\/1924 01 GalantaI\u010cO: 3661 4009I\u010c DPH: SK2022205768DI\u010c: 2022205768 OR Okr. S\u00fadu Trnava, oddiel Sro. Vlo\u017eka \u010d. 18698\/T Otv\u00e1raciu doba:Ubytovanie \u2013 Non StopCheck in od 15:00 hod.Re\u0161taur\u00e1ciaPO.-\u0160T. Od 07:00 do 21:30 (07:00-10:00 ra\u0148ajky)PI. Od 07:00 do 22:00 (07:00-10-00 ra\u0148ajky)SO.-NE. Od 08:00 do 22:00 (08:00 \u2013 10:30 ra\u0148ajky)Bar otvoren\u00fd ka\u017ed\u00fd [&hellip;]<\/p>\n","protected":false},"author":1,"featured_media":0,"parent":33,"menu_order":0,"comment_status":"closed","ping_status":"closed","template":"elementor_header_footer","meta":{"ngg_post_thumbnail":0,"footnotes":""},"class_list":["post-165","page","type-page","status-publish","hentry"],"aioseo_notices":[],"_links":{"self":[{"href":"https:\/\/hotelgalanta.sk\/new\/wp-json\/wp\/v2\/pages\/165","targetHints":{"allow":["GET"]}}],"collection":[{"href":"https:\/\/hotelgalanta.sk\/new\/wp-json\/wp\/v2\/pages"}],"about":[{"href":"https:\/\/hotelgalanta.sk\/new\/wp-json\/wp\/v2\/types\/page"}],"author":[{"embeddable":true,"href":"https:\/\/hotelgalanta.sk\/new\/wp-json\/wp\/v2\/users\/1"}],"replies":[{"embeddable":true,"href":"https:\/\/hotelgalanta.sk\/new\/wp-json\/wp\/v2\/comments?post=165"}],"version-history":[{"count":20,"href":"https:\/\/hotelgalanta.sk\/new\/wp-json\/wp\/v2\/pages\/165\/revisions"}],"predecessor-version":[{"id":6424,"href":"https:\/\/hotelgalanta.sk\/new\/wp-json\/wp\/v2\/pages\/165\/revisions\/6424"}],"up":[{"embeddable":true,"href":"https:\/\/hotelgalanta.sk\/new\/wp-json\/wp\/v2\/pages\/33"}],"wp:attachment":[{"href":"https:\/\/hotelgalanta.sk\/new\/wp-json\/wp\/v2\/media?parent=165"}],"curies":[{"name":"wp","href":"https:\/\/api.w.org\/{rel}","templated":true}]}}