{"id":168,"date":"2015-01-22T06:02:02","date_gmt":"2015-01-22T06:02:02","guid":{"rendered":"https:\/\/www.hotelgalanta.sk\/?page_id=168"},"modified":"2025-02-18T13:51:30","modified_gmt":"2025-02-18T13:51:30","slug":"rezervacia","status":"publish","type":"page","link":"https:\/\/hotelgalanta.sk\/new\/rezervacia\/","title":{"rendered":"Rezerv\u00e1cia"},"content":{"rendered":"\t\t<div data-elementor-type=\"wp-page\" data-elementor-id=\"168\" class=\"elementor elementor-168\">\n\t\t\t\t<div class=\"elementor-element elementor-element-0235b6c e-flex e-con-boxed e-con e-parent\" data-id=\"0235b6c\" data-element_type=\"container\" data-settings=\"{&quot;background_background&quot;:&quot;classic&quot;}\">\n\t\t\t\t\t<div class=\"e-con-inner\">\n\t\t<div class=\"elementor-element elementor-element-33f5ea8 e-con-full e-flex e-con e-child\" data-id=\"33f5ea8\" data-element_type=\"container\" data-settings=\"{&quot;background_background&quot;:&quot;classic&quot;}\">\n\t\t\t\t<div class=\"elementor-element elementor-element-c64ccde elementor-widget elementor-widget-heading\" data-id=\"c64ccde\" data-element_type=\"widget\" data-widget_type=\"heading.default\">\n\t\t\t\t<div class=\"elementor-widget-container\">\n\t\t\t\t\t<h2 class=\"elementor-heading-title elementor-size-default\">Rezerv\u00e1cia<\/h2>\t\t\t\t<\/div>\n\t\t\t\t<\/div>\n\t\t\t\t<div class=\"elementor-element elementor-element-e649962 eael-contact-form-7-button-align-center eael-contact-form-7-button-custom elementor-widget elementor-widget-eael-contact-form-7\" data-id=\"e649962\" data-element_type=\"widget\" data-widget_type=\"eael-contact-form-7.default\">\n\t\t\t\t<div class=\"elementor-widget-container\">\n\t\t\t\t\t<div class=\"eael-contact-form-7-wrapper\">\n                <div class=\"eael-contact-form eael-contact-form-7 eael-contact-form-e649962 eael-custom-radio-checkbox eael-contact-form-align-default\">\n<div class=\"wpcf7 no-js\" id=\"wpcf7-f5078-o1\" lang=\"sk-SK\" dir=\"ltr\" data-wpcf7-id=\"5078\">\n<div class=\"screen-reader-response\"><p role=\"status\" aria-live=\"polite\" aria-atomic=\"true\"><\/p> <ul><\/ul><\/div>\n<form action=\"\/new\/wp-json\/wp\/v2\/pages\/168#wpcf7-f5078-o1\" method=\"post\" class=\"wpcf7-form init\" aria-label=\"Kontaktn\u00fd formul\u00e1r\" novalidate=\"novalidate\" data-status=\"init\">\n<div style=\"display: none;\">\n<input type=\"hidden\" name=\"_wpcf7\" value=\"5078\" \/>\n<input type=\"hidden\" name=\"_wpcf7_version\" value=\"6.0.6\" \/>\n<input type=\"hidden\" name=\"_wpcf7_locale\" value=\"sk_SK\" \/>\n<input type=\"hidden\" name=\"_wpcf7_unit_tag\" value=\"wpcf7-f5078-o1\" \/>\n<input type=\"hidden\" name=\"_wpcf7_container_post\" value=\"0\" \/>\n<input type=\"hidden\" name=\"_wpcf7_posted_data_hash\" value=\"\" \/>\n<input type=\"hidden\" name=\"_wpcf7dtx_version\" value=\"5.0.3\" \/>\n<input type=\"hidden\" name=\"_wpcf7_recaptcha_response\" value=\"\" \/>\n<\/div>\n<div class=\"my-form-style\">\n<span class=\"wpcf7-form-control-wrap CF7_counter\" data-name=\"CF7_counter\"><input type=\"hidden\" name=\"CF7_counter\" class=\"wpcf7-form-control wpcf7-hidden wpcf7dtx wpcf7dtx-hidden\" aria-invalid=\"false\" value=\"CF7_counter\"><\/span>\n\t<div class=\"formreze\">\n\t\t<p><label class=\"my-form-label\">Va\u0161e meno (povinn\u00e9)<br \/>\n<span class=\"wpcf7-form-control-wrap\" data-name=\"your-name\"><input size=\"40\" maxlength=\"400\" class=\"wpcf7-form-control wpcf7-text wpcf7-validates-as-required\" aria-required=\"true\" aria-invalid=\"false\" value=\"\" type=\"text\" name=\"your-name\" \/><\/span> <\/label>\n\t\t<\/p>\n\t\t<p><label class=\"my-form-label\">Adresa<br \/>\n<span class=\"wpcf7-form-control-wrap\" data-name=\"adresa\"><input size=\"40\" maxlength=\"400\" class=\"wpcf7-form-control wpcf7-text\" aria-invalid=\"false\" value=\"\" type=\"text\" name=\"adresa\" \/><\/span> <\/label>\n\t\t<\/p>\n\t\t<p><label class=\"my-form-label\">Mesto<br \/>\n<span class=\"wpcf7-form-control-wrap\" data-name=\"mesto\"><input size=\"40\" maxlength=\"400\" class=\"wpcf7-form-control wpcf7-text\" aria-invalid=\"false\" value=\"\" type=\"text\" name=\"mesto\" \/><\/span> <\/label>\n\t\t<\/p>\n\t\t<p><label class=\"my-form-label\">PS\u010c<br \/>\n<span class=\"wpcf7-form-control-wrap\" data-name=\"psc\"><input size=\"40\" maxlength=\"400\" class=\"wpcf7-form-control wpcf7-text\" aria-invalid=\"false\" value=\"\" type=\"text\" name=\"psc\" \/><\/span> <\/label>\n\t\t<\/p>\n\t\t<p><label class=\"my-form-label\">Term\u00edn od (povinn\u00e9)<br \/>\n<span class=\"wpcf7-form-control-wrap\" data-name=\"terminod\"><input class=\"wpcf7-form-control wpcf7-date wpcf7-validates-as-date my-form-date\" min=\"2026-04-25\" aria-invalid=\"false\" value=\"\" type=\"date\" name=\"terminod\" \/><\/span> <\/label>\n\t\t<\/p>\n\t\t<p><label class=\"my-form-label\">Term\u00edn do (povinn\u00e9)<br \/>\n<span class=\"wpcf7-form-control-wrap\" data-name=\"termindo\"><input class=\"wpcf7-form-control wpcf7-date wpcf7-validates-as-date my-form-date\" min=\"2026-04-25\" aria-invalid=\"false\" value=\"\" type=\"date\" name=\"termindo\" \/><\/span> <\/label>\n\t\t<\/p>\n\t\t<p><label class=\"my-form-label\">Typ izby<br \/>\n<span class=\"wpcf7-form-control-wrap\" data-name=\"pobyt\"><select class=\"wpcf7-form-control wpcf7-select my-form-select\" aria-invalid=\"false\" name=\"pobyt\"><option value=\"\">&#8212;Zvo\u013ete pros\u00edm mo\u017enos\u0165&#8212;<\/option><option value=\"Jednol\u00f4\u017ekov\u00e1 65\u20ac \/noc\">Jednol\u00f4\u017ekov\u00e1 65\u20ac \/noc<\/option><option value=\"Dvojl\u00f4\u017ekov\u00e1 pre 1 osobu 73\u20ac \/noc\">Dvojl\u00f4\u017ekov\u00e1 pre 1 osobu 73\u20ac \/noc<\/option><option value=\"Dvojl\u00f4\u017ekov\u00e1 87\u20ac \/noc\">Dvojl\u00f4\u017ekov\u00e1 87\u20ac \/noc<\/option><option value=\"Apartm\u00e1n pre 1  103\u20ac \/noc\">Apartm\u00e1n pre 1  103\u20ac \/noc<\/option><option value=\"Apartm\u00e1n pre 2  112\u20ac \/noc\">Apartm\u00e1n pre 2  112\u20ac \/noc<\/option><option value=\"Apartm\u00e1n pre 3  125\u20ac \/noc\">Apartm\u00e1n pre 3  125\u20ac \/noc<\/option><option value=\"Apartm\u00e1n pre 4 141\u20ac \/noc\">Apartm\u00e1n pre 4 141\u20ac \/noc<\/option><\/select><\/span><\/label>\n\t\t<\/p>\n\t\t<p><label class=\"my-form-label\">Pr\u00edste\u013eka (19\u20ac\/noc)<br \/>\n<span class=\"wpcf7-form-control-wrap\" data-name=\"pristelka\"><select class=\"wpcf7-form-control wpcf7-select my-form-select\" aria-invalid=\"false\" name=\"pristelka\"><option value=\"\">&#8212;Zvo\u013ete pros\u00edm mo\u017enos\u0165&#8212;<\/option><option value=\"\u00e1no\">\u00e1no<\/option><option value=\"nie\">nie<\/option><\/select><\/span><\/label>\n\t\t<\/p>\n\t\t<p><label class=\"my-form-label\">Email (povinn\u00e9)<br \/>\n<span class=\"wpcf7-form-control-wrap\" data-name=\"your-email\"><input size=\"40\" maxlength=\"400\" class=\"wpcf7-form-control wpcf7-email wpcf7-validates-as-required wpcf7-text wpcf7-validates-as-email\" aria-required=\"true\" aria-invalid=\"false\" value=\"\" type=\"email\" name=\"your-email\" \/><\/span> <\/label>\n\t\t<\/p>\n\t\t<p><label class=\"my-form-label\">Krajina<br \/>\n<span class=\"wpcf7-form-control-wrap\" data-name=\"krajina\"><input size=\"40\" maxlength=\"400\" class=\"wpcf7-form-control wpcf7-text\" aria-invalid=\"false\" value=\"\" type=\"text\" name=\"krajina\" \/><\/span> <\/label>\n\t\t<\/p>\n\t\t<p><label class=\"my-form-label\">Telef\u00f3n<br \/>\n<span class=\"wpcf7-form-control-wrap\" data-name=\"telefon\"><input size=\"40\" maxlength=\"400\" class=\"wpcf7-form-control wpcf7-text\" aria-invalid=\"false\" value=\"\" type=\"text\" name=\"telefon\" \/><\/span><\/label>\n\t\t<\/p>\n\t\t<p><label class=\"my-form-label\">Pozn\u00e1mka<br \/>\n<span class=\"wpcf7-form-control-wrap\" data-name=\"your-message\"><textarea cols=\"40\" rows=\"10\" maxlength=\"2000\" class=\"wpcf7-form-control wpcf7-textarea\" aria-invalid=\"false\" name=\"your-message\"><\/textarea><\/span> <\/label>\n\t\t<\/p>\n\t\t<p class=\"my-form-text\">Va\u0161e osobn\u00e9 \u00fadaje bud\u00fa pou\u017eit\u00e9 na spracovanie va\u0161ej rezerv\u00e1cie, zjednodu\u0161enie pou\u017e\u00edvania tejto webovej str\u00e1nke a na in\u00e9 \u00fa\u010dely op\u00edsan\u00e9 v dokumente <a href=\"https:\/\/www.hotelgalanta.sk\/pravidla-ochrany-osobnych-udajov\/\" >\"Pravidl\u00e1 ochrany osobn\u00fdch \u00fadajov\"<\/a>.\n\t\t<\/p>\n\t\t<p class=\"my-form-text\"><span class=\"wpcf7-form-control-wrap\" data-name=\"acceptance-0\"><span class=\"wpcf7-form-control wpcf7-acceptance\"><span class=\"wpcf7-list-item\"><input type=\"checkbox\" name=\"acceptance-0\" value=\"1\" checked=\"checked\" class=\"my-form-acceptance\" aria-invalid=\"false\" \/><\/span><\/span><\/span> S\u00fahlas\u00edm so spracovan\u00edm osobn\u00fdch \u00fadajom v s\u00falade s GDPR a nov\u00e9ho z\u00e1kona \u010d. 18\/2018 Z. z. o ochrane osobn\u00fdch \u00fadajov, v rozsahu meno, priezvisko, adresa, mesto, PS\u010c, e-mailov\u00e1 adresa, telef\u00f3nne \u010d\u00edslo, krajina, term\u00edn pobytu, typ izby(pr\u00edste\u013eka) za \u00fa\u010delom zaslania cenovej ponuky.\n\t\t<\/p>\n\t\n\t\t<p><input class=\"wpcf7-form-control wpcf7-submit has-spinner my-form-submit\" type=\"submit\" value=\"Odo\u0161li\" \/>\n\t\t<\/p>\n\t<\/div>\n<\/div><div class=\"wpcf7-response-output\" aria-hidden=\"true\"><\/div>\n<\/form>\n<\/div>\n<\/div>\n            <\/div>\t\t\t\t<\/div>\n\t\t\t\t<\/div>\n\t\t\t\t<\/div>\n\t\t\t\t\t<\/div>\n\t\t\t\t<\/div>\n\t\t\t\t<\/div>\n\t\t","protected":false},"excerpt":{"rendered":"<p>Rezerv\u00e1cia Va\u0161e meno (povinn\u00e9) Adresa Mesto PS\u010c Term\u00edn od (povinn\u00e9) Term\u00edn do (povinn\u00e9) Typ izby &#8212;Zvo\u013ete pros\u00edm mo\u017enos\u0165&#8212;Jednol\u00f4\u017ekov\u00e1 59\u20ac \/nocDvojl\u00f4\u017ekov\u00e1 pre 1 osobu 67\u20ac \/nocDvojl\u00f4\u017ekov\u00e1 79\u20ac \/nocApartm\u00e1n pre 1 94\u20ac \/nocApartm\u00e1n pre 2 102\u20ac \/nocApartm\u00e1n pre 3 112\u20ac \/nocApartm\u00e1n pre 4 125\u20ac \/noc Pr\u00edste\u013eka (17\u20ac\/noc) &#8212;Zvo\u013ete pros\u00edm mo\u017enos\u0165&#8212;\u00e1nonie Email (povinn\u00e9) Krajina Telef\u00f3n Pozn\u00e1mka Va\u0161e osobn\u00e9 [&hellip;]<\/p>\n","protected":false},"author":1,"featured_media":0,"parent":0,"menu_order":0,"comment_status":"closed","ping_status":"open","template":"elementor_header_footer","meta":{"ngg_post_thumbnail":0,"footnotes":""},"class_list":["post-168","page","type-page","status-publish","hentry"],"aioseo_notices":[],"_links":{"self":[{"href":"https:\/\/hotelgalanta.sk\/new\/wp-json\/wp\/v2\/pages\/168","targetHints":{"allow":["GET"]}}],"collection":[{"href":"https:\/\/hotelgalanta.sk\/new\/wp-json\/wp\/v2\/pages"}],"about":[{"href":"https:\/\/hotelgalanta.sk\/new\/wp-json\/wp\/v2\/types\/page"}],"author":[{"embeddable":true,"href":"https:\/\/hotelgalanta.sk\/new\/wp-json\/wp\/v2\/users\/1"}],"replies":[{"embeddable":true,"href":"https:\/\/hotelgalanta.sk\/new\/wp-json\/wp\/v2\/comments?post=168"}],"version-history":[{"count":25,"href":"https:\/\/hotelgalanta.sk\/new\/wp-json\/wp\/v2\/pages\/168\/revisions"}],"predecessor-version":[{"id":5923,"href":"https:\/\/hotelgalanta.sk\/new\/wp-json\/wp\/v2\/pages\/168\/revisions\/5923"}],"wp:attachment":[{"href":"https:\/\/hotelgalanta.sk\/new\/wp-json\/wp\/v2\/media?parent=168"}],"curies":[{"name":"wp","href":"https:\/\/api.w.org\/{rel}","templated":true}]}}