{"id":174,"date":"2015-01-22T06:02:27","date_gmt":"2015-01-22T06:02:27","guid":{"rendered":"https:\/\/www.hotelgalanta.sk\/?page_id=174"},"modified":"2025-02-18T13:47:14","modified_gmt":"2025-02-18T13:47:14","slug":"poziadavky","status":"publish","type":"page","link":"https:\/\/hotelgalanta.sk\/new\/kontakt\/poziadavky\/","title":{"rendered":"Z\u00e1ujem o ponuku"},"content":{"rendered":"\t\t<div data-elementor-type=\"wp-page\" data-elementor-id=\"174\" class=\"elementor elementor-174\">\n\t\t\t\t<div class=\"elementor-element elementor-element-4eda50d e-flex e-con-boxed e-con e-parent\" data-id=\"4eda50d\" data-element_type=\"container\" data-settings=\"{&quot;background_background&quot;:&quot;classic&quot;}\">\n\t\t\t\t\t<div class=\"e-con-inner\">\n\t\t<div class=\"elementor-element elementor-element-4bf198a e-con-full e-flex e-con e-child\" data-id=\"4bf198a\" data-element_type=\"container\" data-settings=\"{&quot;background_background&quot;:&quot;classic&quot;}\">\n\t\t\t\t<div class=\"elementor-element elementor-element-3533389 elementor-widget elementor-widget-heading\" data-id=\"3533389\" data-element_type=\"widget\" data-widget_type=\"heading.default\">\n\t\t\t\t<div class=\"elementor-widget-container\">\n\t\t\t\t\t<h2 class=\"elementor-heading-title elementor-size-default\">Z\u00e1ujem o ponuku<\/h2>\t\t\t\t<\/div>\n\t\t\t\t<\/div>\n\t\t\t\t<div class=\"elementor-element elementor-element-fc68b8a eael-contact-form-7-button-align-center eael-contact-form-7-button-custom elementor-widget elementor-widget-eael-contact-form-7\" data-id=\"fc68b8a\" data-element_type=\"widget\" data-widget_type=\"eael-contact-form-7.default\">\n\t\t\t\t<div class=\"elementor-widget-container\">\n\t\t\t\t\t<div class=\"eael-contact-form-7-wrapper\">\n                <div class=\"eael-contact-form eael-contact-form-7 eael-contact-form-fc68b8a eael-custom-radio-checkbox eael-contact-form-align-default\">\n<div class=\"wpcf7 no-js\" id=\"wpcf7-f5077-o1\" lang=\"sk-SK\" dir=\"ltr\" data-wpcf7-id=\"5077\">\n<div class=\"screen-reader-response\"><p role=\"status\" aria-live=\"polite\" aria-atomic=\"true\"><\/p> <ul><\/ul><\/div>\n<form action=\"\/new\/wp-json\/wp\/v2\/pages\/174#wpcf7-f5077-o1\" method=\"post\" class=\"wpcf7-form init\" aria-label=\"Kontaktn\u00fd formul\u00e1r\" novalidate=\"novalidate\" data-status=\"init\">\n<div style=\"display: none;\">\n<input type=\"hidden\" name=\"_wpcf7\" value=\"5077\" \/>\n<input type=\"hidden\" name=\"_wpcf7_version\" value=\"6.0.6\" \/>\n<input type=\"hidden\" name=\"_wpcf7_locale\" value=\"sk_SK\" \/>\n<input type=\"hidden\" name=\"_wpcf7_unit_tag\" value=\"wpcf7-f5077-o1\" \/>\n<input type=\"hidden\" name=\"_wpcf7_container_post\" value=\"0\" \/>\n<input type=\"hidden\" name=\"_wpcf7_posted_data_hash\" value=\"\" \/>\n<input type=\"hidden\" name=\"_wpcf7dtx_version\" value=\"5.0.3\" \/>\n<input type=\"hidden\" name=\"_wpcf7_recaptcha_response\" value=\"\" \/>\n<\/div>\n<div class=\"my-form-style\">\n\t<p><label class=\"my-form-label\">Va\u0161e meno (povinn\u00e9)<br \/>\n<span class=\"wpcf7-form-control-wrap\" data-name=\"your-name\"><input size=\"40\" maxlength=\"400\" class=\"wpcf7-form-control wpcf7-text wpcf7-validates-as-required my-form-input\" aria-required=\"true\" aria-invalid=\"false\" value=\"\" type=\"text\" name=\"your-name\" \/><\/span> <\/label>\n\t<\/p>\n\t<p><label class=\"my-form-label\">V\u00e1\u0161 email (povinn\u00e9)<br \/>\n<span class=\"wpcf7-form-control-wrap\" data-name=\"your-email\"><input size=\"40\" maxlength=\"400\" class=\"wpcf7-form-control wpcf7-email wpcf7-validates-as-required wpcf7-text wpcf7-validates-as-email my-form-input\" aria-required=\"true\" aria-invalid=\"false\" value=\"\" type=\"email\" name=\"your-email\" \/><\/span> <\/label>\n\t<\/p>\n\t<p><label class=\"my-form-label\">V\u00e1\u0161 telef\u00f3n<br \/>\n<span class=\"wpcf7-form-control-wrap\" data-name=\"telefon\"><input size=\"40\" maxlength=\"400\" class=\"wpcf7-form-control wpcf7-text my-form-input\" aria-invalid=\"false\" value=\"\" type=\"text\" name=\"telefon\" \/><\/span><\/label>\n\t<\/p>\n\t<p><label class=\"my-form-label\">Va\u0161a po\u017eiadavka<br \/>\n<span class=\"wpcf7-form-control-wrap\" data-name=\"your-message\"><textarea cols=\"40\" rows=\"10\" maxlength=\"2000\" class=\"wpcf7-form-control wpcf7-textarea my-form-input\" aria-invalid=\"false\" name=\"your-message\"><\/textarea><\/span> <\/label>\n\t<\/p>\n\t<p class=\"my-form-text\"><span class=\"wpcf7-form-control-wrap\" data-name=\"acceptance-3\"><span class=\"wpcf7-form-control wpcf7-acceptance\"><span class=\"wpcf7-list-item\"><input type=\"checkbox\" name=\"acceptance-3\" value=\"1\" checked=\"checked\" class=\"my-form-acceptance\" aria-invalid=\"false\" \/><\/span><\/span><\/span> S\u00fahlas\u00edm so spracovan\u00edm osobn\u00fdch \u00fadajom v s\u00falade s GDPR a nov\u00e9ho z\u00e1kona \u010d. 18\/2018 Z. z. o ochrane osobn\u00fdch \u00fadajov, v rozsahu meno, priezvisko, e-mailov\u00e1 adresa, telef\u00f3nne \u010d\u00edslo, po\u017eiadavka za \u00fa\u010delom zaslania odpovede.\n\t<\/p>\n\t<p class=\"my-form-text\">Va\u0161e osobn\u00e9 \u00fadaje bud\u00fa pou\u017eit\u00e9 na spracovanie va\u0161ej objedn\u00e1vky, zjednodu\u0161enie pou\u017e\u00edvania tejto webovej str\u00e1nke a na in\u00e9 \u00fa\u010dely op\u00edsan\u00e9 v dokumente <a href=\"https:\/\/www.hotelgalanta.sk\/pravidla-ochrany-osobnych-udajov\/\" >\"Pravidl\u00e1 ochrany osobn\u00fdch \u00fadajov\"<\/a>.\n\t<\/p>\n\n\t<p><input class=\"wpcf7-form-control wpcf7-submit has-spinner my-form-submit\" type=\"submit\" value=\"Odo\u0161li\" \/>\n\t<\/p>\n<\/div><div class=\"wpcf7-response-output\" aria-hidden=\"true\"><\/div>\n<\/form>\n<\/div>\n<\/div>\n            <\/div>\t\t\t\t<\/div>\n\t\t\t\t<\/div>\n\t\t\t\t<\/div>\n\t\t\t\t\t<\/div>\n\t\t\t\t<\/div>\n\t\t\t\t<\/div>\n\t\t","protected":false},"excerpt":{"rendered":"<p>Z\u00e1ujem o ponuku Va\u0161e meno (povinn\u00e9) V\u00e1\u0161 email (povinn\u00e9) V\u00e1\u0161 telef\u00f3n Va\u0161a po\u017eiadavka S\u00fahlas\u00edm so spracovan\u00edm osobn\u00fdch \u00fadajom v s\u00falade s GDPR a nov\u00e9ho z\u00e1kona \u010d. 18\/2018 Z. z. o ochrane osobn\u00fdch \u00fadajov, v rozsahu meno, priezvisko, e-mailov\u00e1 adresa, telef\u00f3nne \u010d\u00edslo, po\u017eiadavka za \u00fa\u010delom zaslania odpovede. Va\u0161e osobn\u00e9 \u00fadaje bud\u00fa pou\u017eit\u00e9 na spracovanie va\u0161ej objedn\u00e1vky, [&hellip;]<\/p>\n","protected":false},"author":1,"featured_media":0,"parent":33,"menu_order":0,"comment_status":"closed","ping_status":"closed","template":"elementor_header_footer","meta":{"ngg_post_thumbnail":0,"footnotes":""},"class_list":["post-174","page","type-page","status-publish","hentry"],"aioseo_notices":[],"_links":{"self":[{"href":"https:\/\/hotelgalanta.sk\/new\/wp-json\/wp\/v2\/pages\/174","targetHints":{"allow":["GET"]}}],"collection":[{"href":"https:\/\/hotelgalanta.sk\/new\/wp-json\/wp\/v2\/pages"}],"about":[{"href":"https:\/\/hotelgalanta.sk\/new\/wp-json\/wp\/v2\/types\/page"}],"author":[{"embeddable":true,"href":"https:\/\/hotelgalanta.sk\/new\/wp-json\/wp\/v2\/users\/1"}],"replies":[{"embeddable":true,"href":"https:\/\/hotelgalanta.sk\/new\/wp-json\/wp\/v2\/comments?post=174"}],"version-history":[{"count":41,"href":"https:\/\/hotelgalanta.sk\/new\/wp-json\/wp\/v2\/pages\/174\/revisions"}],"predecessor-version":[{"id":5916,"href":"https:\/\/hotelgalanta.sk\/new\/wp-json\/wp\/v2\/pages\/174\/revisions\/5916"}],"up":[{"embeddable":true,"href":"https:\/\/hotelgalanta.sk\/new\/wp-json\/wp\/v2\/pages\/33"}],"wp:attachment":[{"href":"https:\/\/hotelgalanta.sk\/new\/wp-json\/wp\/v2\/media?parent=174"}],"curies":[{"name":"wp","href":"https:\/\/api.w.org\/{rel}","templated":true}]}}