{"id":2368,"date":"2016-11-22T07:18:25","date_gmt":"2016-11-22T07:18:25","guid":{"rendered":"https:\/\/www.hotelgalanta.sk\/?page_id=2368"},"modified":"2025-02-14T20:38:23","modified_gmt":"2025-02-14T20:38:23","slug":"fitness-miestnost","status":"publish","type":"page","link":"https:\/\/hotelgalanta.sk\/new\/vybavenie\/fitness-miestnost\/","title":{"rendered":"Fitness miestnos\u0165"},"content":{"rendered":"\t\t<div data-elementor-type=\"wp-page\" data-elementor-id=\"2368\" class=\"elementor elementor-2368\">\n\t\t\t\t<div class=\"elementor-element elementor-element-312cb31 e-flex e-con-boxed e-con e-parent\" data-id=\"312cb31\" data-element_type=\"container\" data-settings=\"{&quot;background_background&quot;:&quot;classic&quot;}\">\n\t\t\t\t\t<div class=\"e-con-inner\">\n\t\t\t\t<div class=\"elementor-element elementor-element-4a30f36 elementor-widget elementor-widget-heading\" data-id=\"4a30f36\" data-element_type=\"widget\" data-widget_type=\"heading.default\">\n\t\t\t\t<div class=\"elementor-widget-container\">\n\t\t\t\t\t<h2 class=\"elementor-heading-title elementor-size-default\">FITNESS <b class=\"my-brown\">MIESTNOS\u0164<\/b><\/h2>\t\t\t\t<\/div>\n\t\t\t\t<\/div>\n\t\t\t\t<div class=\"elementor-element elementor-element-d3e0b15 elementor-widget elementor-widget-text-editor\" data-id=\"d3e0b15\" data-element_type=\"widget\" data-widget_type=\"text-editor.default\">\n\t\t\t\t<div class=\"elementor-widget-container\">\n\t\t\t\t\t\t\t\t\t<p>Hotel Galanta je vybaven\u00fd malou ale plne vybavenou posil\u0148ov\u0148ou kde n\u00e1jdete vr\u00e1tane be\u017eiaceho p\u00e1su aj stacion\u00e1rny bicykel, plne automatizovan\u00fd stroj, na ktorom sa m\u00f4\u017ee vykon\u00e1va\u0165 viac ako 30 r\u00f4znych cvi\u010den\u00ed pre cel\u00e9 va\u0161e telo.<\/p><p>Je vybaven\u00e1 tie\u017e kompletn\u00fdm v\u00fdberom \u010diniek a lavi\u010diek pre t\u00fdch, ktor\u00ed preferuj\u00fa cvi\u010denie bez strojov. V miestnosti je tie\u017e k dispoz\u00edcii chladiaci stroj s pitnou vodou , uter\u00e1ky, klimatiz\u00e1cia a satelitn\u00e1 telev\u00edzia .<\/p>\t\t\t\t\t\t\t\t<\/div>\n\t\t\t\t<\/div>\n\t\t\t\t\t<\/div>\n\t\t\t\t<\/div>\n\t\t<div class=\"elementor-element elementor-element-992fcb7 e-flex e-con-boxed e-con e-parent\" data-id=\"992fcb7\" data-element_type=\"container\" data-settings=\"{&quot;background_background&quot;:&quot;classic&quot;}\">\n\t\t\t\t\t<div class=\"e-con-inner\">\n\t\t\t\t<div class=\"elementor-element elementor-element-e8b78b0 elementor-widget elementor-widget-heading\" data-id=\"e8b78b0\" data-element_type=\"widget\" data-widget_type=\"heading.default\">\n\t\t\t\t<div class=\"elementor-widget-container\">\n\t\t\t\t\t<h2 class=\"elementor-heading-title elementor-size-default\"><b class=\"my-brown\">GAL\u00c9RIA<\/b><\/h2>\t\t\t\t<\/div>\n\t\t\t\t<\/div>\n\t\t\t\t<div class=\"elementor-element elementor-element-068d76e my-gallery gallery-spacing-custom elementor-widget elementor-widget-image-gallery\" data-id=\"068d76e\" data-element_type=\"widget\" data-widget_type=\"image-gallery.default\">\n\t\t\t\t<div class=\"elementor-widget-container\">\n\t\t\t\t\t\t\t<div class=\"elementor-image-gallery\">\n\t\t\t<div id='gallery-1' class='gallery galleryid-2368 gallery-columns-2 gallery-size-large'><figure class='gallery-item'>\n\t\t\t<div class='gallery-icon landscape'>\n\t\t\t\t<a data-elementor-open-lightbox=\"yes\" data-elementor-lightbox-slideshow=\"068d76e\" data-elementor-lightbox-title=\"fitnescentrum\" data-e-action-hash=\"#elementor-action%3Aaction%3Dlightbox%26settings%3DeyJpZCI6NTMyOSwidXJsIjoiaHR0cHM6XC9cL2hvdGVsZ2FsYW50YS5za1wvbmV3XC93cC1jb250ZW50XC91cGxvYWRzXC8yMDI1XC8wMlwvZml0bmVzY2VudHJ1bS5qcGciLCJzbGlkZXNob3ciOiIwNjhkNzZlIn0%3D\" href='https:\/\/hotelgalanta.sk\/new\/wp-content\/uploads\/2025\/02\/fitnescentrum.jpg'><img fetchpriority=\"high\" decoding=\"async\" width=\"800\" height=\"534\" src=\"https:\/\/hotelgalanta.sk\/new\/wp-content\/uploads\/2025\/02\/fitnescentrum.jpg\" class=\"attachment-large size-large\" alt=\"\" srcset=\"https:\/\/hotelgalanta.sk\/new\/wp-content\/uploads\/2025\/02\/fitnescentrum.jpg 800w, https:\/\/hotelgalanta.sk\/new\/wp-content\/uploads\/2025\/02\/fitnescentrum-300x200.jpg 300w, https:\/\/hotelgalanta.sk\/new\/wp-content\/uploads\/2025\/02\/fitnescentrum-768x513.jpg 768w, https:\/\/hotelgalanta.sk\/new\/wp-content\/uploads\/2025\/02\/fitnescentrum-600x401.jpg 600w\" sizes=\"(max-width: 800px) 100vw, 800px\" \/><\/a>\n\t\t\t<\/div><\/figure><figure class='gallery-item'>\n\t\t\t<div class='gallery-icon landscape'>\n\t\t\t\t<a data-elementor-open-lightbox=\"yes\" data-elementor-lightbox-slideshow=\"068d76e\" data-elementor-lightbox-title=\"Hotel_Galanta-27\" data-e-action-hash=\"#elementor-action%3Aaction%3Dlightbox%26settings%3DeyJpZCI6NTMzMCwidXJsIjoiaHR0cHM6XC9cL2hvdGVsZ2FsYW50YS5za1wvbmV3XC93cC1jb250ZW50XC91cGxvYWRzXC8yMDI1XC8wMlwvSG90ZWxfR2FsYW50YS0yNy5qcGciLCJzbGlkZXNob3ciOiIwNjhkNzZlIn0%3D\" href='https:\/\/hotelgalanta.sk\/new\/wp-content\/uploads\/2025\/02\/Hotel_Galanta-27.jpg'><img decoding=\"async\" width=\"800\" height=\"534\" src=\"https:\/\/hotelgalanta.sk\/new\/wp-content\/uploads\/2025\/02\/Hotel_Galanta-27.jpg\" class=\"attachment-large size-large\" alt=\"\" srcset=\"https:\/\/hotelgalanta.sk\/new\/wp-content\/uploads\/2025\/02\/Hotel_Galanta-27.jpg 800w, https:\/\/hotelgalanta.sk\/new\/wp-content\/uploads\/2025\/02\/Hotel_Galanta-27-300x200.jpg 300w, https:\/\/hotelgalanta.sk\/new\/wp-content\/uploads\/2025\/02\/Hotel_Galanta-27-768x513.jpg 768w, https:\/\/hotelgalanta.sk\/new\/wp-content\/uploads\/2025\/02\/Hotel_Galanta-27-600x401.jpg 600w\" sizes=\"(max-width: 800px) 100vw, 800px\" \/><\/a>\n\t\t\t<\/div><\/figure>\n\t\t<\/div>\n\t\t<\/div>\n\t\t\t\t\t\t<\/div>\n\t\t\t\t<\/div>\n\t\t\t\t\t<\/div>\n\t\t\t\t<\/div>\n\t\t\t\t<\/div>\n\t\t","protected":false},"excerpt":{"rendered":"<p>FITNESS MIESTNOS\u0164 Hotel Galanta je vybaven\u00fd malou ale plne vybavenou posil\u0148ov\u0148ou kde n\u00e1jdete vr\u00e1tane be\u017eiaceho p\u00e1su aj stacion\u00e1rny bicykel, plne automatizovan\u00fd stroj, na ktorom sa m\u00f4\u017ee vykon\u00e1va\u0165 viac ako 30 r\u00f4znych cvi\u010den\u00ed pre cel\u00e9 va\u0161e telo. Je vybaven\u00e1 tie\u017e kompletn\u00fdm v\u00fdberom \u010diniek a lavi\u010diek pre t\u00fdch, ktor\u00ed preferuj\u00fa cvi\u010denie bez strojov. V miestnosti je tie\u017e [&hellip;]<\/p>\n","protected":false},"author":1,"featured_media":0,"parent":2365,"menu_order":1,"comment_status":"closed","ping_status":"closed","template":"elementor_header_footer","meta":{"ngg_post_thumbnail":0,"footnotes":""},"class_list":["post-2368","page","type-page","status-publish","hentry"],"aioseo_notices":[],"_links":{"self":[{"href":"https:\/\/hotelgalanta.sk\/new\/wp-json\/wp\/v2\/pages\/2368","targetHints":{"allow":["GET"]}}],"collection":[{"href":"https:\/\/hotelgalanta.sk\/new\/wp-json\/wp\/v2\/pages"}],"about":[{"href":"https:\/\/hotelgalanta.sk\/new\/wp-json\/wp\/v2\/types\/page"}],"author":[{"embeddable":true,"href":"https:\/\/hotelgalanta.sk\/new\/wp-json\/wp\/v2\/users\/1"}],"replies":[{"embeddable":true,"href":"https:\/\/hotelgalanta.sk\/new\/wp-json\/wp\/v2\/comments?post=2368"}],"version-history":[{"count":6,"href":"https:\/\/hotelgalanta.sk\/new\/wp-json\/wp\/v2\/pages\/2368\/revisions"}],"predecessor-version":[{"id":5561,"href":"https:\/\/hotelgalanta.sk\/new\/wp-json\/wp\/v2\/pages\/2368\/revisions\/5561"}],"up":[{"embeddable":true,"href":"https:\/\/hotelgalanta.sk\/new\/wp-json\/wp\/v2\/pages\/2365"}],"wp:attachment":[{"href":"https:\/\/hotelgalanta.sk\/new\/wp-json\/wp\/v2\/media?parent=2368"}],"curies":[{"name":"wp","href":"https:\/\/api.w.org\/{rel}","templated":true}]}}