{"id":2374,"date":"2016-11-22T07:19:48","date_gmt":"2016-11-22T07:19:48","guid":{"rendered":"https:\/\/www.hotelgalanta.sk\/?page_id=2374"},"modified":"2025-02-14T21:03:58","modified_gmt":"2025-02-14T21:03:58","slug":"detske-ihrisko","status":"publish","type":"page","link":"https:\/\/hotelgalanta.sk\/new\/vybavenie\/detske-ihrisko\/","title":{"rendered":"Detsk\u00e9 ihrisko"},"content":{"rendered":"\t\t<div data-elementor-type=\"wp-page\" data-elementor-id=\"2374\" class=\"elementor elementor-2374\">\n\t\t\t\t<div class=\"elementor-element elementor-element-5e580c7 e-flex e-con-boxed e-con e-parent\" data-id=\"5e580c7\" data-element_type=\"container\" data-settings=\"{&quot;background_background&quot;:&quot;classic&quot;}\">\n\t\t\t\t\t<div class=\"e-con-inner\">\n\t\t\t\t<div class=\"elementor-element elementor-element-215f68c elementor-widget elementor-widget-heading\" data-id=\"215f68c\" data-element_type=\"widget\" data-widget_type=\"heading.default\">\n\t\t\t\t<div class=\"elementor-widget-container\">\n\t\t\t\t\t<h2 class=\"elementor-heading-title elementor-size-default\">Detsk\u00e9 <b class=\"my-brown\">IHRISKO<\/b><\/h2>\t\t\t\t<\/div>\n\t\t\t\t<\/div>\n\t\t\t\t<div class=\"elementor-element elementor-element-8f9f51e elementor-widget elementor-widget-text-editor\" data-id=\"8f9f51e\" data-element_type=\"widget\" data-widget_type=\"text-editor.default\">\n\t\t\t\t<div class=\"elementor-widget-container\">\n\t\t\t\t\t\t\t\t\t<p>Hne\u010f ved\u013ea recepcie sa nach\u00e1dza mal\u00e9 ale pekn\u00e9 detsk\u00e9 ihrisko kde sa deti\u010dky m\u00f4\u017eu zabavi\u0165 na hojda\u010dke z\u00e1bavnej prelieza\u010dke so \u0161m\u00fdka\u010dkou a \u010fal\u0161\u00edch detsk\u00fdch aktivit\u00e1ch ktor\u00e9 toto ihrisko ponuka.<\/p><p>Zabezpe\u010dili sme aj sedenie pre rodi\u010dov na lavi\u010dk\u00e1ch alebo na stol\u00edku pri recepcii kde si m\u00f4\u017eu pri sledovan\u00ed svojich deti\u010diek vychutna\u0165 na \u010derstvom vzduchu k\u00e1vu alebo osvie\u017euj\u00faci n\u00e1poj.<\/p>\t\t\t\t\t\t\t\t<\/div>\n\t\t\t\t<\/div>\n\t\t\t\t\t<\/div>\n\t\t\t\t<\/div>\n\t\t<div class=\"elementor-element elementor-element-465f3d2 e-flex e-con-boxed e-con e-parent\" data-id=\"465f3d2\" data-element_type=\"container\" data-settings=\"{&quot;background_background&quot;:&quot;classic&quot;}\">\n\t\t\t\t\t<div class=\"e-con-inner\">\n\t\t\t\t<div class=\"elementor-element elementor-element-a64d257 elementor-widget elementor-widget-heading\" data-id=\"a64d257\" data-element_type=\"widget\" data-widget_type=\"heading.default\">\n\t\t\t\t<div class=\"elementor-widget-container\">\n\t\t\t\t\t<h2 class=\"elementor-heading-title elementor-size-default\"><b class=\"my-brown\">GAL\u00c9RIA<\/b><\/h2>\t\t\t\t<\/div>\n\t\t\t\t<\/div>\n\t\t\t\t<div class=\"elementor-element elementor-element-d1aac06 my-gallery gallery-spacing-custom elementor-widget elementor-widget-image-gallery\" data-id=\"d1aac06\" data-element_type=\"widget\" data-widget_type=\"image-gallery.default\">\n\t\t\t\t<div class=\"elementor-widget-container\">\n\t\t\t\t\t\t\t<div class=\"elementor-image-gallery\">\n\t\t\t<div id='gallery-1' class='gallery galleryid-2374 gallery-columns-3 gallery-size-large'><figure class='gallery-item'>\n\t\t\t<div class='gallery-icon landscape'>\n\t\t\t\t<a data-elementor-open-lightbox=\"yes\" data-elementor-lightbox-slideshow=\"d1aac06\" data-elementor-lightbox-title=\"ihrisko1\" data-e-action-hash=\"#elementor-action%3Aaction%3Dlightbox%26settings%3DeyJpZCI6NTMxOSwidXJsIjoiaHR0cHM6XC9cL2hvdGVsZ2FsYW50YS5za1wvbmV3XC93cC1jb250ZW50XC91cGxvYWRzXC8yMDI1XC8wMlwvaWhyaXNrbzEuanBnIiwic2xpZGVzaG93IjoiZDFhYWMwNiJ9\" href='https:\/\/hotelgalanta.sk\/new\/wp-content\/uploads\/2025\/02\/ihrisko1.jpg'><img fetchpriority=\"high\" decoding=\"async\" width=\"800\" height=\"534\" src=\"https:\/\/hotelgalanta.sk\/new\/wp-content\/uploads\/2025\/02\/ihrisko1.jpg\" class=\"attachment-large size-large\" alt=\"\" srcset=\"https:\/\/hotelgalanta.sk\/new\/wp-content\/uploads\/2025\/02\/ihrisko1.jpg 800w, https:\/\/hotelgalanta.sk\/new\/wp-content\/uploads\/2025\/02\/ihrisko1-300x200.jpg 300w, https:\/\/hotelgalanta.sk\/new\/wp-content\/uploads\/2025\/02\/ihrisko1-768x513.jpg 768w, https:\/\/hotelgalanta.sk\/new\/wp-content\/uploads\/2025\/02\/ihrisko1-600x401.jpg 600w\" sizes=\"(max-width: 800px) 100vw, 800px\" \/><\/a>\n\t\t\t<\/div><\/figure><figure class='gallery-item'>\n\t\t\t<div class='gallery-icon landscape'>\n\t\t\t\t<a data-elementor-open-lightbox=\"yes\" data-elementor-lightbox-slideshow=\"d1aac06\" data-elementor-lightbox-title=\"ihrisko2\" data-e-action-hash=\"#elementor-action%3Aaction%3Dlightbox%26settings%3DeyJpZCI6NTMyMCwidXJsIjoiaHR0cHM6XC9cL2hvdGVsZ2FsYW50YS5za1wvbmV3XC93cC1jb250ZW50XC91cGxvYWRzXC8yMDI1XC8wMlwvaWhyaXNrbzIuanBnIiwic2xpZGVzaG93IjoiZDFhYWMwNiJ9\" href='https:\/\/hotelgalanta.sk\/new\/wp-content\/uploads\/2025\/02\/ihrisko2.jpg'><img decoding=\"async\" width=\"800\" height=\"534\" src=\"https:\/\/hotelgalanta.sk\/new\/wp-content\/uploads\/2025\/02\/ihrisko2.jpg\" class=\"attachment-large size-large\" alt=\"\" srcset=\"https:\/\/hotelgalanta.sk\/new\/wp-content\/uploads\/2025\/02\/ihrisko2.jpg 800w, https:\/\/hotelgalanta.sk\/new\/wp-content\/uploads\/2025\/02\/ihrisko2-300x200.jpg 300w, https:\/\/hotelgalanta.sk\/new\/wp-content\/uploads\/2025\/02\/ihrisko2-768x513.jpg 768w, https:\/\/hotelgalanta.sk\/new\/wp-content\/uploads\/2025\/02\/ihrisko2-600x401.jpg 600w\" sizes=\"(max-width: 800px) 100vw, 800px\" \/><\/a>\n\t\t\t<\/div><\/figure><figure class='gallery-item'>\n\t\t\t<div class='gallery-icon landscape'>\n\t\t\t\t<a data-elementor-open-lightbox=\"yes\" data-elementor-lightbox-slideshow=\"d1aac06\" data-elementor-lightbox-title=\"ihrisko3\" data-e-action-hash=\"#elementor-action%3Aaction%3Dlightbox%26settings%3DeyJpZCI6NTMyMSwidXJsIjoiaHR0cHM6XC9cL2hvdGVsZ2FsYW50YS5za1wvbmV3XC93cC1jb250ZW50XC91cGxvYWRzXC8yMDI1XC8wMlwvaWhyaXNrbzMuanBnIiwic2xpZGVzaG93IjoiZDFhYWMwNiJ9\" href='https:\/\/hotelgalanta.sk\/new\/wp-content\/uploads\/2025\/02\/ihrisko3.jpg'><img decoding=\"async\" width=\"800\" height=\"533\" src=\"https:\/\/hotelgalanta.sk\/new\/wp-content\/uploads\/2025\/02\/ihrisko3.jpg\" class=\"attachment-large size-large\" alt=\"\" srcset=\"https:\/\/hotelgalanta.sk\/new\/wp-content\/uploads\/2025\/02\/ihrisko3.jpg 800w, https:\/\/hotelgalanta.sk\/new\/wp-content\/uploads\/2025\/02\/ihrisko3-300x200.jpg 300w, https:\/\/hotelgalanta.sk\/new\/wp-content\/uploads\/2025\/02\/ihrisko3-768x512.jpg 768w, https:\/\/hotelgalanta.sk\/new\/wp-content\/uploads\/2025\/02\/ihrisko3-600x400.jpg 600w\" sizes=\"(max-width: 800px) 100vw, 800px\" \/><\/a>\n\t\t\t<\/div><\/figure>\n\t\t<\/div>\n\t\t<\/div>\n\t\t\t\t\t\t<\/div>\n\t\t\t\t<\/div>\n\t\t\t\t\t<\/div>\n\t\t\t\t<\/div>\n\t\t\t\t<\/div>\n\t\t","protected":false},"excerpt":{"rendered":"<p>Detsk\u00e9 IHRISKO Hne\u010f ved\u013ea recepcie sa nach\u00e1dza mal\u00e9 ale pekn\u00e9 detsk\u00e9 ihrisko kde sa deti\u010dky m\u00f4\u017eu zabavi\u0165 na hojda\u010dke z\u00e1bavnej prelieza\u010dke so \u0161m\u00fdka\u010dkou a \u010fal\u0161\u00edch detsk\u00fdch aktivit\u00e1ch ktor\u00e9 toto ihrisko ponuka. Zabezpe\u010dili sme aj sedenie pre rodi\u010dov na lavi\u010dk\u00e1ch alebo na stol\u00edku pri recepcii kde si m\u00f4\u017eu pri sledovan\u00ed svojich deti\u010diek vychutna\u0165 na \u010derstvom vzduchu [&hellip;]<\/p>\n","protected":false},"author":1,"featured_media":0,"parent":2365,"menu_order":4,"comment_status":"closed","ping_status":"closed","template":"elementor_header_footer","meta":{"ngg_post_thumbnail":0,"footnotes":""},"class_list":["post-2374","page","type-page","status-publish","hentry"],"aioseo_notices":[],"_links":{"self":[{"href":"https:\/\/hotelgalanta.sk\/new\/wp-json\/wp\/v2\/pages\/2374","targetHints":{"allow":["GET"]}}],"collection":[{"href":"https:\/\/hotelgalanta.sk\/new\/wp-json\/wp\/v2\/pages"}],"about":[{"href":"https:\/\/hotelgalanta.sk\/new\/wp-json\/wp\/v2\/types\/page"}],"author":[{"embeddable":true,"href":"https:\/\/hotelgalanta.sk\/new\/wp-json\/wp\/v2\/users\/1"}],"replies":[{"embeddable":true,"href":"https:\/\/hotelgalanta.sk\/new\/wp-json\/wp\/v2\/comments?post=2374"}],"version-history":[{"count":6,"href":"https:\/\/hotelgalanta.sk\/new\/wp-json\/wp\/v2\/pages\/2374\/revisions"}],"predecessor-version":[{"id":5570,"href":"https:\/\/hotelgalanta.sk\/new\/wp-json\/wp\/v2\/pages\/2374\/revisions\/5570"}],"up":[{"embeddable":true,"href":"https:\/\/hotelgalanta.sk\/new\/wp-json\/wp\/v2\/pages\/2365"}],"wp:attachment":[{"href":"https:\/\/hotelgalanta.sk\/new\/wp-json\/wp\/v2\/media?parent=2374"}],"curies":[{"name":"wp","href":"https:\/\/api.w.org\/{rel}","templated":true}]}}