{"id":2533,"date":"2017-07-17T08:35:42","date_gmt":"2017-07-17T08:35:42","guid":{"rendered":"https:\/\/www.hotelgalanta.sk\/?page_id=2533"},"modified":"2025-02-14T14:45:49","modified_gmt":"2025-02-14T14:45:49","slug":"sedin-golf-resort","status":"publish","type":"page","link":"https:\/\/hotelgalanta.sk\/new\/okolie\/sedin-golf-resort\/","title":{"rendered":"Sedin Golf Resort"},"content":{"rendered":"\t\t<div data-elementor-type=\"wp-page\" data-elementor-id=\"2533\" class=\"elementor elementor-2533\">\n\t\t\t\t<div class=\"elementor-element elementor-element-2667104 e-flex e-con-boxed e-con e-parent\" data-id=\"2667104\" data-element_type=\"container\">\n\t\t\t\t\t<div class=\"e-con-inner\">\n\t\t\t\t<div class=\"elementor-element elementor-element-2fae6a2 elementor-widget elementor-widget-heading\" data-id=\"2fae6a2\" data-element_type=\"widget\" data-widget_type=\"heading.default\">\n\t\t\t\t<div class=\"elementor-widget-container\">\n\t\t\t\t\t<h2 class=\"elementor-heading-title elementor-size-default\">SEDIN <b class=\"my-brown\">GOLF RESORT<\/b><\/h2>\t\t\t\t<\/div>\n\t\t\t\t<\/div>\n\t\t\t\t<div class=\"elementor-element elementor-element-b76e277 elementor-widget elementor-widget-text-editor\" data-id=\"b76e277\" data-element_type=\"widget\" data-widget_type=\"text-editor.default\">\n\t\t\t\t<div class=\"elementor-widget-container\">\n\t\t\t\t\t\t\t\t\t<h4 style=\"text-align: center;\">Ve\u013ek\u00fd relax na brehu Mal\u00e9ho Dunaja<\/h4><p>Golfov\u00fd rezort Sedin v\u00e1m pon\u00faka 18 jamkov\u00e9 golfov\u00e9 ihrisko s dvoj-jamkovou akad\u00e9miou, a tr\u00e9ningov\u00fdmi plochami. Okolit\u00e1 pr\u00edroda s vodn\u00fdmi plochami vytv\u00e1ra dokonal\u00fd s\u00falad rekrea\u010dn\u00fdch aktiv\u00edt a majstrovsk\u00e9ho tr\u00e9ningu.<\/p><p><strong>Rezort s ihriskom, na ktorom si zahr\u00e1te ako prav\u00ed majstri.<br \/><\/strong>Viac info: <a href=\"https:\/\/golfsedin.sk\/\" target=\"_blank\" rel=\"noopener\">golfsedin.sk<\/a><\/p>\t\t\t\t\t\t\t\t<\/div>\n\t\t\t\t<\/div>\n\t\t\t\t\t<\/div>\n\t\t\t\t<\/div>\n\t\t<div class=\"elementor-element elementor-element-647a275 e-flex e-con-boxed e-con e-child\" data-id=\"647a275\" data-element_type=\"container\" data-settings=\"{&quot;background_background&quot;:&quot;classic&quot;}\">\n\t\t\t\t\t<div class=\"e-con-inner\">\n\t\t\t\t<div class=\"elementor-element elementor-element-67ffefa elementor-widget elementor-widget-heading\" data-id=\"67ffefa\" data-element_type=\"widget\" data-widget_type=\"heading.default\">\n\t\t\t\t<div class=\"elementor-widget-container\">\n\t\t\t\t\t<h2 class=\"elementor-heading-title elementor-size-default\"><b class=\"my-brown\">GAL\u00c9RIA<\/b><\/h2>\t\t\t\t<\/div>\n\t\t\t\t<\/div>\n\t\t\t\t<div class=\"elementor-element elementor-element-2f675a5 my-gallery gallery-spacing-custom elementor-widget elementor-widget-image-gallery\" data-id=\"2f675a5\" data-element_type=\"widget\" data-widget_type=\"image-gallery.default\">\n\t\t\t\t<div class=\"elementor-widget-container\">\n\t\t\t\t\t\t\t<div class=\"elementor-image-gallery\">\n\t\t\t<div id='gallery-1' class='gallery galleryid-2533 gallery-columns-3 gallery-size-large'><figure class='gallery-item'>\n\t\t\t<div class='gallery-icon landscape'>\n\t\t\t\t<a data-elementor-open-lightbox=\"yes\" data-elementor-lightbox-slideshow=\"2f675a5\" data-elementor-lightbox-title=\"golf1\" data-e-action-hash=\"#elementor-action%3Aaction%3Dlightbox%26settings%3DeyJpZCI6NTM0OSwidXJsIjoiaHR0cHM6XC9cL2hvdGVsZ2FsYW50YS5za1wvbmV3XC93cC1jb250ZW50XC91cGxvYWRzXC8yMDI1XC8wMlwvZ29sZjEuanBnIiwic2xpZGVzaG93IjoiMmY2NzVhNSJ9\" href='https:\/\/hotelgalanta.sk\/new\/wp-content\/uploads\/2025\/02\/golf1.jpg'><img fetchpriority=\"high\" decoding=\"async\" width=\"800\" height=\"467\" src=\"https:\/\/hotelgalanta.sk\/new\/wp-content\/uploads\/2025\/02\/golf1.jpg\" class=\"attachment-large size-large\" alt=\"\" srcset=\"https:\/\/hotelgalanta.sk\/new\/wp-content\/uploads\/2025\/02\/golf1.jpg 800w, https:\/\/hotelgalanta.sk\/new\/wp-content\/uploads\/2025\/02\/golf1-300x175.jpg 300w, https:\/\/hotelgalanta.sk\/new\/wp-content\/uploads\/2025\/02\/golf1-768x448.jpg 768w, https:\/\/hotelgalanta.sk\/new\/wp-content\/uploads\/2025\/02\/golf1-600x350.jpg 600w\" sizes=\"(max-width: 800px) 100vw, 800px\" \/><\/a>\n\t\t\t<\/div><\/figure><figure class='gallery-item'>\n\t\t\t<div class='gallery-icon landscape'>\n\t\t\t\t<a data-elementor-open-lightbox=\"yes\" data-elementor-lightbox-slideshow=\"2f675a5\" data-elementor-lightbox-title=\"golf2\" data-e-action-hash=\"#elementor-action%3Aaction%3Dlightbox%26settings%3DeyJpZCI6NTM1MCwidXJsIjoiaHR0cHM6XC9cL2hvdGVsZ2FsYW50YS5za1wvbmV3XC93cC1jb250ZW50XC91cGxvYWRzXC8yMDI1XC8wMlwvZ29sZjIuanBnIiwic2xpZGVzaG93IjoiMmY2NzVhNSJ9\" href='https:\/\/hotelgalanta.sk\/new\/wp-content\/uploads\/2025\/02\/golf2.jpg'><img decoding=\"async\" width=\"800\" height=\"533\" src=\"https:\/\/hotelgalanta.sk\/new\/wp-content\/uploads\/2025\/02\/golf2.jpg\" class=\"attachment-large size-large\" alt=\"\" srcset=\"https:\/\/hotelgalanta.sk\/new\/wp-content\/uploads\/2025\/02\/golf2.jpg 800w, https:\/\/hotelgalanta.sk\/new\/wp-content\/uploads\/2025\/02\/golf2-300x200.jpg 300w, https:\/\/hotelgalanta.sk\/new\/wp-content\/uploads\/2025\/02\/golf2-768x512.jpg 768w, https:\/\/hotelgalanta.sk\/new\/wp-content\/uploads\/2025\/02\/golf2-600x400.jpg 600w\" sizes=\"(max-width: 800px) 100vw, 800px\" \/><\/a>\n\t\t\t<\/div><\/figure><figure class='gallery-item'>\n\t\t\t<div class='gallery-icon landscape'>\n\t\t\t\t<a data-elementor-open-lightbox=\"yes\" data-elementor-lightbox-slideshow=\"2f675a5\" data-elementor-lightbox-title=\"golf3\" data-e-action-hash=\"#elementor-action%3Aaction%3Dlightbox%26settings%3DeyJpZCI6NTM1MSwidXJsIjoiaHR0cHM6XC9cL2hvdGVsZ2FsYW50YS5za1wvbmV3XC93cC1jb250ZW50XC91cGxvYWRzXC8yMDI1XC8wMlwvZ29sZjMuanBnIiwic2xpZGVzaG93IjoiMmY2NzVhNSJ9\" href='https:\/\/hotelgalanta.sk\/new\/wp-content\/uploads\/2025\/02\/golf3.jpg'><img decoding=\"async\" width=\"800\" height=\"533\" src=\"https:\/\/hotelgalanta.sk\/new\/wp-content\/uploads\/2025\/02\/golf3.jpg\" class=\"attachment-large size-large\" alt=\"\" srcset=\"https:\/\/hotelgalanta.sk\/new\/wp-content\/uploads\/2025\/02\/golf3.jpg 800w, https:\/\/hotelgalanta.sk\/new\/wp-content\/uploads\/2025\/02\/golf3-300x200.jpg 300w, https:\/\/hotelgalanta.sk\/new\/wp-content\/uploads\/2025\/02\/golf3-768x512.jpg 768w, https:\/\/hotelgalanta.sk\/new\/wp-content\/uploads\/2025\/02\/golf3-600x400.jpg 600w\" sizes=\"(max-width: 800px) 100vw, 800px\" \/><\/a>\n\t\t\t<\/div><\/figure>\n\t\t<\/div>\n\t\t<\/div>\n\t\t\t\t\t\t<\/div>\n\t\t\t\t<\/div>\n\t\t\t\t\t<\/div>\n\t\t\t\t<\/div>\n\t\t\t\t<\/div>\n\t\t","protected":false},"excerpt":{"rendered":"<p>SEDIN GOLF RESORT Ve\u013ek\u00fd relax na brehu Mal\u00e9ho Dunaja Golfov\u00fd rezort Sedin v\u00e1m pon\u00faka 18 jamkov\u00e9 golfov\u00e9 ihrisko s dvoj-jamkovou akad\u00e9miou, a tr\u00e9ningov\u00fdmi plochami. Okolit\u00e1 pr\u00edroda s vodn\u00fdmi plochami vytv\u00e1ra dokonal\u00fd s\u00falad rekrea\u010dn\u00fdch aktiv\u00edt a majstrovsk\u00e9ho tr\u00e9ningu. Rezort s ihriskom, na ktorom si zahr\u00e1te ako prav\u00ed majstri.Viac info: golfsedin.sk GAL\u00c9RIA<\/p>\n","protected":false},"author":1,"featured_media":0,"parent":147,"menu_order":0,"comment_status":"closed","ping_status":"closed","template":"elementor_header_footer","meta":{"ngg_post_thumbnail":0,"footnotes":""},"class_list":["post-2533","page","type-page","status-publish","hentry"],"aioseo_notices":[],"_links":{"self":[{"href":"https:\/\/hotelgalanta.sk\/new\/wp-json\/wp\/v2\/pages\/2533","targetHints":{"allow":["GET"]}}],"collection":[{"href":"https:\/\/hotelgalanta.sk\/new\/wp-json\/wp\/v2\/pages"}],"about":[{"href":"https:\/\/hotelgalanta.sk\/new\/wp-json\/wp\/v2\/types\/page"}],"author":[{"embeddable":true,"href":"https:\/\/hotelgalanta.sk\/new\/wp-json\/wp\/v2\/users\/1"}],"replies":[{"embeddable":true,"href":"https:\/\/hotelgalanta.sk\/new\/wp-json\/wp\/v2\/comments?post=2533"}],"version-history":[{"count":25,"href":"https:\/\/hotelgalanta.sk\/new\/wp-json\/wp\/v2\/pages\/2533\/revisions"}],"predecessor-version":[{"id":5534,"href":"https:\/\/hotelgalanta.sk\/new\/wp-json\/wp\/v2\/pages\/2533\/revisions\/5534"}],"up":[{"embeddable":true,"href":"https:\/\/hotelgalanta.sk\/new\/wp-json\/wp\/v2\/pages\/147"}],"wp:attachment":[{"href":"https:\/\/hotelgalanta.sk\/new\/wp-json\/wp\/v2\/media?parent=2533"}],"curies":[{"name":"wp","href":"https:\/\/api.w.org\/{rel}","templated":true}]}}