{"id":2627,"date":"2017-10-21T14:32:20","date_gmt":"2017-10-21T14:32:20","guid":{"rendered":"https:\/\/www.hotelgalanta.sk\/?page_id=2627"},"modified":"2025-02-14T14:45:19","modified_gmt":"2025-02-14T14:45:19","slug":"zazitkove-lety-sladkovicovo","status":"publish","type":"page","link":"https:\/\/hotelgalanta.sk\/new\/okolie\/zazitkove-lety-sladkovicovo\/","title":{"rendered":"Za\u017eitkov\u00e9 lety Sl\u00e1dkovi\u010dovo"},"content":{"rendered":"\t\t<div data-elementor-type=\"wp-page\" data-elementor-id=\"2627\" class=\"elementor elementor-2627\">\n\t\t\t\t<div class=\"elementor-element elementor-element-bbc04c8 e-flex e-con-boxed e-con e-parent\" data-id=\"bbc04c8\" data-element_type=\"container\">\n\t\t\t\t\t<div class=\"e-con-inner\">\n\t\t\t\t<div class=\"elementor-element elementor-element-2908c3a elementor-widget elementor-widget-heading\" data-id=\"2908c3a\" data-element_type=\"widget\" data-widget_type=\"heading.default\">\n\t\t\t\t<div class=\"elementor-widget-container\">\n\t\t\t\t\t<h2 class=\"elementor-heading-title elementor-size-default\">Z\u00c1\u017dITKOV\u00c9 LETY <b class=\"my-brown\">SL\u00c1DKOVI\u010cOVO<\/b><\/h2>\t\t\t\t<\/div>\n\t\t\t\t<\/div>\n\t\t\t\t<div class=\"elementor-element elementor-element-2f091d7 elementor-widget elementor-widget-text-editor\" data-id=\"2f091d7\" data-element_type=\"widget\" data-widget_type=\"text-editor.default\">\n\t\t\t\t<div class=\"elementor-widget-container\">\n\t\t\t\t\t\t\t\t\t<h4 style=\"text-align: center;\">Pon\u00fakame lety s mo\u017enos\u0165ou vysk\u00fa\u0161a\u0165 si pilotovanie lietadla<\/h4>\t\t\t\t\t\t\t\t<\/div>\n\t\t\t\t<\/div>\n\t\t<div class=\"elementor-element elementor-element-194a09a e-grid e-con-full e-con e-child\" data-id=\"194a09a\" data-element_type=\"container\">\n\t\t<div class=\"elementor-element elementor-element-7d20e7c e-con-full e-flex e-con e-child\" data-id=\"7d20e7c\" data-element_type=\"container\">\n\t\t\t\t<div class=\"elementor-element elementor-element-381889e elementor-widget elementor-widget-text-editor\" data-id=\"381889e\" data-element_type=\"widget\" data-widget_type=\"text-editor.default\">\n\t\t\t\t<div class=\"elementor-widget-container\">\n\t\t\t\t\t\t\t\t\t<p style=\"text-align: center;\"><strong>Eurofox (1 osoba)<\/strong><\/p><p style=\"text-align: center;\">20 min\u00fat \u2013\u00a0<strong>45 EUR<\/strong><br \/>40 min\u00fat \u2013\u00a0<strong>85 EUR<\/strong><br \/>60 min\u00fat \u2013\u00a0<strong>117 EUR<\/strong><\/p>\t\t\t\t\t\t\t\t<\/div>\n\t\t\t\t<\/div>\n\t\t\t\t<\/div>\n\t\t<div class=\"elementor-element elementor-element-1d0c89f e-con-full e-flex e-con e-child\" data-id=\"1d0c89f\" data-element_type=\"container\">\n\t\t\t\t<div class=\"elementor-element elementor-element-89a9169 elementor-widget elementor-widget-text-editor\" data-id=\"89a9169\" data-element_type=\"widget\" data-widget_type=\"text-editor.default\">\n\t\t\t\t<div class=\"elementor-widget-container\">\n\t\t\t\t\t\t\t\t\t<p style=\"text-align: center;\"><strong>Viper SD4 (1 osoba)<\/strong><\/p><p style=\"text-align: center;\">20 min\u00fat \u2013\u00a0<strong>61 EUR<\/strong><br \/>40 min\u00fat \u2013\u00a0<strong>111 EUR<\/strong><br \/>60 min\u00fat \u2013\u00a0<strong>156 EUR<\/strong><\/p>\t\t\t\t\t\t\t\t<\/div>\n\t\t\t\t<\/div>\n\t\t\t\t<\/div>\n\t\t<div class=\"elementor-element elementor-element-d492776 e-con-full e-flex e-con e-child\" data-id=\"d492776\" data-element_type=\"container\">\n\t\t\t\t<div class=\"elementor-element elementor-element-08b86c6 elementor-widget elementor-widget-text-editor\" data-id=\"08b86c6\" data-element_type=\"widget\" data-widget_type=\"text-editor.default\">\n\t\t\t\t<div class=\"elementor-widget-container\">\n\t\t\t\t\t\t\t\t\t<p style=\"text-align: center;\"><strong>Cessna 172\/ Piper Warior (3 osoby)<\/strong><\/p><p style=\"text-align: center;\">15 min\u00fat \u2013\u00a0<strong>67 EUR<\/strong><br \/>30 min\u00fat \u2013\u00a0<strong>128 EUR<\/strong><br \/>45 min\u00fat \u2013\u00a0<strong>184 EUR<\/strong><br \/>60 min\u00fat \u2013\u00a0<strong>223 EUR<\/strong><\/p>\t\t\t\t\t\t\t\t<\/div>\n\t\t\t\t<\/div>\n\t\t\t\t<\/div>\n\t\t\t\t<\/div>\n\t\t\t\t\t<\/div>\n\t\t\t\t<\/div>\n\t\t<div class=\"elementor-element elementor-element-2167150 e-flex e-con-boxed e-con e-child\" data-id=\"2167150\" data-element_type=\"container\" data-settings=\"{&quot;background_background&quot;:&quot;classic&quot;}\">\n\t\t\t\t\t<div class=\"e-con-inner\">\n\t\t\t\t<div class=\"elementor-element elementor-element-a26d29c elementor-widget elementor-widget-heading\" data-id=\"a26d29c\" data-element_type=\"widget\" data-widget_type=\"heading.default\">\n\t\t\t\t<div class=\"elementor-widget-container\">\n\t\t\t\t\t<h2 class=\"elementor-heading-title elementor-size-default\"><b class=\"my-brown\">GAL\u00c9RIA<\/b><\/h2>\t\t\t\t<\/div>\n\t\t\t\t<\/div>\n\t\t\t\t<div class=\"elementor-element elementor-element-487cd39 my-gallery gallery-spacing-custom elementor-widget elementor-widget-image-gallery\" data-id=\"487cd39\" data-element_type=\"widget\" data-widget_type=\"image-gallery.default\">\n\t\t\t\t<div class=\"elementor-widget-container\">\n\t\t\t\t\t\t\t<div class=\"elementor-image-gallery\">\n\t\t\t<div id='gallery-1' class='gallery galleryid-2627 gallery-columns-3 gallery-size-large'><figure class='gallery-item'>\n\t\t\t<div class='gallery-icon landscape'>\n\t\t\t\t<a data-elementor-open-lightbox=\"yes\" data-elementor-lightbox-slideshow=\"487cd39\" data-elementor-lightbox-title=\"3\" data-e-action-hash=\"#elementor-action%3Aaction%3Dlightbox%26settings%3DeyJpZCI6NTM1MiwidXJsIjoiaHR0cHM6XC9cL2hvdGVsZ2FsYW50YS5za1wvbmV3XC93cC1jb250ZW50XC91cGxvYWRzXC8yMDI1XC8wMlwvMy0xMC5qcGciLCJzbGlkZXNob3ciOiI0ODdjZDM5In0%3D\" href='https:\/\/hotelgalanta.sk\/new\/wp-content\/uploads\/2025\/02\/3-10.jpg'><img fetchpriority=\"high\" decoding=\"async\" width=\"732\" height=\"554\" src=\"https:\/\/hotelgalanta.sk\/new\/wp-content\/uploads\/2025\/02\/3-10.jpg\" class=\"attachment-large size-large\" alt=\"\" srcset=\"https:\/\/hotelgalanta.sk\/new\/wp-content\/uploads\/2025\/02\/3-10.jpg 732w, https:\/\/hotelgalanta.sk\/new\/wp-content\/uploads\/2025\/02\/3-10-300x227.jpg 300w, https:\/\/hotelgalanta.sk\/new\/wp-content\/uploads\/2025\/02\/3-10-600x454.jpg 600w\" sizes=\"(max-width: 732px) 100vw, 732px\" \/><\/a>\n\t\t\t<\/div><\/figure><figure class='gallery-item'>\n\t\t\t<div class='gallery-icon landscape'>\n\t\t\t\t<a data-elementor-open-lightbox=\"yes\" data-elementor-lightbox-slideshow=\"487cd39\" data-elementor-lightbox-title=\"l1\" data-e-action-hash=\"#elementor-action%3Aaction%3Dlightbox%26settings%3DeyJpZCI6NTM1MywidXJsIjoiaHR0cHM6XC9cL2hvdGVsZ2FsYW50YS5za1wvbmV3XC93cC1jb250ZW50XC91cGxvYWRzXC8yMDI1XC8wMlwvbDEtMS5qcGciLCJzbGlkZXNob3ciOiI0ODdjZDM5In0%3D\" href='https:\/\/hotelgalanta.sk\/new\/wp-content\/uploads\/2025\/02\/l1-1.jpg'><img decoding=\"async\" width=\"622\" height=\"410\" src=\"https:\/\/hotelgalanta.sk\/new\/wp-content\/uploads\/2025\/02\/l1-1.jpg\" class=\"attachment-large size-large\" alt=\"\" srcset=\"https:\/\/hotelgalanta.sk\/new\/wp-content\/uploads\/2025\/02\/l1-1.jpg 622w, https:\/\/hotelgalanta.sk\/new\/wp-content\/uploads\/2025\/02\/l1-1-300x198.jpg 300w, https:\/\/hotelgalanta.sk\/new\/wp-content\/uploads\/2025\/02\/l1-1-600x395.jpg 600w\" sizes=\"(max-width: 622px) 100vw, 622px\" \/><\/a>\n\t\t\t<\/div><\/figure><figure class='gallery-item'>\n\t\t\t<div class='gallery-icon landscape'>\n\t\t\t\t<a data-elementor-open-lightbox=\"yes\" data-elementor-lightbox-slideshow=\"487cd39\" data-elementor-lightbox-title=\"l2\" data-e-action-hash=\"#elementor-action%3Aaction%3Dlightbox%26settings%3DeyJpZCI6NTM1NCwidXJsIjoiaHR0cHM6XC9cL2hvdGVsZ2FsYW50YS5za1wvbmV3XC93cC1jb250ZW50XC91cGxvYWRzXC8yMDI1XC8wMlwvbDItMS5qcGciLCJzbGlkZXNob3ciOiI0ODdjZDM5In0%3D\" href='https:\/\/hotelgalanta.sk\/new\/wp-content\/uploads\/2025\/02\/l2-1.jpg'><img decoding=\"async\" width=\"611\" height=\"415\" src=\"https:\/\/hotelgalanta.sk\/new\/wp-content\/uploads\/2025\/02\/l2-1.jpg\" class=\"attachment-large size-large\" alt=\"\" srcset=\"https:\/\/hotelgalanta.sk\/new\/wp-content\/uploads\/2025\/02\/l2-1.jpg 611w, https:\/\/hotelgalanta.sk\/new\/wp-content\/uploads\/2025\/02\/l2-1-300x204.jpg 300w, https:\/\/hotelgalanta.sk\/new\/wp-content\/uploads\/2025\/02\/l2-1-600x408.jpg 600w\" sizes=\"(max-width: 611px) 100vw, 611px\" \/><\/a>\n\t\t\t<\/div><\/figure>\n\t\t<\/div>\n\t\t<\/div>\n\t\t\t\t\t\t<\/div>\n\t\t\t\t<\/div>\n\t\t\t\t\t<\/div>\n\t\t\t\t<\/div>\n\t\t\t\t<\/div>\n\t\t","protected":false},"excerpt":{"rendered":"<p>Z\u00c1\u017dITKOV\u00c9 LETY SL\u00c1DKOVI\u010cOVO Pon\u00fakame lety s mo\u017enos\u0165ou vysk\u00fa\u0161a\u0165 si pilotovanie lietadla Eurofox (1 osoba) 20 min\u00fat \u2013\u00a045 EUR40 min\u00fat \u2013\u00a085 EUR60 min\u00fat \u2013\u00a0117 EUR Viper SD4 (1 osoba) 20 min\u00fat \u2013\u00a061 EUR40 min\u00fat \u2013\u00a0111 EUR60 min\u00fat \u2013\u00a0156 EUR Cessna 172\/ Piper Warior (3 osoby) 15 min\u00fat \u2013\u00a067 EUR30 min\u00fat \u2013\u00a0128 EUR45 min\u00fat \u2013\u00a0184 EUR60 min\u00fat [&hellip;]<\/p>\n","protected":false},"author":1,"featured_media":0,"parent":147,"menu_order":0,"comment_status":"closed","ping_status":"closed","template":"elementor_header_footer","meta":{"ngg_post_thumbnail":0,"footnotes":""},"class_list":["post-2627","page","type-page","status-publish","hentry"],"aioseo_notices":[],"_links":{"self":[{"href":"https:\/\/hotelgalanta.sk\/new\/wp-json\/wp\/v2\/pages\/2627","targetHints":{"allow":["GET"]}}],"collection":[{"href":"https:\/\/hotelgalanta.sk\/new\/wp-json\/wp\/v2\/pages"}],"about":[{"href":"https:\/\/hotelgalanta.sk\/new\/wp-json\/wp\/v2\/types\/page"}],"author":[{"embeddable":true,"href":"https:\/\/hotelgalanta.sk\/new\/wp-json\/wp\/v2\/users\/1"}],"replies":[{"embeddable":true,"href":"https:\/\/hotelgalanta.sk\/new\/wp-json\/wp\/v2\/comments?post=2627"}],"version-history":[{"count":44,"href":"https:\/\/hotelgalanta.sk\/new\/wp-json\/wp\/v2\/pages\/2627\/revisions"}],"predecessor-version":[{"id":5522,"href":"https:\/\/hotelgalanta.sk\/new\/wp-json\/wp\/v2\/pages\/2627\/revisions\/5522"}],"up":[{"embeddable":true,"href":"https:\/\/hotelgalanta.sk\/new\/wp-json\/wp\/v2\/pages\/147"}],"wp:attachment":[{"href":"https:\/\/hotelgalanta.sk\/new\/wp-json\/wp\/v2\/media?parent=2627"}],"curies":[{"name":"wp","href":"https:\/\/api.w.org\/{rel}","templated":true}]}}