{"id":2970,"date":"2018-10-31T08:20:59","date_gmt":"2018-10-31T08:20:59","guid":{"rendered":"https:\/\/www.hotelgalanta.sk\/?page_id=2970"},"modified":"2025-02-27T06:40:31","modified_gmt":"2025-02-27T06:40:31","slug":"pravidla-ochrany-osobnych-udajov","status":"publish","type":"page","link":"https:\/\/hotelgalanta.sk\/new\/pravidla-ochrany-osobnych-udajov\/","title":{"rendered":"Pravidl\u00e1 ochrany osobn\u00fdch \u00fadajov"},"content":{"rendered":"<h2>Kto sme<\/h2>\n<p><strong>Hotel Galanta s.r.o.<\/strong><br \/>\nOrechov\u00e1 2626\/1<br \/>\n924 01 Galanta<br \/>\nI\u010cO: 36 614 009<br \/>\nI\u010c DPH: Sk2022205768<br \/>\nDI\u010c: 2022205768<\/p>\n<p>Hotel Galanta s.r.o., I\u010cO: 36 614 009 sa zav\u00e4zuje chr\u00e1ni\u0165 va\u0161e s\u00fakromie.<br \/>\nAk m\u00e1te ak\u00e9ko\u013evek ot\u00e1zky alebo probl\u00e9my t\u00fdkaj\u00face sa pou\u017e\u00edvania va\u0161ich osobn\u00fdch \u00fadajov, <a href=\"https:\/\/www.hotelgalanta.sk\/kontakt\/\">kontaktujte n\u00e1s<\/a> a my V\u00e1m radi pom\u00f4\u017eeme.<\/p>\n<p>Pou\u017e\u00edvan\u00edm t\u00fdchto str\u00e1nok a \/ alebo na\u0161ich slu\u017eieb s\u00fahlas\u00edte so spracovan\u00edm va\u0161ich osobn\u00fdch \u00fadajov, ako je uveden\u00e9 v t\u00fdchto Pravidl\u00e1ch ochrany osobn\u00fdch \u00fadajov.<\/p>\n<p>&nbsp;<\/p>\n<h3>Defin\u00edcia<\/h3>\n<p>Osobn\u00e9 \u00fadaje \u2013 ak\u00e9ko\u013evek inform\u00e1cie t\u00fdkaj\u00face sa identifikovanej alebo identifikovate\u013enej fyzickej osoby.<br \/>\nSpracovanie \u2013 ak\u00e1ko\u013evek oper\u00e1cia alebo s\u00fabor oper\u00e1ci\u00ed, ktor\u00e9 sa vykon\u00e1vaj\u00fa na osobn\u00fdch \u00fadajoch alebo s\u00faboroch osobn\u00fdch \u00fadajov.<br \/>\nSubjekt \u00fadajov \u2013 fyzick\u00e1 osoba, ktorej osobn\u00e9 \u00fadaje s\u00fa spracov\u00e1van\u00e9.<br \/>\nDie\u0165a \u2013 fyzick\u00e1 osoba mlad\u0161ia ako 16 rokov.<\/p>\n<h3>Z\u00e1sady ochrany \u00fadajov<\/h3>\n<p><strong>S\u013eubujeme dodr\u017eiavanie t\u00fdchto z\u00e1sad ochrany \u00fadajov:<\/strong><\/p>\n<ul>\n<li>&nbsp;&nbsp;&nbsp; Spracovanie je z\u00e1konn\u00e9, spravodliv\u00e9, transparentn\u00e9. Na\u0161e spracovate\u013esk\u00e9 \u010dinnosti maj\u00fa z\u00e1konn\u00e9 d\u00f4vody.<\/li>\n<li>&nbsp;&nbsp;&nbsp; Pred spracovan\u00edm osobn\u00fdch \u00fadajov v\u017edy s\u00fa n\u00e1m prvorad\u00e9&nbsp;va\u0161e pr\u00e1va. Na po\u017eiadanie v\u00e1m poskytneme inform\u00e1cie t\u00fdkaj\u00face sa spracovania.<\/li>\n<li>&nbsp;&nbsp;&nbsp; Spracovanie je obmedzen\u00e9 na objedn\u00e1vanie na\u0161ich slu\u017eieb v Hoteli Galanta. Na\u0161e spracovate\u013esk\u00e9 \u010dinnosti zodpovedaj\u00fa \u00fa\u010delu, pre ktor\u00fd boli zhroma\u017eden\u00e9 osobn\u00e9 \u00fadaje.<\/li>\n<li>&nbsp;&nbsp;&nbsp; Spracovanie sa vykon\u00e1va s minim\u00e1lnymi \u00fadajmi. Zhroma\u017e\u010fujeme a spracov\u00e1vame len minim\u00e1lne mno\u017estvo osobn\u00fdch \u00fadajov potrebn\u00fdch na ak\u00fdko\u013evek \u00fa\u010del.<\/li>\n<li>&nbsp;&nbsp;&nbsp; Spracovanie je obmedzen\u00e9 \u010dasov\u00fdm obdob\u00edm. Va\u0161e osobn\u00e9 \u00fadaje nebudeme uchov\u00e1va\u0165 dlh\u0161ie, ne\u017e je potrebn\u00e9.<\/li>\n<li>&nbsp;&nbsp;&nbsp; Budeme sa sna\u017ei\u0165 zabezpe\u010di\u0165 presnos\u0165 \u00fadajov.<\/li>\n<li>&nbsp;&nbsp;&nbsp; Urob\u00edme v\u0161etko pre to, aby sme zabezpe\u010dili integritu a d\u00f4vernos\u0165 \u00fadajov.<br \/>\n&nbsp;<\/li>\n<\/ul>\n<h3>Ak\u00e9 pr\u00e1va m\u00e1te nad svojimi \u00fadajmi<\/h3>\n<p><strong>Subjekt \u00fadajov m\u00e1&nbsp; nasleduj\u00face pr\u00e1va:<\/strong><\/p>\n<ul>\n<li>&nbsp;&nbsp;&nbsp; Pr\u00e1vo na inform\u00e1cie \u2013 znamen\u00e1, \u017ee mus\u00edte vedie\u0165, \u010di sa va\u0161e osobn\u00e9 \u00fadaje spracov\u00e1vaj\u00fa; ak\u00e9 \u00fadaje sa zhroma\u017e\u010fuj\u00fa, odkia\u013e sa z\u00edskavaj\u00fa a pre\u010do a k\u00fdm s\u00fa spracov\u00e1van\u00e9.<\/li>\n<li>&nbsp;&nbsp;&nbsp; Pr\u00e1vo na pr\u00edstup \u2013 znamen\u00e1, \u017ee m\u00e1te pr\u00e1vo na pr\u00edstup k \u00fadajom zhroma\u017eden\u00fdm od v\u00e1s. To zah\u0155\u0148a aj pr\u00e1vo po\u017eiada\u0165 o k\u00f3piu zhroma\u017eden\u00fdch osobn\u00fdch<br \/>\n&nbsp;&nbsp;&nbsp; \u00fadajov a z\u00edska\u0165 ich k\u00f3piu.&nbsp;&nbsp;&nbsp;<\/li>\n<li>&nbsp;&nbsp;&nbsp; Pr\u00e1vo na opravu \u2013 znamen\u00e1, \u017ee m\u00e1te pr\u00e1vo po\u017eiada\u0165 o opravu alebo vymazanie va\u0161ich osobn\u00fdch \u00fadajov, ktor\u00e9 s\u00fa nepresn\u00e9 alebo ne\u00fapln\u00e9.<\/li>\n<li>&nbsp;&nbsp;&nbsp; Pr\u00e1vo na vymazanie \u2013 \u010do znamen\u00e1, \u017ee za ur\u010dit\u00fdch okolnost\u00ed m\u00f4\u017eete po\u017eiada\u0165 o vymazanie va\u0161ich osobn\u00fdch \u00fadajov z na\u0161ich z\u00e1znamov.<\/li>\n<li>&nbsp;&nbsp;&nbsp; Pr\u00e1vo obmedzi\u0165 spracovanie \u2013 \u010do znamen\u00e1, \u017ee v pr\u00edpade ur\u010dit\u00fdch podmienok m\u00e1te pr\u00e1vo obmedzi\u0165 spracovanie va\u0161ich osobn\u00fdch \u00fadajov.<\/li>\n<li>&nbsp;&nbsp;&nbsp; Pr\u00e1vo namieta\u0165 proti spracovaniu \u2013 v niektor\u00fdch pr\u00edpadoch m\u00e1te pr\u00e1vo vznies\u0165 n\u00e1mietky proti spracovaniu va\u0161ich osobn\u00fdch \u00fadajov, napr\u00edklad v pr\u00edpade priameho marketingu.<\/li>\n<li>&nbsp;&nbsp;&nbsp; Pr\u00e1vo na n\u00e1mietku proti automatizovan\u00e9mu spracovaniu \u2013 \u010do znamen\u00e1, \u017ee m\u00e1te pr\u00e1vo vznies\u0165 n\u00e1mietky proti automatizovan\u00e9mu spracovaniu vr\u00e1tane profilovania;<br \/>\n&nbsp;&nbsp;&nbsp;&nbsp;toto nepodlieha rozhodnutiu zalo\u017een\u00e9mu v\u00fdlu\u010dne na automatizovanom spracovan\u00ed. Toto pr\u00e1vo m\u00f4\u017eete uplatni\u0165 v\u017edy, ke\u010f d\u00f4jde k v\u00fdsledku profilovania, ktor\u00fd vytv\u00e1ra pr\u00e1vne \u00fa\u010dinky<br \/>\n&nbsp;&nbsp;&nbsp; t\u00fdkaj\u00face sa v\u00e1s alebo ktor\u00e9 v\u00e1s v\u00fdznamne ovplyv\u0148uj\u00fa.<\/li>\n<li>&nbsp;&nbsp;&nbsp; Pr\u00e1vo na prenos d\u00e1t \u2013 m\u00e1te pr\u00e1vo na z\u00edskanie osobn\u00fdch \u00fadajov v strojovo \u010ditate\u013enom form\u00e1te alebo ak je to mo\u017en\u00e9, ako prenosom z jedn\u00e9ho&nbsp;zariadenia na in\u00e9.<\/li>\n<li>&nbsp;&nbsp;&nbsp; Pr\u00e1vo poda\u0165 s\u0165a\u017enos\u0165 \u2013 v pr\u00edpade, \u017ee odmietneme va\u0161u \u017eiados\u0165 pod\u013ea pr\u00e1v na pr\u00edstup, poskytneme v\u00e1m d\u00f4vod. Ak nie ste spokojn\u00fd so sp\u00f4sobom spracovania va\u0161ej \u017eiadosti,<br \/>\n&nbsp;&nbsp;&nbsp; kontaktujte n\u00e1s.<\/li>\n<li>&nbsp;&nbsp;&nbsp; Pr\u00e1vo na pomoc org\u00e1nu doh\u013eadu \u2013 \u010do znamen\u00e1, \u017ee m\u00e1te pr\u00e1vo na pomoc org\u00e1nu doh\u013eadu a pr\u00e1vo na in\u00e9 opravn\u00e9 prostriedky, ako napr\u00edklad n\u00e1rok na n\u00e1hradu \u0161kody.<\/li>\n<li>&nbsp;&nbsp;&nbsp; Pr\u00e1vo na zru\u0161enie s\u00fahlasu \u2013 m\u00e1te pr\u00e1vo odobra\u0165 ak\u00fdko\u013evek dan\u00fd s\u00fahlas na spracovanie va\u0161ich osobn\u00fdch \u00fadajov.<br \/>\n&nbsp;<\/li>\n<\/ul>\n<h3>\u00dadaje, ktor\u00e9 zhroma\u017e\u010fujeme<\/h3>\n<p><strong>Inform\u00e1cie, ktor\u00e9 ste n\u00e1m poskytli<\/strong><br \/>\nJe&nbsp;to&nbsp;va\u0161a e-mailov\u00e1 adresa, meno, adresa, telef\u00f3n, typ izby,&nbsp; at\u010f. \u2013 hlavne inform\u00e1cie, ktor\u00e9 s\u00fa potrebn\u00e9 na to, aby sme v\u00e1m poskytli slu\u017ebu alebo aby sme s vami zv\u00fd\u0161ili svoje sk\u00fasenosti so z\u00e1kazn\u00edkmi. Uklad\u00e1me inform\u00e1cie, ktor\u00e9 n\u00e1m poskytnete, aby ste mohli komentova\u0165 alebo vykona\u0165 in\u00e9 aktivity na webov\u00fdch str\u00e1nkach. Tieto inform\u00e1cie zah\u0155\u0148aj\u00fa&nbsp;va\u0161e meno a e-mailov\u00fa adresu, adresu, telef\u00f3n, va\u0161u po\u017eiadavku.<\/p>\n<p><strong>Inform\u00e1cie zhroma\u017eden\u00e9 automaticky o v\u00e1s<\/strong><br \/>\nPatria sem inform\u00e1cie, ktor\u00e9 s\u00fa automaticky ukladan\u00e9 prostredn\u00edctvom s\u00faborov cookie a in\u00fdch n\u00e1strojov rel\u00e1cie. Napr\u00edklad inform\u00e1cie o vami prezeran\u00fdch str\u00e1nkach, va\u0161a adresa IP at\u010f. Tieto inform\u00e1cie sa pou\u017e\u00edvaj\u00fa na zlep\u0161enie va\u0161ich rezerv\u00e1ci\u00ed do bud\u00facnosti. Ke\u010f vyu\u017e\u00edvate na\u0161e slu\u017eby alebo sa pozriete na obsah na\u0161ich webov\u00fdch str\u00e1nok, va\u0161e aktivity m\u00f4\u017eu by\u0165 zaznamenan\u00e9.<\/p>\n<p><strong>Inform\u00e1cie od na\u0161ich partnerov<\/strong><br \/>\nZ na\u0161ich d\u00f4veryhodn\u00fdch partnerov zhroma\u017e\u010fujeme inform\u00e1cie s potvrden\u00edm, \u017ee maj\u00fa pr\u00e1vny z\u00e1klad na zdie\u013eanie t\u00fdchto inform\u00e1ci\u00ed s nami. Ide bu\u010f o inform\u00e1cie, ktor\u00e9 ste im priamo poskytli, alebo o v\u00e1s zhroma\u017edili z in\u00fdch pr\u00e1vnych d\u00f4vodov.<\/p>\n<p><strong>Verejne dostupn\u00e9 inform\u00e1cie<\/strong><br \/>\nMohli by sme z\u00edska\u0165 inform\u00e1cie o v\u00e1s, ktor\u00e9 s\u00fa verejne dostupn\u00e9.<\/p>\n<p>&nbsp;<\/p>\n<h3>Ako pou\u017e\u00edvame va\u0161e osobn\u00e9 \u00fadaje<\/h3>\n<p><strong>Va\u0161e osobn\u00e9 \u00fadaje pou\u017e\u00edvame na:<\/strong><\/p>\n<ul>\n<li>Poskytovanie slu\u017eieb. Na zv\u00fd\u0161enie spokojnosti z\u00e1kazn\u00edkov; na splnenie z\u00e1v\u00e4zkov pod\u013ea z\u00e1kona alebo zmluvy.<\/li>\n<li>Va\u0161e osobn\u00e9 \u00fadaje pou\u017e\u00edvame z opr\u00e1vnen\u00fdch d\u00f4vodov&nbsp;a &nbsp;s va\u0161\u00edm s\u00fahlasom.<\/li>\n<\/ul>\n<p><strong>Na z\u00e1klade uzatvorenia zmluvy alebo plnenia zmluvn\u00fdch z\u00e1v\u00e4zkov spracujeme Va\u0161e osobn\u00e9 \u00fadaje na nasleduj\u00face \u00fa\u010dely:<\/strong><\/p>\n<ul>\n<li>Va\u0161u identifik\u00e1ciu.<\/li>\n<li>Poskytovanie slu\u017eieb.<\/li>\n<li>Komunik\u00e1ciu s cie\u013eom zlep\u0161enia pon\u00fakan\u00fdch slu\u017eieb.<\/li>\n<\/ul>\n<p><strong>Na z\u00e1klade v\u00e1\u0161ho s\u00fahlasu spracujeme Va\u0161e osobn\u00e9 \u00fadaje na nasleduj\u00face \u00fa\u010dely:<\/strong><\/p>\n<ul>\n<li>Aby sme v\u00e1m poslali osobn\u00e9 ponuky ubytovania.<\/li>\n<li>Spravovanie a analyzovanie na\u0161ej datab\u00e1zy z\u00e1kazn\u00edkov&nbsp; s cie\u013eom zlep\u0161i\u0165 kvalitu, rozmanitos\u0165 a dostupnos\u0165 slu\u017eieb.&nbsp;<\/li>\n<li>Vedenia dotazn\u00edkov t\u00fdkaj\u00facich sa spokojnosti klientov.<\/li>\n<\/ul>\n<p><strong>S va\u0161\u00edm s\u00fahlasom spracujeme va\u0161e osobn\u00e9 \u00fadaje na nasleduj\u00face \u00fa\u010dely:<\/strong><\/p>\n<ul>\n<li>Posiela\u0165 v\u00e1m newsletter a ponuky kampane.<\/li>\n<\/ul>\n<p>Va\u0161e osobn\u00e9 \u00fadaje spracov\u00e1vame, aby sme splnili z\u00e1v\u00e4zky vypl\u00fdvaj\u00face zo z\u00e1kona a&nbsp; vyu\u017eili va\u0161e osobn\u00e9 \u00fadaje pre mo\u017enosti vypl\u00fdvaj\u00face zo z\u00e1kona. Vyhradzujeme si pr\u00e1vo zhroma\u017e\u010fova\u0165 anonymizovan\u00e9 osobn\u00e9 \u00fadaje a pou\u017e\u00edva\u0165 tak\u00e9to \u00fadaje. Vyu\u017e\u00edvame \u00fadaje mimo r\u00e1mca t\u00fdchto pravidiel iba vtedy, ak je to anonymn\u00e9. Va\u0161e faktura\u010dn\u00e9 inform\u00e1cie a \u010fal\u0161ie inform\u00e1cie zhroma\u017eden\u00e9 o v\u00e1s uchov\u00e1vame tak dlho, ako je to potrebn\u00e9 pre \u00fa\u010dtovn\u00e9 \u00fa\u010dely alebo in\u00e9 povinnosti vypl\u00fdvaj\u00face zo z\u00e1kona.<\/p>\n<p><strong>Va\u0161e osobn\u00e9 \u00fadaje sme mohli spracova\u0165 na \u010fal\u0161ie \u00fa\u010dely, ktor\u00e9 tu nie s\u00fa uveden\u00e9, ale s\u00fa kompatibiln\u00e9 s p\u00f4vodn\u00fdm \u00fa\u010delom, pre ktor\u00fd boli \u00fadaje zhroma\u017eden\u00e9. Za t\u00fdmto \u00fa\u010delom zabezpe\u010d\u00edme, aby:<\/strong><\/p>\n<ul>\n<li>Prepojenie medzi \u00fa\u010dtami, kontextom a povahou osobn\u00fdch \u00fadajov je vhodn\u00e9 na \u010fal\u0161ie spracovanie.<\/li>\n<li>\u010eal\u0161ie spracovanie by nepo\u0161kodilo va\u0161e z\u00e1ujmy a bolo by vhodn\u00e9 zabezpe\u010di\u0165 spracovanie.<\/li>\n<li>Budeme v\u00e1s informova\u0165 o akomko\u013evek \u010fal\u0161om spracovan\u00ed a \u00fa\u010deloch.<\/li>\n<\/ul>\n<p>&nbsp;<\/p>\n<h3>Kto in\u00fd m\u00f4\u017ee ma\u0165 pr\u00edstup k va\u0161im osobn\u00fdm \u00fadajom<\/h3>\n<p>Va\u0161e osobn\u00e9 \u00fadaje nezdie\u013eame s cudz\u00edmi \u013eu\u010fmi. Osobn\u00e9 \u00fadaje o v\u00e1s s\u00fa v niektor\u00fdch pr\u00edpadoch poskytovan\u00e9 na\u0161im d\u00f4veryhodn\u00fdm partnerom, aby sme mohli bu\u010f poskytn\u00fa\u0165 va\u0161u slu\u017ebu k v\u00e1m alebo posilni\u0165 va\u0161e sk\u00fasenosti so z\u00e1kazn\u00edkmi.<\/p>\n<p>Spolupracujeme iba so spracovate\u013esk\u00fdmi partnermi, ktor\u00ed dok\u00e1\u017eu zabezpe\u010di\u0165 primeran\u00fa \u00farove\u0148 ochrany va\u0161ich osobn\u00fdch \u00fadajov. Va\u0161e osobn\u00e9 \u00fadaje zverej\u0148ujeme tret\u00edm stran\u00e1m alebo verejn\u00fdm \u010dinite\u013eom, ke\u010f n\u00e1s to z pr\u00e1vneho h\u013eadiska zav\u00e4zuje. Va\u0161e osobn\u00e9 \u00fadaje m\u00f4\u017eeme zverejni\u0165 tret\u00edm stran\u00e1m, ak ste s&nbsp;t\u00fdm s\u00fahlasili alebo ak existuj\u00fa in\u00e9 pr\u00e1vne d\u00f4vody.<\/p>\n<p>&nbsp;<\/p>\n<h3>Ako zabezpe\u010dujeme va\u0161e \u00fadaje<\/h3>\n<p>Sna\u017e\u00edme sa, aby va\u0161e osobn\u00e9 \u00fadaje boli v bezpe\u010d\u00ed. Pou\u017e\u00edvame bezpe\u010dn\u00fd protokol na komunik\u00e1ciu a prenos d\u00e1t .&nbsp; Sledujeme na\u0161e syst\u00e9my pre mo\u017en\u00e9 zranite\u013enosti a \u00fatoky.<\/p>\n<p>Aj ke\u010f sa sna\u017e\u00edme \u010do najlep\u0161ie, nem\u00f4\u017eeme zaru\u010di\u0165 bezpe\u010dnos\u0165 inform\u00e1ci\u00ed. S\u013eubujeme v\u0161ak, \u017ee informujeme pr\u00edslu\u0161n\u00e9 org\u00e1ny o naru\u0161en\u00ed \u00fadajov. Takisto v\u00e1s budeme informova\u0165, ak by boli ohrozen\u00e9 va\u0161e pr\u00e1va alebo z\u00e1ujmy. Urob\u00edme v\u0161etko, \u010do bude v na\u0161ich sil\u00e1ch, aby sme zabr\u00e1nili naru\u0161eniu bezpe\u010dnosti a pom\u00e1hali org\u00e1nom v pr\u00edpade ak\u00fdchko\u013evek poru\u0161en\u00ed.<\/p>\n<p>&nbsp;<\/p>\n<h3>Kontaktn\u00e9 inform\u00e1cie<\/h3>\n<p><strong>Pr\u00e1vo poda\u0165 s\u0165a\u017enos\u0165<\/strong><\/p>\n<p>Uplatnen\u00edm pr\u00e1v vy\u0161\u0161ie uveden\u00fdm sp\u00f4sobom nie je nijako dotknut\u00e9 va\u0161e pr\u00e1vo poda\u0165 s\u0165a\u017enos\u0165 na pr\u00edslu\u0161nom dozornom org\u00e1ne. Toto pr\u00e1vo m\u00f4\u017eete uplatni\u0165 najm\u00e4 v pr\u00edpade, \u017ee sa domnievate, \u017ee va\u0161e osobn\u00e9 \u00fadaje spracov\u00e1vame neopr\u00e1vnene alebo v rozpore so v\u0161eobecne z\u00e1v\u00e4zn\u00fdmi pr\u00e1vnymi predpismi. S\u0165a\u017enos\u0165 proti nami uskuto\u010d\u0148ovan\u00e9mu spracovaniu osobn\u00fdch \u00fadajov m\u00f4\u017eete poda\u0165 na \u00darade na ochranu osobn\u00fdch \u00fadajov, ktor\u00fd s\u00eddli na adrese Hrani\u010dn\u00e1 12, 820 07 Bratislava 27.<\/p>\n<p><strong>Ako mo\u017eno uplatni\u0165 jednotliv\u00e9 pr\u00e1va?<\/strong><\/p>\n<p>Pre pr\u00edpadne ot\u00e1zky, s\u0165a\u017enosti alebo \u017eiadosti s\u00favisiace so spracovan\u00edm va\u0161ich osobn\u00fdch \u00fadajov sme v\u00e1m k dispoz\u00edcii na adrese <a href=\"mailto:hotelgalanta@hotelgalanta.sk\">hotelgalanta@hotelgalanta.sk<\/a>.<br \/>\nVo v\u0161etk\u00fdch z\u00e1le\u017eitostiach s\u00favisiacich so spracovan\u00edm va\u0161ich osobn\u00fdch \u00fadajov, nech u\u017e je to ot\u00e1zka, uplatnenie pr\u00e1va, podanie s\u0165a\u017enosti \u010di hoci\u010do in\u00e9, sa na n\u00e1s m\u00f4\u017eete obraca\u0165 na adrese <a href=\"mailto:hotelgalanta@hotelgalanta.sk\">hotelgalanta@hotelgalanta.sk<\/a>.<\/p>\n<h3>Zmeny t\u00fdchto pravidiel ochrany osobn\u00fdch \u00fadajov<\/h3>\n<p>Vyhradzujeme si pr\u00e1vo vykona\u0165 zmenu t\u00fdchto pravidiel ochrany osobn\u00fdch \u00fadajov.<br \/>\nPosledn\u00e1 zmena bola vykonan\u00e1 24.01.2025.<\/p>\n","protected":false},"excerpt":{"rendered":"<p>Kto sme Hotel Galanta s.r.o. Orechov\u00e1 2626\/1 924 01 Galanta I\u010cO: 36 614 009 I\u010c DPH: Sk2022205768 DI\u010c: 2022205768 Hotel Galanta s.r.o., I\u010cO: 36 614 009 sa zav\u00e4zuje chr\u00e1ni\u0165 va\u0161e s\u00fakromie. Ak m\u00e1te ak\u00e9ko\u013evek ot\u00e1zky alebo probl\u00e9my t\u00fdkaj\u00face sa pou\u017e\u00edvania va\u0161ich osobn\u00fdch \u00fadajov, kontaktujte n\u00e1s a my V\u00e1m radi pom\u00f4\u017eeme. Pou\u017e\u00edvan\u00edm t\u00fdchto str\u00e1nok a \/ [&hellip;]<\/p>\n","protected":false},"author":1,"featured_media":0,"parent":0,"menu_order":0,"comment_status":"closed","ping_status":"closed","template":"templates\/template-page-no-sidebar.php","meta":{"ngg_post_thumbnail":0,"footnotes":""},"class_list":["post-2970","page","type-page","status-publish","hentry"],"aioseo_notices":[],"_links":{"self":[{"href":"https:\/\/hotelgalanta.sk\/new\/wp-json\/wp\/v2\/pages\/2970","targetHints":{"allow":["GET"]}}],"collection":[{"href":"https:\/\/hotelgalanta.sk\/new\/wp-json\/wp\/v2\/pages"}],"about":[{"href":"https:\/\/hotelgalanta.sk\/new\/wp-json\/wp\/v2\/types\/page"}],"author":[{"embeddable":true,"href":"https:\/\/hotelgalanta.sk\/new\/wp-json\/wp\/v2\/users\/1"}],"replies":[{"embeddable":true,"href":"https:\/\/hotelgalanta.sk\/new\/wp-json\/wp\/v2\/comments?post=2970"}],"version-history":[{"count":6,"href":"https:\/\/hotelgalanta.sk\/new\/wp-json\/wp\/v2\/pages\/2970\/revisions"}],"predecessor-version":[{"id":5999,"href":"https:\/\/hotelgalanta.sk\/new\/wp-json\/wp\/v2\/pages\/2970\/revisions\/5999"}],"wp:attachment":[{"href":"https:\/\/hotelgalanta.sk\/new\/wp-json\/wp\/v2\/media?parent=2970"}],"curies":[{"name":"wp","href":"https:\/\/api.w.org\/{rel}","templated":true}]}}