{"id":3835,"date":"2022-12-21T11:31:35","date_gmt":"2022-12-21T11:31:35","guid":{"rendered":"https:\/\/hotelgalanta.sk\/new\/?page_id=3835"},"modified":"2025-02-18T09:00:29","modified_gmt":"2025-02-18T09:00:29","slug":"tepidarium","status":"publish","type":"page","link":"https:\/\/hotelgalanta.sk\/new\/wellness\/tepidarium\/","title":{"rendered":"Tepid\u00e1rium"},"content":{"rendered":"\t\t<div data-elementor-type=\"wp-page\" data-elementor-id=\"3835\" class=\"elementor elementor-3835\">\n\t\t\t\t<div class=\"elementor-element elementor-element-18cdf49 e-flex e-con-boxed e-con e-parent\" data-id=\"18cdf49\" data-element_type=\"container\" data-settings=\"{&quot;background_background&quot;:&quot;classic&quot;}\">\n\t\t\t\t\t<div class=\"e-con-inner\">\n\t\t\t\t<div class=\"elementor-element elementor-element-7b290c4 elementor-widget elementor-widget-heading\" data-id=\"7b290c4\" data-element_type=\"widget\" data-widget_type=\"heading.default\">\n\t\t\t\t<div class=\"elementor-widget-container\">\n\t\t\t\t\t<h2 class=\"elementor-heading-title elementor-size-default\"><b class=\"my-brown\">TEPID\u00c1RIUM<\/b><\/h2>\t\t\t\t<\/div>\n\t\t\t\t<\/div>\n\t\t<div class=\"elementor-element elementor-element-cb9d4e6 e-con-full e-flex e-con e-child\" data-id=\"cb9d4e6\" data-element_type=\"container\" data-settings=\"{&quot;background_background&quot;:&quot;classic&quot;}\">\n\t\t<div class=\"elementor-element elementor-element-70f85c5 e-grid e-con-full e-con e-child\" data-id=\"70f85c5\" data-element_type=\"container\">\n\t\t\t\t<div class=\"elementor-element elementor-element-1bc7894 elementor-widget elementor-widget-image\" data-id=\"1bc7894\" data-element_type=\"widget\" data-widget_type=\"image.default\">\n\t\t\t\t<div class=\"elementor-widget-container\">\n\t\t\t\t\t\t\t\t\t\t\t\t\t\t\t\t<a href=\"https:\/\/hotelgalanta.sk\/new\/wp-content\/uploads\/2025\/02\/Tepidarium-2.jpg\" data-elementor-open-lightbox=\"yes\" data-elementor-lightbox-title=\"Tepidarium-2\" data-e-action-hash=\"#elementor-action%3Aaction%3Dlightbox%26settings%3DeyJpZCI6NTI0OCwidXJsIjoiaHR0cHM6XC9cL2hvdGVsZ2FsYW50YS5za1wvbmV3XC93cC1jb250ZW50XC91cGxvYWRzXC8yMDI1XC8wMlwvVGVwaWRhcml1bS0yLmpwZyJ9\">\n\t\t\t\t\t\t\t<img fetchpriority=\"high\" decoding=\"async\" width=\"1200\" height=\"1077\" src=\"https:\/\/hotelgalanta.sk\/new\/wp-content\/uploads\/2025\/02\/Tepidarium-2.jpg\" class=\"attachment-full size-full wp-image-5248\" alt=\"\" srcset=\"https:\/\/hotelgalanta.sk\/new\/wp-content\/uploads\/2025\/02\/Tepidarium-2.jpg 1200w, https:\/\/hotelgalanta.sk\/new\/wp-content\/uploads\/2025\/02\/Tepidarium-2-300x269.jpg 300w, https:\/\/hotelgalanta.sk\/new\/wp-content\/uploads\/2025\/02\/Tepidarium-2-1024x919.jpg 1024w, https:\/\/hotelgalanta.sk\/new\/wp-content\/uploads\/2025\/02\/Tepidarium-2-768x689.jpg 768w, https:\/\/hotelgalanta.sk\/new\/wp-content\/uploads\/2025\/02\/Tepidarium-2-600x539.jpg 600w\" sizes=\"(max-width: 1200px) 100vw, 1200px\" \/>\t\t\t\t\t\t\t\t<\/a>\n\t\t\t\t\t\t\t\t\t\t\t\t\t\t\t<\/div>\n\t\t\t\t<\/div>\n\t\t<div class=\"elementor-element elementor-element-5cf0c06 e-con-full e-flex e-con e-child\" data-id=\"5cf0c06\" data-element_type=\"container\">\n\t\t\t\t<div class=\"elementor-element elementor-element-6bc93ce elementor-widget elementor-widget-text-editor\" data-id=\"6bc93ce\" data-element_type=\"widget\" data-widget_type=\"text-editor.default\">\n\t\t\t\t<div class=\"elementor-widget-container\">\n\t\t\t\t\t\t\t\t\t<p>Vyhrievan\u00e9 le\u017eadl\u00e1 umo\u017e\u0148uj\u00fa pr\u00edjemn\u00fd a \u013eahk\u00fd relax v\u010faka svojej teplote dokonale prisp\u00f4sobenej k telesnej teplote.<\/p><p>Tepid\u00e1rium alebo vyhrievan\u00e1 plocha m\u00e1 starovek\u00fd p\u00f4vod; bola v skuto\u010dnosti u\u017e v r\u00edmskych k\u00fape\u013eoch a t\u00e1to term\u00e1lna miestnos\u0165 vytv\u00e1ra optim\u00e1lne prostredie na podporu imunitn\u00e9ho syst\u00e9mu tela.<\/p>\t\t\t\t\t\t\t\t<\/div>\n\t\t\t\t<\/div>\n\t\t\t\t<\/div>\n\t\t\t\t<\/div>\n\t\t\t\t<\/div>\n\t\t\t\t\t<\/div>\n\t\t\t\t<\/div>\n\t\t\t\t<\/div>\n\t\t","protected":false},"excerpt":{"rendered":"<p>TEPID\u00c1RIUM Vyhrievan\u00e9 le\u017eadl\u00e1 umo\u017e\u0148uj\u00fa pr\u00edjemn\u00fd a \u013eahk\u00fd relax v\u010faka svojej teplote dokonale prisp\u00f4sobenej k telesnej teplote. Tepid\u00e1rium alebo vyhrievan\u00e1 plocha m\u00e1 starovek\u00fd p\u00f4vod; bola v skuto\u010dnosti u\u017e v r\u00edmskych k\u00fape\u013eoch a t\u00e1to term\u00e1lna miestnos\u0165 vytv\u00e1ra optim\u00e1lne prostredie na podporu imunitn\u00e9ho syst\u00e9mu tela.<\/p>\n","protected":false},"author":3,"featured_media":0,"parent":3832,"menu_order":0,"comment_status":"closed","ping_status":"closed","template":"elementor_header_footer","meta":{"ngg_post_thumbnail":0,"footnotes":""},"class_list":["post-3835","page","type-page","status-publish","hentry"],"aioseo_notices":[],"_links":{"self":[{"href":"https:\/\/hotelgalanta.sk\/new\/wp-json\/wp\/v2\/pages\/3835","targetHints":{"allow":["GET"]}}],"collection":[{"href":"https:\/\/hotelgalanta.sk\/new\/wp-json\/wp\/v2\/pages"}],"about":[{"href":"https:\/\/hotelgalanta.sk\/new\/wp-json\/wp\/v2\/types\/page"}],"author":[{"embeddable":true,"href":"https:\/\/hotelgalanta.sk\/new\/wp-json\/wp\/v2\/users\/3"}],"replies":[{"embeddable":true,"href":"https:\/\/hotelgalanta.sk\/new\/wp-json\/wp\/v2\/comments?post=3835"}],"version-history":[{"count":5,"href":"https:\/\/hotelgalanta.sk\/new\/wp-json\/wp\/v2\/pages\/3835\/revisions"}],"predecessor-version":[{"id":5806,"href":"https:\/\/hotelgalanta.sk\/new\/wp-json\/wp\/v2\/pages\/3835\/revisions\/5806"}],"up":[{"embeddable":true,"href":"https:\/\/hotelgalanta.sk\/new\/wp-json\/wp\/v2\/pages\/3832"}],"wp:attachment":[{"href":"https:\/\/hotelgalanta.sk\/new\/wp-json\/wp\/v2\/media?parent=3835"}],"curies":[{"name":"wp","href":"https:\/\/api.w.org\/{rel}","templated":true}]}}