{"id":3838,"date":"2022-12-21T11:36:05","date_gmt":"2022-12-21T11:36:05","guid":{"rendered":"https:\/\/hotelgalanta.sk\/new\/?page_id=3838"},"modified":"2025-02-18T08:56:49","modified_gmt":"2025-02-18T08:56:49","slug":"bazenova-a-virivkova-sala","status":"publish","type":"page","link":"https:\/\/hotelgalanta.sk\/new\/wellness\/bazenova-a-virivkova-sala\/","title":{"rendered":"Baz\u00e9nov\u00e1 a v\u00edrivkov\u00e1 s\u00e1la"},"content":{"rendered":"\t\t<div data-elementor-type=\"wp-page\" data-elementor-id=\"3838\" class=\"elementor elementor-3838\">\n\t\t\t\t<div class=\"elementor-element elementor-element-1a3d192 e-flex e-con-boxed e-con e-parent\" data-id=\"1a3d192\" data-element_type=\"container\" data-settings=\"{&quot;background_background&quot;:&quot;classic&quot;}\">\n\t\t\t\t\t<div class=\"e-con-inner\">\n\t\t\t\t<div class=\"elementor-element elementor-element-07b6514 elementor-widget elementor-widget-heading\" data-id=\"07b6514\" data-element_type=\"widget\" data-widget_type=\"heading.default\">\n\t\t\t\t<div class=\"elementor-widget-container\">\n\t\t\t\t\t<h2 class=\"elementor-heading-title elementor-size-default\">Baz\u00e9nov\u00e1 a v\u00edrivkov\u00e1 <b class=\"my-brown\">S\u00c1LA<\/b><\/h2>\t\t\t\t<\/div>\n\t\t\t\t<\/div>\n\t\t<div class=\"elementor-element elementor-element-56ab489 e-con-full e-flex e-con e-child\" data-id=\"56ab489\" data-element_type=\"container\" data-settings=\"{&quot;background_background&quot;:&quot;classic&quot;}\">\n\t\t\t\t<div class=\"elementor-element elementor-element-a872bff elementor-widget elementor-widget-image\" data-id=\"a872bff\" data-element_type=\"widget\" data-widget_type=\"image.default\">\n\t\t\t\t<div class=\"elementor-widget-container\">\n\t\t\t\t\t\t\t\t\t\t\t\t\t\t\t\t<a href=\"https:\/\/hotelgalanta.sk\/new\/wp-content\/uploads\/2025\/02\/bazen1.jpg\" data-elementor-open-lightbox=\"yes\" data-elementor-lightbox-title=\"bazen1\" data-e-action-hash=\"#elementor-action%3Aaction%3Dlightbox%26settings%3DeyJpZCI6NTIzNywidXJsIjoiaHR0cHM6XC9cL2hvdGVsZ2FsYW50YS5za1wvbmV3XC93cC1jb250ZW50XC91cGxvYWRzXC8yMDI1XC8wMlwvYmF6ZW4xLmpwZyJ9\">\n\t\t\t\t\t\t\t<img fetchpriority=\"high\" decoding=\"async\" width=\"1200\" height=\"795\" src=\"https:\/\/hotelgalanta.sk\/new\/wp-content\/uploads\/2025\/02\/bazen1.jpg\" class=\"attachment-full size-full wp-image-5237\" alt=\"\" srcset=\"https:\/\/hotelgalanta.sk\/new\/wp-content\/uploads\/2025\/02\/bazen1.jpg 1200w, https:\/\/hotelgalanta.sk\/new\/wp-content\/uploads\/2025\/02\/bazen1-300x199.jpg 300w, https:\/\/hotelgalanta.sk\/new\/wp-content\/uploads\/2025\/02\/bazen1-1024x678.jpg 1024w, https:\/\/hotelgalanta.sk\/new\/wp-content\/uploads\/2025\/02\/bazen1-768x509.jpg 768w, https:\/\/hotelgalanta.sk\/new\/wp-content\/uploads\/2025\/02\/bazen1-600x398.jpg 600w\" sizes=\"(max-width: 1200px) 100vw, 1200px\" \/>\t\t\t\t\t\t\t\t<\/a>\n\t\t\t\t\t\t\t\t\t\t\t\t\t\t\t<\/div>\n\t\t\t\t<\/div>\n\t\t\t\t<div class=\"elementor-element elementor-element-1993d7c elementor-widget elementor-widget-heading\" data-id=\"1993d7c\" data-element_type=\"widget\" data-widget_type=\"heading.default\">\n\t\t\t\t<div class=\"elementor-widget-container\">\n\t\t\t\t\t<h2 class=\"elementor-heading-title elementor-size-default\">Swimming Pool<\/h2>\t\t\t\t<\/div>\n\t\t\t\t<\/div>\n\t\t\t\t<div class=\"elementor-element elementor-element-500129c elementor-widget elementor-widget-text-editor\" data-id=\"500129c\" data-element_type=\"widget\" data-widget_type=\"text-editor.default\">\n\t\t\t\t<div class=\"elementor-widget-container\">\n\t\t\t\t\t\t\t\t\t<p>N\u00e1\u0161 luxusn\u00fd, \u0161pecializovan\u00fd baz\u00e9n je vyroben\u00fd z najlep\u0161\u00edch talianskych materi\u00e1lov a zah\u0155\u0148a jedine\u010dn\u00fd dizajn osvetlenia, ako aj baz\u00e9nov\u00e9 doplnky, ktor\u00e9 ho ozvl\u00e1\u0161tnia. Zah\u0155\u0148a protipr\u00fadov\u00fd pr\u00fad vody, ako aj hydromas\u00e1\u017ee v baz\u00e9ne.<\/p>\t\t\t\t\t\t\t\t<\/div>\n\t\t\t\t<\/div>\n\t\t\t\t<\/div>\n\t\t<div class=\"elementor-element elementor-element-c855cd0 e-con-full e-flex e-con e-child\" data-id=\"c855cd0\" data-element_type=\"container\" data-settings=\"{&quot;background_background&quot;:&quot;classic&quot;}\">\n\t\t<div class=\"elementor-element elementor-element-8a0e0ae e-grid e-con-full e-con e-child\" data-id=\"8a0e0ae\" data-element_type=\"container\">\n\t\t\t\t<div class=\"elementor-element elementor-element-bcd3cdf elementor-widget elementor-widget-image\" data-id=\"bcd3cdf\" data-element_type=\"widget\" data-widget_type=\"image.default\">\n\t\t\t\t<div class=\"elementor-widget-container\">\n\t\t\t\t\t\t\t\t\t\t\t\t\t\t\t\t<a href=\"https:\/\/hotelgalanta.sk\/new\/wp-content\/uploads\/2025\/02\/detska-sprcha.jpg\" data-elementor-open-lightbox=\"yes\" data-elementor-lightbox-title=\"detska-sprcha\" data-e-action-hash=\"#elementor-action%3Aaction%3Dlightbox%26settings%3DeyJpZCI6NTIzOSwidXJsIjoiaHR0cHM6XC9cL2hvdGVsZ2FsYW50YS5za1wvbmV3XC93cC1jb250ZW50XC91cGxvYWRzXC8yMDI1XC8wMlwvZGV0c2thLXNwcmNoYS5qcGcifQ%3D%3D\">\n\t\t\t\t\t\t\t<img decoding=\"async\" width=\"760\" height=\"1147\" src=\"https:\/\/hotelgalanta.sk\/new\/wp-content\/uploads\/2025\/02\/detska-sprcha.jpg\" class=\"attachment-full size-full wp-image-5239\" alt=\"\" srcset=\"https:\/\/hotelgalanta.sk\/new\/wp-content\/uploads\/2025\/02\/detska-sprcha.jpg 760w, https:\/\/hotelgalanta.sk\/new\/wp-content\/uploads\/2025\/02\/detska-sprcha-199x300.jpg 199w, https:\/\/hotelgalanta.sk\/new\/wp-content\/uploads\/2025\/02\/detska-sprcha-679x1024.jpg 679w, https:\/\/hotelgalanta.sk\/new\/wp-content\/uploads\/2025\/02\/detska-sprcha-600x906.jpg 600w\" sizes=\"(max-width: 760px) 100vw, 760px\" \/>\t\t\t\t\t\t\t\t<\/a>\n\t\t\t\t\t\t\t\t\t\t\t\t\t\t\t<\/div>\n\t\t\t\t<\/div>\n\t\t<div class=\"elementor-element elementor-element-3b89165 e-con-full e-flex e-con e-child\" data-id=\"3b89165\" data-element_type=\"container\">\n\t\t\t\t<div class=\"elementor-element elementor-element-275ca42 elementor-widget elementor-widget-heading\" data-id=\"275ca42\" data-element_type=\"widget\" data-widget_type=\"heading.default\">\n\t\t\t\t<div class=\"elementor-widget-container\">\n\t\t\t\t\t<h2 class=\"elementor-heading-title elementor-size-default\">Detsk\u00e1 da\u017e\u010fov\u00e1 sprcha<\/h2>\t\t\t\t<\/div>\n\t\t\t\t<\/div>\n\t\t\t\t<div class=\"elementor-element elementor-element-18b655b elementor-widget elementor-widget-text-editor\" data-id=\"18b655b\" data-element_type=\"widget\" data-widget_type=\"text-editor.default\">\n\t\t\t\t<div class=\"elementor-widget-container\">\n\t\t\t\t\t\t\t\t\t<p>Pridali sme elegantn\u00e9 sedenie a tie\u017e \u00fa\u017easn\u00fa sprchu so \u0161peci\u00e1lnym osvetlen\u00edm, pr\u00edjemne vyhrievan\u00fa pre zv\u00fd\u0161enie pohodlia a zasl\u00fa\u017een\u00fd odpo\u010dinok. Je to skvel\u00fd sp\u00f4sob, ako si odd\u00fdchnu\u0165 s priate\u013emi alebo pre deti, aby sa zabavili vo vode, zatia\u013e \u010do vy budete relaxova\u0165.<\/p>\t\t\t\t\t\t\t\t<\/div>\n\t\t\t\t<\/div>\n\t\t\t\t<\/div>\n\t\t\t\t<\/div>\n\t\t\t\t<\/div>\n\t\t<div class=\"elementor-element elementor-element-1f716b1 e-con-full e-flex e-con e-child\" data-id=\"1f716b1\" data-element_type=\"container\" data-settings=\"{&quot;background_background&quot;:&quot;classic&quot;}\">\n\t\t\t\t<div class=\"elementor-element elementor-element-dd711f2 elementor-widget elementor-widget-image\" data-id=\"dd711f2\" data-element_type=\"widget\" data-widget_type=\"image.default\">\n\t\t\t\t<div class=\"elementor-widget-container\">\n\t\t\t\t\t\t\t\t\t\t\t\t\t\t\t\t<a href=\"https:\/\/hotelgalanta.sk\/new\/wp-content\/uploads\/2025\/02\/virivka1.jpg\" data-elementor-open-lightbox=\"yes\" data-elementor-lightbox-title=\"virivka1\" data-e-action-hash=\"#elementor-action%3Aaction%3Dlightbox%26settings%3DeyJpZCI6NTI0OSwidXJsIjoiaHR0cHM6XC9cL2hvdGVsZ2FsYW50YS5za1wvbmV3XC93cC1jb250ZW50XC91cGxvYWRzXC8yMDI1XC8wMlwvdmlyaXZrYTEuanBnIn0%3D\">\n\t\t\t\t\t\t\t<img decoding=\"async\" width=\"1200\" height=\"795\" src=\"https:\/\/hotelgalanta.sk\/new\/wp-content\/uploads\/2025\/02\/virivka1.jpg\" class=\"attachment-full size-full wp-image-5249\" alt=\"\" srcset=\"https:\/\/hotelgalanta.sk\/new\/wp-content\/uploads\/2025\/02\/virivka1.jpg 1200w, https:\/\/hotelgalanta.sk\/new\/wp-content\/uploads\/2025\/02\/virivka1-300x199.jpg 300w, https:\/\/hotelgalanta.sk\/new\/wp-content\/uploads\/2025\/02\/virivka1-1024x678.jpg 1024w, https:\/\/hotelgalanta.sk\/new\/wp-content\/uploads\/2025\/02\/virivka1-768x509.jpg 768w, https:\/\/hotelgalanta.sk\/new\/wp-content\/uploads\/2025\/02\/virivka1-600x398.jpg 600w\" sizes=\"(max-width: 1200px) 100vw, 1200px\" \/>\t\t\t\t\t\t\t\t<\/a>\n\t\t\t\t\t\t\t\t\t\t\t\t\t\t\t<\/div>\n\t\t\t\t<\/div>\n\t\t\t\t<div class=\"elementor-element elementor-element-01a2f18 elementor-widget elementor-widget-heading\" data-id=\"01a2f18\" data-element_type=\"widget\" data-widget_type=\"heading.default\">\n\t\t\t\t<div class=\"elementor-widget-container\">\n\t\t\t\t\t<h2 class=\"elementor-heading-title elementor-size-default\">Jacuzzi<\/h2>\t\t\t\t<\/div>\n\t\t\t\t<\/div>\n\t\t\t\t<div class=\"elementor-element elementor-element-a40abaf elementor-widget elementor-widget-text-editor\" data-id=\"a40abaf\" data-element_type=\"widget\" data-widget_type=\"text-editor.default\">\n\t\t\t\t<div class=\"elementor-widget-container\">\n\t\t\t\t\t\t\t\t\t<p>Zdravotn\u00e9 v\u00fdhody pou\u017e\u00edvania jacuzzi zah\u0155\u0148aj\u00fa \u00fa\u013eavu od stresu, minimaliz\u00e1ciu bolesti, zn\u00ed\u017eenie hladiny cukru v krvi pri cukrovke, zn\u00ed\u017eenie krvn\u00e9ho tlaku a zdrav\u00fd sp\u00e1nok.<\/p>\t\t\t\t\t\t\t\t<\/div>\n\t\t\t\t<\/div>\n\t\t\t\t<\/div>\n\t\t\t\t\t<\/div>\n\t\t\t\t<\/div>\n\t\t\t\t<\/div>\n\t\t","protected":false},"excerpt":{"rendered":"<p>Baz\u00e9nov\u00e1 a v\u00edrivkov\u00e1 S\u00c1LA Swimming Pool N\u00e1\u0161 luxusn\u00fd, \u0161pecializovan\u00fd baz\u00e9n je vyroben\u00fd z najlep\u0161\u00edch talianskych materi\u00e1lov a zah\u0155\u0148a jedine\u010dn\u00fd dizajn osvetlenia, ako aj baz\u00e9nov\u00e9 doplnky, ktor\u00e9 ho ozvl\u00e1\u0161tnia. Zah\u0155\u0148a protipr\u00fadov\u00fd pr\u00fad vody, ako aj hydromas\u00e1\u017ee v baz\u00e9ne. Detsk\u00e1 da\u017e\u010fov\u00e1 sprcha Pridali sme elegantn\u00e9 sedenie a tie\u017e \u00fa\u017easn\u00fa sprchu so \u0161peci\u00e1lnym osvetlen\u00edm, pr\u00edjemne vyhrievan\u00fa pre zv\u00fd\u0161enie [&hellip;]<\/p>\n","protected":false},"author":3,"featured_media":0,"parent":3832,"menu_order":0,"comment_status":"closed","ping_status":"closed","template":"elementor_header_footer","meta":{"ngg_post_thumbnail":0,"footnotes":""},"class_list":["post-3838","page","type-page","status-publish","hentry"],"aioseo_notices":[],"_links":{"self":[{"href":"https:\/\/hotelgalanta.sk\/new\/wp-json\/wp\/v2\/pages\/3838","targetHints":{"allow":["GET"]}}],"collection":[{"href":"https:\/\/hotelgalanta.sk\/new\/wp-json\/wp\/v2\/pages"}],"about":[{"href":"https:\/\/hotelgalanta.sk\/new\/wp-json\/wp\/v2\/types\/page"}],"author":[{"embeddable":true,"href":"https:\/\/hotelgalanta.sk\/new\/wp-json\/wp\/v2\/users\/3"}],"replies":[{"embeddable":true,"href":"https:\/\/hotelgalanta.sk\/new\/wp-json\/wp\/v2\/comments?post=3838"}],"version-history":[{"count":6,"href":"https:\/\/hotelgalanta.sk\/new\/wp-json\/wp\/v2\/pages\/3838\/revisions"}],"predecessor-version":[{"id":5803,"href":"https:\/\/hotelgalanta.sk\/new\/wp-json\/wp\/v2\/pages\/3838\/revisions\/5803"}],"up":[{"embeddable":true,"href":"https:\/\/hotelgalanta.sk\/new\/wp-json\/wp\/v2\/pages\/3832"}],"wp:attachment":[{"href":"https:\/\/hotelgalanta.sk\/new\/wp-json\/wp\/v2\/media?parent=3838"}],"curies":[{"name":"wp","href":"https:\/\/api.w.org\/{rel}","templated":true}]}}