{"id":3845,"date":"2022-12-21T11:44:13","date_gmt":"2022-12-21T11:44:13","guid":{"rendered":"https:\/\/hotelgalanta.sk\/new\/?page_id=3845"},"modified":"2025-02-18T08:45:48","modified_gmt":"2025-02-18T08:45:48","slug":"solna-jaskyna","status":"publish","type":"page","link":"https:\/\/hotelgalanta.sk\/new\/wellness\/solna-jaskyna\/","title":{"rendered":"Soln\u00e1 jasky\u0148a"},"content":{"rendered":"\t\t<div data-elementor-type=\"wp-page\" data-elementor-id=\"3845\" class=\"elementor elementor-3845\">\n\t\t\t\t<div class=\"elementor-element elementor-element-268928c e-flex e-con-boxed e-con e-parent\" data-id=\"268928c\" data-element_type=\"container\" data-settings=\"{&quot;background_background&quot;:&quot;classic&quot;}\">\n\t\t\t\t\t<div class=\"e-con-inner\">\n\t\t\t\t<div class=\"elementor-element elementor-element-1330e62 elementor-widget elementor-widget-heading\" data-id=\"1330e62\" data-element_type=\"widget\" data-widget_type=\"heading.default\">\n\t\t\t\t<div class=\"elementor-widget-container\">\n\t\t\t\t\t<h2 class=\"elementor-heading-title elementor-size-default\">Soln\u00e1 <b class=\"my-brown\">JASKY\u0147A<\/b><\/h2>\t\t\t\t<\/div>\n\t\t\t\t<\/div>\n\t\t<div class=\"elementor-element elementor-element-e3b341a e-con-full e-flex e-con e-child\" data-id=\"e3b341a\" data-element_type=\"container\" data-settings=\"{&quot;background_background&quot;:&quot;classic&quot;}\">\n\t\t\t\t<div class=\"elementor-element elementor-element-91cdbac elementor-widget elementor-widget-image\" data-id=\"91cdbac\" data-element_type=\"widget\" data-widget_type=\"image.default\">\n\t\t\t\t<div class=\"elementor-widget-container\">\n\t\t\t\t\t\t\t\t\t\t\t\t\t\t\t\t<a href=\"https:\/\/hotelgalanta.sk\/new\/wp-content\/uploads\/2025\/02\/solna-jaskyna.jpg\" data-elementor-open-lightbox=\"yes\" data-elementor-lightbox-title=\"solna-jaskyna\" data-e-action-hash=\"#elementor-action%3Aaction%3Dlightbox%26settings%3DeyJpZCI6NTI0NiwidXJsIjoiaHR0cHM6XC9cL2hvdGVsZ2FsYW50YS5za1wvbmV3XC93cC1jb250ZW50XC91cGxvYWRzXC8yMDI1XC8wMlwvc29sbmEtamFza3luYS5qcGcifQ%3D%3D\">\n\t\t\t\t\t\t\t<img fetchpriority=\"high\" decoding=\"async\" width=\"1200\" height=\"795\" src=\"https:\/\/hotelgalanta.sk\/new\/wp-content\/uploads\/2025\/02\/solna-jaskyna.jpg\" class=\"attachment-full size-full wp-image-5246\" alt=\"\" srcset=\"https:\/\/hotelgalanta.sk\/new\/wp-content\/uploads\/2025\/02\/solna-jaskyna.jpg 1200w, https:\/\/hotelgalanta.sk\/new\/wp-content\/uploads\/2025\/02\/solna-jaskyna-300x199.jpg 300w, https:\/\/hotelgalanta.sk\/new\/wp-content\/uploads\/2025\/02\/solna-jaskyna-1024x678.jpg 1024w, https:\/\/hotelgalanta.sk\/new\/wp-content\/uploads\/2025\/02\/solna-jaskyna-768x509.jpg 768w, https:\/\/hotelgalanta.sk\/new\/wp-content\/uploads\/2025\/02\/solna-jaskyna-600x398.jpg 600w\" sizes=\"(max-width: 1200px) 100vw, 1200px\" \/>\t\t\t\t\t\t\t\t<\/a>\n\t\t\t\t\t\t\t\t\t\t\t\t\t\t\t<\/div>\n\t\t\t\t<\/div>\n\t\t\t\t<div class=\"elementor-element elementor-element-3912c55 elementor-widget elementor-widget-text-editor\" data-id=\"3912c55\" data-element_type=\"widget\" data-widget_type=\"text-editor.default\">\n\t\t\t\t<div class=\"elementor-widget-container\">\n\t\t\t\t\t\t\t\t\t<p>Na\u0161a \u0161pecializovan\u00e1 so\u013en\u00e1 jasky\u0148a je naplnen\u00e1 viac ako 10 tonami ru\u017eovej himal\u00e1jskej soli, ktor\u00e1 obsahuje viac ako 84 r\u00f4znych druhov miner\u00e1lov pre va\u0161e telo a du\u0161u.<\/p><p>O z\u00e1porne nabitej ionizovanej soli sa hovor\u00ed, \u017ee prirodzene vy\u0165ahuje tox\u00edny a ne\u010distoty z tela, zni\u017euje z\u00e1pal a zlep\u0161uje d\u00fdchacie ochorenia, ako je astma, t\u00fdm, \u017ee \u010dist\u00ed p\u013e\u00faca a z\u00e1rove\u0148 predch\u00e1dza chorob\u00e1m a zlep\u0161uje celkov\u00e9 zdravie. Zistilo sa, \u017ee vdychovanie so\u013en\u00e9ho aeros\u00f3lu po ur\u010dit\u00fa dobu m\u00e1 v\u00fdznamn\u00e9 \u00fa\u010dinky na d\u00fdchac\u00ed syst\u00e9m, zdravie poko\u017eky, celkov\u00fa pohodu, stres a \u00fazkos\u0165, ktor\u00e9 sa datuj\u00fa st\u00e1ro\u010dia.<\/p>\t\t\t\t\t\t\t\t<\/div>\n\t\t\t\t<\/div>\n\t\t\t\t<\/div>\n\t\t\t\t\t<\/div>\n\t\t\t\t<\/div>\n\t\t\t\t<\/div>\n\t\t","protected":false},"excerpt":{"rendered":"<p>Soln\u00e1 JASKY\u0147A Na\u0161a \u0161pecializovan\u00e1 so\u013en\u00e1 jasky\u0148a je naplnen\u00e1 viac ako 10 tonami ru\u017eovej himal\u00e1jskej soli, ktor\u00e1 obsahuje viac ako 84 r\u00f4znych druhov miner\u00e1lov pre va\u0161e telo a du\u0161u. O z\u00e1porne nabitej ionizovanej soli sa hovor\u00ed, \u017ee prirodzene vy\u0165ahuje tox\u00edny a ne\u010distoty z tela, zni\u017euje z\u00e1pal a zlep\u0161uje d\u00fdchacie ochorenia, ako je astma, t\u00fdm, \u017ee \u010dist\u00ed [&hellip;]<\/p>\n","protected":false},"author":3,"featured_media":0,"parent":3832,"menu_order":0,"comment_status":"closed","ping_status":"closed","template":"elementor_header_footer","meta":{"ngg_post_thumbnail":0,"footnotes":""},"class_list":["post-3845","page","type-page","status-publish","hentry"],"aioseo_notices":[],"_links":{"self":[{"href":"https:\/\/hotelgalanta.sk\/new\/wp-json\/wp\/v2\/pages\/3845","targetHints":{"allow":["GET"]}}],"collection":[{"href":"https:\/\/hotelgalanta.sk\/new\/wp-json\/wp\/v2\/pages"}],"about":[{"href":"https:\/\/hotelgalanta.sk\/new\/wp-json\/wp\/v2\/types\/page"}],"author":[{"embeddable":true,"href":"https:\/\/hotelgalanta.sk\/new\/wp-json\/wp\/v2\/users\/3"}],"replies":[{"embeddable":true,"href":"https:\/\/hotelgalanta.sk\/new\/wp-json\/wp\/v2\/comments?post=3845"}],"version-history":[{"count":5,"href":"https:\/\/hotelgalanta.sk\/new\/wp-json\/wp\/v2\/pages\/3845\/revisions"}],"predecessor-version":[{"id":5800,"href":"https:\/\/hotelgalanta.sk\/new\/wp-json\/wp\/v2\/pages\/3845\/revisions\/5800"}],"up":[{"embeddable":true,"href":"https:\/\/hotelgalanta.sk\/new\/wp-json\/wp\/v2\/pages\/3832"}],"wp:attachment":[{"href":"https:\/\/hotelgalanta.sk\/new\/wp-json\/wp\/v2\/media?parent=3845"}],"curies":[{"name":"wp","href":"https:\/\/api.w.org\/{rel}","templated":true}]}}