{"id":3848,"date":"2022-12-21T11:49:06","date_gmt":"2022-12-21T11:49:06","guid":{"rendered":"https:\/\/hotelgalanta.sk\/new\/?page_id=3848"},"modified":"2025-02-17T22:53:15","modified_gmt":"2025-02-17T22:53:15","slug":"saunove-centrum","status":"publish","type":"page","link":"https:\/\/hotelgalanta.sk\/new\/wellness\/saunove-centrum\/","title":{"rendered":"Saunov\u00e9 centrum"},"content":{"rendered":"\t\t<div data-elementor-type=\"wp-page\" data-elementor-id=\"3848\" class=\"elementor elementor-3848\">\n\t\t\t\t<div class=\"elementor-element elementor-element-774759c e-flex e-con-boxed e-con e-parent\" data-id=\"774759c\" data-element_type=\"container\" data-settings=\"{&quot;background_background&quot;:&quot;classic&quot;}\">\n\t\t\t\t\t<div class=\"e-con-inner\">\n\t\t\t\t<div class=\"elementor-element elementor-element-1b83971 elementor-widget elementor-widget-heading\" data-id=\"1b83971\" data-element_type=\"widget\" data-widget_type=\"heading.default\">\n\t\t\t\t<div class=\"elementor-widget-container\">\n\t\t\t\t\t<h2 class=\"elementor-heading-title elementor-size-default\">Saunov\u00e9 <b class=\"my-brown\">CENTRUM<\/b><\/h2>\t\t\t\t<\/div>\n\t\t\t\t<\/div>\n\t\t<div class=\"elementor-element elementor-element-4758a7c e-con-full e-flex e-con e-child\" data-id=\"4758a7c\" data-element_type=\"container\" data-settings=\"{&quot;background_background&quot;:&quot;classic&quot;}\">\n\t\t\t\t<div class=\"elementor-element elementor-element-3b4df94 elementor-widget elementor-widget-image\" data-id=\"3b4df94\" data-element_type=\"widget\" data-widget_type=\"image.default\">\n\t\t\t\t<div class=\"elementor-widget-container\">\n\t\t\t\t\t\t\t\t\t\t\t\t\t\t\t\t<a href=\"https:\/\/hotelgalanta.sk\/new\/wp-content\/uploads\/2025\/02\/parna-sauna.jpg\" data-elementor-open-lightbox=\"yes\" data-elementor-lightbox-title=\"parna-sauna\" data-e-action-hash=\"#elementor-action%3Aaction%3Dlightbox%26settings%3DeyJpZCI6NTI0MiwidXJsIjoiaHR0cHM6XC9cL2hvdGVsZ2FsYW50YS5za1wvbmV3XC93cC1jb250ZW50XC91cGxvYWRzXC8yMDI1XC8wMlwvcGFybmEtc2F1bmEuanBnIn0%3D\">\n\t\t\t\t\t\t\t<img fetchpriority=\"high\" decoding=\"async\" width=\"1200\" height=\"795\" src=\"https:\/\/hotelgalanta.sk\/new\/wp-content\/uploads\/2025\/02\/parna-sauna.jpg\" class=\"attachment-full size-full wp-image-5242\" alt=\"\" srcset=\"https:\/\/hotelgalanta.sk\/new\/wp-content\/uploads\/2025\/02\/parna-sauna.jpg 1200w, https:\/\/hotelgalanta.sk\/new\/wp-content\/uploads\/2025\/02\/parna-sauna-300x199.jpg 300w, https:\/\/hotelgalanta.sk\/new\/wp-content\/uploads\/2025\/02\/parna-sauna-1024x678.jpg 1024w, https:\/\/hotelgalanta.sk\/new\/wp-content\/uploads\/2025\/02\/parna-sauna-768x509.jpg 768w, https:\/\/hotelgalanta.sk\/new\/wp-content\/uploads\/2025\/02\/parna-sauna-600x398.jpg 600w\" sizes=\"(max-width: 1200px) 100vw, 1200px\" \/>\t\t\t\t\t\t\t\t<\/a>\n\t\t\t\t\t\t\t\t\t\t\t\t\t\t\t<\/div>\n\t\t\t\t<\/div>\n\t\t\t\t<div class=\"elementor-element elementor-element-c4cf537 elementor-widget elementor-widget-heading\" data-id=\"c4cf537\" data-element_type=\"widget\" data-widget_type=\"heading.default\">\n\t\t\t\t<div class=\"elementor-widget-container\">\n\t\t\t\t\t<h2 class=\"elementor-heading-title elementor-size-default\">Parn\u00e1 sauna<\/h2>\t\t\t\t<\/div>\n\t\t\t\t<\/div>\n\t\t\t\t<div class=\"elementor-element elementor-element-695a992 elementor-widget elementor-widget-text-editor\" data-id=\"695a992\" data-element_type=\"widget\" data-widget_type=\"text-editor.default\">\n\t\t\t\t<div class=\"elementor-widget-container\">\n\t\t\t\t\t\t\t\t\t<p>Na\u0161a parn\u00e1 sauna je kombin\u00e1ciou neust\u00e1leho pr\u00fadenia pary spolu s inhal\u00e1ciou bylinkov\u00fdch v\u00f4n\u00ed. T\u00e1to jedine\u010dn\u00e1 sauna pre\u010dist\u00ed va\u0161e d\u00fdchacie cesty a otvor\u00ed p\u00f3ry poko\u017eky. Vlhkos\u0165 pom\u00e1ha poko\u017eke vyzera\u0165 svie\u017eo a pom\u00e1ha vy\u010disti\u0165 va\u0161e dutiny a d\u00fdchanie. Vlhk\u00e9 teplo m\u00f4\u017ee pom\u00f4c\u0165 zmierni\u0165 pr\u00edznaky prechladnutia a pre\u0165a\u017eenia (najm\u00e4 v kombin\u00e1cii s eukalyptov\u00fdm olejom) , \u013eudia s bo\u013eav\u00fdmi svalmi \u010dasto c\u00edtia \u00fa\u013eavu po nieko\u013ek\u00fdch min\u00fatach pobytu v parnej miestnosti.<\/p>\t\t\t\t\t\t\t\t<\/div>\n\t\t\t\t<\/div>\n\t\t\t\t<\/div>\n\t\t<div class=\"elementor-element elementor-element-0fd6230 e-con-full e-flex e-con e-child\" data-id=\"0fd6230\" data-element_type=\"container\" data-settings=\"{&quot;background_background&quot;:&quot;classic&quot;}\">\n\t\t\t\t<div class=\"elementor-element elementor-element-8ac3af0 elementor-widget elementor-widget-image\" data-id=\"8ac3af0\" data-element_type=\"widget\" data-widget_type=\"image.default\">\n\t\t\t\t<div class=\"elementor-widget-container\">\n\t\t\t\t\t\t\t\t\t\t\t\t\t\t\t\t<a href=\"https:\/\/hotelgalanta.sk\/new\/wp-content\/uploads\/2025\/02\/finska-sauna.jpg\" data-elementor-open-lightbox=\"yes\" data-elementor-lightbox-title=\"finska-sauna\" data-e-action-hash=\"#elementor-action%3Aaction%3Dlightbox%26settings%3DeyJpZCI6NTI0MCwidXJsIjoiaHR0cHM6XC9cL2hvdGVsZ2FsYW50YS5za1wvbmV3XC93cC1jb250ZW50XC91cGxvYWRzXC8yMDI1XC8wMlwvZmluc2thLXNhdW5hLmpwZyJ9\">\n\t\t\t\t\t\t\t<img decoding=\"async\" width=\"1200\" height=\"795\" src=\"https:\/\/hotelgalanta.sk\/new\/wp-content\/uploads\/2025\/02\/finska-sauna.jpg\" class=\"attachment-full size-full wp-image-5240\" alt=\"\" srcset=\"https:\/\/hotelgalanta.sk\/new\/wp-content\/uploads\/2025\/02\/finska-sauna.jpg 1200w, https:\/\/hotelgalanta.sk\/new\/wp-content\/uploads\/2025\/02\/finska-sauna-300x199.jpg 300w, https:\/\/hotelgalanta.sk\/new\/wp-content\/uploads\/2025\/02\/finska-sauna-1024x678.jpg 1024w, https:\/\/hotelgalanta.sk\/new\/wp-content\/uploads\/2025\/02\/finska-sauna-768x509.jpg 768w, https:\/\/hotelgalanta.sk\/new\/wp-content\/uploads\/2025\/02\/finska-sauna-600x398.jpg 600w\" sizes=\"(max-width: 1200px) 100vw, 1200px\" \/>\t\t\t\t\t\t\t\t<\/a>\n\t\t\t\t\t\t\t\t\t\t\t\t\t\t\t<\/div>\n\t\t\t\t<\/div>\n\t\t\t\t<div class=\"elementor-element elementor-element-8bb2c21 elementor-widget elementor-widget-heading\" data-id=\"8bb2c21\" data-element_type=\"widget\" data-widget_type=\"heading.default\">\n\t\t\t\t<div class=\"elementor-widget-container\">\n\t\t\t\t\t<h2 class=\"elementor-heading-title elementor-size-default\">F\u00ednska sauna<\/h2>\t\t\t\t<\/div>\n\t\t\t\t<\/div>\n\t\t\t\t<div class=\"elementor-element elementor-element-6de4b2d elementor-widget elementor-widget-text-editor\" data-id=\"6de4b2d\" data-element_type=\"widget\" data-widget_type=\"text-editor.default\">\n\t\t\t\t<div class=\"elementor-widget-container\">\n\t\t\t\t\t\t\t\t\t<p>T\u00e1to ob\u013e\u00faben\u00e1 sauna m\u00e1 mimoriadne relaxa\u010dn\u00e9 a detoxika\u010dn\u00e9 schopnosti a priaznivo p\u00f4sob\u00ed na myse\u013e a telo. Ni\u010d nie je \u00fa\u010dinnej\u0161ie na odstr\u00e1nenie nervov\u00e9ho nap\u00e4tia a zn\u00ed\u017eenie \u00fazkosti, preto\u017ee sauna stimuluje prirodzen\u00fa rovnov\u00e1hu psychick\u00fdch stavov. Poko\u017eka sa sama \u010dist\u00ed a vylu\u010duje z tela kyseliny a tox\u00edny a drevo vy\u017earuje v\u00f4ne pr\u00edrody a vyd\u00e1va prirodzen\u00fa v\u00fdzvu k znovuobjaveniu v\u00e1\u0161ho vn\u00fatorn\u00e9ho pokoja.<\/p>\t\t\t\t\t\t\t\t<\/div>\n\t\t\t\t<\/div>\n\t\t\t\t<\/div>\n\t\t<div class=\"elementor-element elementor-element-1b88384 e-con-full e-flex e-con e-child\" data-id=\"1b88384\" data-element_type=\"container\" data-settings=\"{&quot;background_background&quot;:&quot;classic&quot;}\">\n\t\t\t\t<div class=\"elementor-element elementor-element-6397f5a elementor-widget elementor-widget-image\" data-id=\"6397f5a\" data-element_type=\"widget\" data-widget_type=\"image.default\">\n\t\t\t\t<div class=\"elementor-widget-container\">\n\t\t\t\t\t\t\t\t\t\t\t\t\t\t\t\t<a href=\"https:\/\/hotelgalanta.sk\/new\/wp-content\/uploads\/2025\/02\/bioInfra-sauna.jpg\" data-elementor-open-lightbox=\"yes\" data-elementor-lightbox-title=\"bioInfra-sauna\" data-e-action-hash=\"#elementor-action%3Aaction%3Dlightbox%26settings%3DeyJpZCI6NTIzOCwidXJsIjoiaHR0cHM6XC9cL2hvdGVsZ2FsYW50YS5za1wvbmV3XC93cC1jb250ZW50XC91cGxvYWRzXC8yMDI1XC8wMlwvYmlvSW5mcmEtc2F1bmEuanBnIn0%3D\">\n\t\t\t\t\t\t\t<img decoding=\"async\" width=\"1200\" height=\"795\" src=\"https:\/\/hotelgalanta.sk\/new\/wp-content\/uploads\/2025\/02\/bioInfra-sauna.jpg\" class=\"attachment-full size-full wp-image-5238\" alt=\"\" srcset=\"https:\/\/hotelgalanta.sk\/new\/wp-content\/uploads\/2025\/02\/bioInfra-sauna.jpg 1200w, https:\/\/hotelgalanta.sk\/new\/wp-content\/uploads\/2025\/02\/bioInfra-sauna-300x199.jpg 300w, https:\/\/hotelgalanta.sk\/new\/wp-content\/uploads\/2025\/02\/bioInfra-sauna-1024x678.jpg 1024w, https:\/\/hotelgalanta.sk\/new\/wp-content\/uploads\/2025\/02\/bioInfra-sauna-768x509.jpg 768w, https:\/\/hotelgalanta.sk\/new\/wp-content\/uploads\/2025\/02\/bioInfra-sauna-600x398.jpg 600w\" sizes=\"(max-width: 1200px) 100vw, 1200px\" \/>\t\t\t\t\t\t\t\t<\/a>\n\t\t\t\t\t\t\t\t\t\t\t\t\t\t\t<\/div>\n\t\t\t\t<\/div>\n\t\t\t\t<div class=\"elementor-element elementor-element-98e72dc elementor-widget elementor-widget-heading\" data-id=\"98e72dc\" data-element_type=\"widget\" data-widget_type=\"heading.default\">\n\t\t\t\t<div class=\"elementor-widget-container\">\n\t\t\t\t\t<h2 class=\"elementor-heading-title elementor-size-default\">Bio \u2013 Infrasauna<\/h2>\t\t\t\t<\/div>\n\t\t\t\t<\/div>\n\t\t\t\t<div class=\"elementor-element elementor-element-8c28ab0 elementor-widget elementor-widget-text-editor\" data-id=\"8c28ab0\" data-element_type=\"widget\" data-widget_type=\"text-editor.default\">\n\t\t\t\t<div class=\"elementor-widget-container\">\n\t\t\t\t\t\t\t\t\t<p>Biosauna je modernou alternat\u00edvou k tradi\u010dnej f\u00ednskej saune a bola navrhnut\u00e1 pre t\u00fdch, ktor\u00ed maj\u00fa probl\u00e9my s vysok\u00fdmi teplotami. Bio-infrasauna je sauna s vlhkou atmosf\u00e9rou a maxim\u00e1lnou teplotou cca 50-60\u00b0C a s vlhkos\u0165ou v rozmedz\u00ed 60 -70%.<\/p>\t\t\t\t\t\t\t\t<\/div>\n\t\t\t\t<\/div>\n\t\t\t\t<\/div>\n\t\t<div class=\"elementor-element elementor-element-67e8f71 e-con-full e-flex e-con e-child\" data-id=\"67e8f71\" data-element_type=\"container\" data-settings=\"{&quot;background_background&quot;:&quot;classic&quot;}\">\n\t\t\t\t<div class=\"elementor-element elementor-element-646df84 elementor-widget elementor-widget-image\" data-id=\"646df84\" data-element_type=\"widget\" data-widget_type=\"image.default\">\n\t\t\t\t<div class=\"elementor-widget-container\">\n\t\t\t\t\t\t\t\t\t\t\t\t\t\t\t\t<a href=\"https:\/\/hotelgalanta.sk\/new\/wp-content\/uploads\/2025\/02\/ochladzovaci_bazen.jpg\" data-elementor-open-lightbox=\"yes\" data-elementor-lightbox-title=\"ochladzovaci_bazen\" data-e-action-hash=\"#elementor-action%3Aaction%3Dlightbox%26settings%3DeyJpZCI6NTI0MSwidXJsIjoiaHR0cHM6XC9cL2hvdGVsZ2FsYW50YS5za1wvbmV3XC93cC1jb250ZW50XC91cGxvYWRzXC8yMDI1XC8wMlwvb2NobGFkem92YWNpX2JhemVuLmpwZyJ9\">\n\t\t\t\t\t\t\t<img loading=\"lazy\" decoding=\"async\" width=\"1200\" height=\"795\" src=\"https:\/\/hotelgalanta.sk\/new\/wp-content\/uploads\/2025\/02\/ochladzovaci_bazen.jpg\" class=\"attachment-full size-full wp-image-5241\" alt=\"\" srcset=\"https:\/\/hotelgalanta.sk\/new\/wp-content\/uploads\/2025\/02\/ochladzovaci_bazen.jpg 1200w, https:\/\/hotelgalanta.sk\/new\/wp-content\/uploads\/2025\/02\/ochladzovaci_bazen-300x199.jpg 300w, https:\/\/hotelgalanta.sk\/new\/wp-content\/uploads\/2025\/02\/ochladzovaci_bazen-1024x678.jpg 1024w, https:\/\/hotelgalanta.sk\/new\/wp-content\/uploads\/2025\/02\/ochladzovaci_bazen-768x509.jpg 768w, https:\/\/hotelgalanta.sk\/new\/wp-content\/uploads\/2025\/02\/ochladzovaci_bazen-600x398.jpg 600w\" sizes=\"(max-width: 1200px) 100vw, 1200px\" \/>\t\t\t\t\t\t\t\t<\/a>\n\t\t\t\t\t\t\t\t\t\t\t\t\t\t\t<\/div>\n\t\t\t\t<\/div>\n\t\t\t\t<div class=\"elementor-element elementor-element-90c2d32 elementor-widget elementor-widget-heading\" data-id=\"90c2d32\" data-element_type=\"widget\" data-widget_type=\"heading.default\">\n\t\t\t\t<div class=\"elementor-widget-container\">\n\t\t\t\t\t<h2 class=\"elementor-heading-title elementor-size-default\">Ochladzovac\u00ed baz\u00e9n<\/h2>\t\t\t\t<\/div>\n\t\t\t\t<\/div>\n\t\t\t\t<div class=\"elementor-element elementor-element-265cb3f elementor-widget elementor-widget-text-editor\" data-id=\"265cb3f\" data-element_type=\"widget\" data-widget_type=\"text-editor.default\">\n\t\t\t\t<div class=\"elementor-widget-container\">\n\t\t\t\t\t\t\t\t\t<p>K\u00fape\u013e v baz\u00e9ne s \u013eadovou vodou zni\u017euje r\u00fdchlos\u0165 metabolizmu, krvn\u00fd obeh, z\u00e1pal, boles\u0165 a svalov\u00e9 k\u0155\u010de. Ke\u010f sa povrch va\u0161ej poko\u017eky ochladzuje, ochladzuj\u00fa sa aj spodn\u00e9 tkaniv\u00e1, \u010do zvy\u0161uje zdravie a pohodu va\u0161ich buniek.<\/p>\t\t\t\t\t\t\t\t<\/div>\n\t\t\t\t<\/div>\n\t\t\t\t<\/div>\n\t\t\t\t\t<\/div>\n\t\t\t\t<\/div>\n\t\t\t\t<\/div>\n\t\t","protected":false},"excerpt":{"rendered":"<p>Saunov\u00e9 CENTRUM Parn\u00e1 sauna Na\u0161a parn\u00e1 sauna je kombin\u00e1ciou neust\u00e1leho pr\u00fadenia pary spolu s inhal\u00e1ciou bylinkov\u00fdch v\u00f4n\u00ed. T\u00e1to jedine\u010dn\u00e1 sauna pre\u010dist\u00ed va\u0161e d\u00fdchacie cesty a otvor\u00ed p\u00f3ry poko\u017eky. Vlhkos\u0165 pom\u00e1ha poko\u017eke vyzera\u0165 svie\u017eo a pom\u00e1ha vy\u010disti\u0165 va\u0161e dutiny a d\u00fdchanie. Vlhk\u00e9 teplo m\u00f4\u017ee pom\u00f4c\u0165 zmierni\u0165 pr\u00edznaky prechladnutia a pre\u0165a\u017eenia (najm\u00e4 v kombin\u00e1cii s eukalyptov\u00fdm olejom) [&hellip;]<\/p>\n","protected":false},"author":3,"featured_media":0,"parent":3832,"menu_order":0,"comment_status":"closed","ping_status":"closed","template":"elementor_header_footer","meta":{"ngg_post_thumbnail":0,"footnotes":""},"class_list":["post-3848","page","type-page","status-publish","hentry"],"aioseo_notices":[],"_links":{"self":[{"href":"https:\/\/hotelgalanta.sk\/new\/wp-json\/wp\/v2\/pages\/3848","targetHints":{"allow":["GET"]}}],"collection":[{"href":"https:\/\/hotelgalanta.sk\/new\/wp-json\/wp\/v2\/pages"}],"about":[{"href":"https:\/\/hotelgalanta.sk\/new\/wp-json\/wp\/v2\/types\/page"}],"author":[{"embeddable":true,"href":"https:\/\/hotelgalanta.sk\/new\/wp-json\/wp\/v2\/users\/3"}],"replies":[{"embeddable":true,"href":"https:\/\/hotelgalanta.sk\/new\/wp-json\/wp\/v2\/comments?post=3848"}],"version-history":[{"count":15,"href":"https:\/\/hotelgalanta.sk\/new\/wp-json\/wp\/v2\/pages\/3848\/revisions"}],"predecessor-version":[{"id":5797,"href":"https:\/\/hotelgalanta.sk\/new\/wp-json\/wp\/v2\/pages\/3848\/revisions\/5797"}],"up":[{"embeddable":true,"href":"https:\/\/hotelgalanta.sk\/new\/wp-json\/wp\/v2\/pages\/3832"}],"wp:attachment":[{"href":"https:\/\/hotelgalanta.sk\/new\/wp-json\/wp\/v2\/media?parent=3848"}],"curies":[{"name":"wp","href":"https:\/\/api.w.org\/{rel}","templated":true}]}}