{"id":4607,"date":"2025-01-30T20:17:10","date_gmt":"2025-01-30T20:17:10","guid":{"rendered":"https:\/\/hotelgalanta.sk\/new\/vysledky-vyhladavania\/"},"modified":"2025-02-04T20:35:45","modified_gmt":"2025-02-04T20:35:45","slug":"vysledky-vyhladavania","status":"publish","type":"page","link":"https:\/\/hotelgalanta.sk\/new\/vysledky-vyhladavania\/","title":{"rendered":"V\u00fdsledky vyh\u013ead\u00e1vania"},"content":{"rendered":"<div class=\"mphb_sc_search_results-wrapper \"><div class=\"mphb-errors-wrapper\">\n\t<\/div>\n<\/div>\n","protected":false},"excerpt":{"rendered":"","protected":false},"author":3,"featured_media":0,"parent":0,"menu_order":0,"comment_status":"closed","ping_status":"closed","template":"templates\/template-page-no-sidebar.php","meta":{"ngg_post_thumbnail":0,"footnotes":""},"class_list":["post-4607","page","type-page","status-publish","hentry"],"aioseo_notices":[],"_links":{"self":[{"href":"https:\/\/hotelgalanta.sk\/new\/wp-json\/wp\/v2\/pages\/4607","targetHints":{"allow":["GET"]}}],"collection":[{"href":"https:\/\/hotelgalanta.sk\/new\/wp-json\/wp\/v2\/pages"}],"about":[{"href":"https:\/\/hotelgalanta.sk\/new\/wp-json\/wp\/v2\/types\/page"}],"author":[{"embeddable":true,"href":"https:\/\/hotelgalanta.sk\/new\/wp-json\/wp\/v2\/users\/3"}],"replies":[{"embeddable":true,"href":"https:\/\/hotelgalanta.sk\/new\/wp-json\/wp\/v2\/comments?post=4607"}],"version-history":[{"count":1,"href":"https:\/\/hotelgalanta.sk\/new\/wp-json\/wp\/v2\/pages\/4607\/revisions"}],"predecessor-version":[{"id":4817,"href":"https:\/\/hotelgalanta.sk\/new\/wp-json\/wp\/v2\/pages\/4607\/revisions\/4817"}],"wp:attachment":[{"href":"https:\/\/hotelgalanta.sk\/new\/wp-json\/wp\/v2\/media?parent=4607"}],"curies":[{"name":"wp","href":"https:\/\/api.w.org\/{rel}","templated":true}]}}