{"id":6024,"date":"2025-03-12T14:07:11","date_gmt":"2025-03-12T14:07:11","guid":{"rendered":"https:\/\/hotelgalanta.sk\/new\/?page_id=6024"},"modified":"2026-04-03T17:33:32","modified_gmt":"2026-04-03T17:33:32","slug":"masaze","status":"publish","type":"page","link":"https:\/\/hotelgalanta.sk\/new\/wellness\/masaze\/","title":{"rendered":"Mas\u00e1\u017ee"},"content":{"rendered":"\t\t<div data-elementor-type=\"wp-page\" data-elementor-id=\"6024\" class=\"elementor elementor-6024\">\n\t\t\t\t<div class=\"elementor-element elementor-element-774759c e-flex e-con-boxed e-con e-parent\" data-id=\"774759c\" data-element_type=\"container\" data-settings=\"{&quot;background_background&quot;:&quot;classic&quot;}\">\n\t\t\t\t\t<div class=\"e-con-inner\">\n\t\t\t\t<div class=\"elementor-element elementor-element-1b83971 elementor-widget elementor-widget-heading\" data-id=\"1b83971\" data-element_type=\"widget\" data-widget_type=\"heading.default\">\n\t\t\t\t<div class=\"elementor-widget-container\">\n\t\t\t\t\t<h2 class=\"elementor-heading-title elementor-size-default\">Hotel Galanta <b class=\"my-brown\">Thajsk\u00e9 MAS\u00c1\u017dE<\/b><\/h2>\t\t\t\t<\/div>\n\t\t\t\t<\/div>\n\t\t<div class=\"elementor-element elementor-element-4758a7c e-con-full e-flex e-con e-child\" data-id=\"4758a7c\" data-element_type=\"container\" data-settings=\"{&quot;background_background&quot;:&quot;classic&quot;}\">\n\t\t<div class=\"elementor-element elementor-element-a22f6fb e-con-full e-flex e-con e-child\" data-id=\"a22f6fb\" data-element_type=\"container\">\n\t\t\t\t<div class=\"elementor-element elementor-element-4c645d6 elementor-widget elementor-widget-text-editor\" data-id=\"4c645d6\" data-element_type=\"widget\" data-widget_type=\"text-editor.default\">\n\t\t\t\t<div class=\"elementor-widget-container\">\n\t\t\t\t\t\t\t\t\t<h4>Doprajte si dokonal\u00fd relax \u2013 Erawan Massage v Hoteli Galanta<\/h4><p>Objavte o\u00e1zu pokoja priamo vo wellness Hotela Galanta. V na\u0161om profesion\u00e1lnom mas\u00e1\u017enom sal\u00f3ne Erawan sa postaraj\u00fa o va\u0161e telo aj myse\u013e.<\/p><p><strong>\u010co v\u00e1s \u010dak\u00e1<\/strong>:<\/p><ul><li>Tradi\u010dn\u00e9 thajsk\u00e9 mas\u00e1\u017ee \u2013 uvo\u013enenie nap\u00e4t\u00fdch svalov a zv\u00fd\u0161enie energie<\/li><li>Aromaterapia &amp; olejov\u00e9 mas\u00e1\u017ee \u2013 pre hlbok\u00fa relax\u00e1ciu a rovnov\u00e1hu<\/li><li>Luxusn\u00e9 \u0161peci\u00e1lne proced\u00fary \u2013 \u010dokol\u00e1dov\u00e9 mas\u00e1\u017ee, mas\u00e1\u017ee l\u00e1vov\u00fdmi kame\u0148mi \u010di 4-ru\u010dn\u00e1 mas\u00e1\u017e pre dvojice<\/li><li>Mas\u00e1\u017ee pre tehotn\u00e9 a deti \u2013 jemn\u00e1 starostlivos\u0165 pre cel\u00fa rodinu<\/li><\/ul><p><strong>Pre\u010do Erawan Massage?<\/strong>Ka\u017ed\u00e1 mas\u00e1\u017e je prisp\u00f4soben\u00e1 va\u0161im potreb\u00e1m, aby ste odch\u00e1dzali odpo\u010dinut\u00ed, uvo\u013enen\u00ed a pln\u00ed energie.<\/p><p>Viac inform\u00e1ci\u00ed o slu\u017eb\u00e1ch a typoch mas\u00e1\u017e\u00ed n\u00e1jdete priamo na ich str\u00e1nke:<br \/><a href=\"www.erawan.sk\" target=\"_blank\" rel=\"noopener\">www.erawan.sk<\/a><br \/>Rezerv\u00e1cie a inform\u00e1cie: 0948 303 733<br \/><strong>Doprajte si svoj relax e\u0161te dnes a za\u017eite v\u00fdnimo\u010dn\u00fd wellness z\u00e1\u017eitok!<\/strong><\/p>\t\t\t\t\t\t\t\t<\/div>\n\t\t\t\t<\/div>\n\t\t\t\t<\/div>\n\t\t\t\t<div class=\"elementor-element elementor-element-3b4df94 elementor-widget elementor-widget-image\" data-id=\"3b4df94\" data-element_type=\"widget\" data-widget_type=\"image.default\">\n\t\t\t\t<div class=\"elementor-widget-container\">\n\t\t\t\t\t\t\t\t\t\t\t\t\t\t\t\t<a href=\"https:\/\/hotelgalanta.sk\/new\/wp-content\/uploads\/2026\/04\/masaze.jpg\" data-elementor-open-lightbox=\"yes\" data-elementor-lightbox-title=\"masaze\" data-e-action-hash=\"#elementor-action%3Aaction%3Dlightbox%26settings%3DeyJpZCI6NjUzMiwidXJsIjoiaHR0cHM6XC9cL2hvdGVsZ2FsYW50YS5za1wvbmV3XC93cC1jb250ZW50XC91cGxvYWRzXC8yMDI2XC8wNFwvbWFzYXplLmpwZyJ9\">\n\t\t\t\t\t\t\t<img fetchpriority=\"high\" decoding=\"async\" width=\"797\" height=\"1139\" src=\"https:\/\/hotelgalanta.sk\/new\/wp-content\/uploads\/2026\/04\/masaze.jpg\" class=\"attachment-full size-full wp-image-6532\" alt=\"\" srcset=\"https:\/\/hotelgalanta.sk\/new\/wp-content\/uploads\/2026\/04\/masaze.jpg 797w, https:\/\/hotelgalanta.sk\/new\/wp-content\/uploads\/2026\/04\/masaze-210x300.jpg 210w, https:\/\/hotelgalanta.sk\/new\/wp-content\/uploads\/2026\/04\/masaze-717x1024.jpg 717w, https:\/\/hotelgalanta.sk\/new\/wp-content\/uploads\/2026\/04\/masaze-768x1098.jpg 768w, https:\/\/hotelgalanta.sk\/new\/wp-content\/uploads\/2026\/04\/masaze-600x857.jpg 600w\" sizes=\"(max-width: 797px) 100vw, 797px\" \/>\t\t\t\t\t\t\t\t<\/a>\n\t\t\t\t\t\t\t\t\t\t\t\t\t\t\t<\/div>\n\t\t\t\t<\/div>\n\t\t\t\t<\/div>\n\t\t\t\t\t<\/div>\n\t\t\t\t<\/div>\n\t\t\t\t<\/div>\n\t\t","protected":false},"excerpt":{"rendered":"<p>Hotel Galanta Thajsk\u00e9 MAS\u00c1\u017dE Doprajte si dokonal\u00fd relax \u2013 Erawan Massage v Hoteli Galanta Objavte o\u00e1zu pokoja priamo vo wellness Hotela Galanta. V na\u0161om profesion\u00e1lnom mas\u00e1\u017enom sal\u00f3ne Erawan sa postaraj\u00fa o va\u0161e telo aj myse\u013e. \u010co v\u00e1s \u010dak\u00e1: Tradi\u010dn\u00e9 thajsk\u00e9 mas\u00e1\u017ee \u2013 uvo\u013enenie nap\u00e4t\u00fdch svalov a zv\u00fd\u0161enie energie Aromaterapia &amp; olejov\u00e9 mas\u00e1\u017ee \u2013 pre hlbok\u00fa [&hellip;]<\/p>\n","protected":false},"author":3,"featured_media":0,"parent":3832,"menu_order":0,"comment_status":"closed","ping_status":"closed","template":"elementor_header_footer","meta":{"ngg_post_thumbnail":0,"footnotes":""},"class_list":["post-6024","page","type-page","status-publish","hentry"],"aioseo_notices":[],"_links":{"self":[{"href":"https:\/\/hotelgalanta.sk\/new\/wp-json\/wp\/v2\/pages\/6024","targetHints":{"allow":["GET"]}}],"collection":[{"href":"https:\/\/hotelgalanta.sk\/new\/wp-json\/wp\/v2\/pages"}],"about":[{"href":"https:\/\/hotelgalanta.sk\/new\/wp-json\/wp\/v2\/types\/page"}],"author":[{"embeddable":true,"href":"https:\/\/hotelgalanta.sk\/new\/wp-json\/wp\/v2\/users\/3"}],"replies":[{"embeddable":true,"href":"https:\/\/hotelgalanta.sk\/new\/wp-json\/wp\/v2\/comments?post=6024"}],"version-history":[{"count":19,"href":"https:\/\/hotelgalanta.sk\/new\/wp-json\/wp\/v2\/pages\/6024\/revisions"}],"predecessor-version":[{"id":6554,"href":"https:\/\/hotelgalanta.sk\/new\/wp-json\/wp\/v2\/pages\/6024\/revisions\/6554"}],"up":[{"embeddable":true,"href":"https:\/\/hotelgalanta.sk\/new\/wp-json\/wp\/v2\/pages\/3832"}],"wp:attachment":[{"href":"https:\/\/hotelgalanta.sk\/new\/wp-json\/wp\/v2\/media?parent=6024"}],"curies":[{"name":"wp","href":"https:\/\/api.w.org\/{rel}","templated":true}]}}