{"id":76,"date":"2015-01-22T04:41:18","date_gmt":"2015-01-22T04:41:18","guid":{"rendered":"https:\/\/www.hotelgalanta.sk\/?page_id=76"},"modified":"2025-03-14T07:49:54","modified_gmt":"2025-03-14T07:49:54","slug":"dekoracie","status":"publish","type":"page","link":"https:\/\/hotelgalanta.sk\/new\/svadby\/dekoracie\/","title":{"rendered":"Dekor\u00e1cie"},"content":{"rendered":"\t\t<div data-elementor-type=\"wp-page\" data-elementor-id=\"76\" class=\"elementor elementor-76\">\n\t\t\t\t<div class=\"elementor-element elementor-element-4080545 e-flex e-con-boxed e-con e-parent\" data-id=\"4080545\" data-element_type=\"container\" data-settings=\"{&quot;background_background&quot;:&quot;classic&quot;}\">\n\t\t\t\t\t<div class=\"e-con-inner\">\n\t\t\t\t<div class=\"elementor-element elementor-element-fa51fe5 elementor-widget elementor-widget-heading\" data-id=\"fa51fe5\" data-element_type=\"widget\" data-widget_type=\"heading.default\">\n\t\t\t\t<div class=\"elementor-widget-container\">\n\t\t\t\t\t<h2 class=\"elementor-heading-title elementor-size-default\"><b class=\"my-brown\">DEKOR\u00c1CIE<\/b><\/h2>\t\t\t\t<\/div>\n\t\t\t\t<\/div>\n\t\t\t\t<div class=\"elementor-element elementor-element-91abaa5 elementor-widget elementor-widget-text-editor\" data-id=\"91abaa5\" data-element_type=\"widget\" data-widget_type=\"text-editor.default\">\n\t\t\t\t<div class=\"elementor-widget-container\">\n\t\t\t\t\t\t\t\t\t<p>Od svie\u010dok a prestierania a\u017e po kvety a osvetlenie, sme tu, aby sme zabezpe\u010dili, \u017ee vzh\u013ead a atmosf\u00e9ra va\u0161ej svadby bude ma\u0165 t\u00e9mu a \u0161t\u00fdl, ktor\u00fd sp\u013a\u0148a va\u0161e po\u017eiadavky.<\/p><p>Spolupracujeme s kvetin\u00e1rstvom, ktor\u00e9 zorganizovalo desiatky ve\u013ek\u00fdch aj mal\u00fdch svadieb a dok\u00e1\u017ee zabezpe\u010di\u0165 v\u0161etky kr\u00e1sne, mal\u00e9 detaily, ktor\u00e9 o\u017eivia kr\u00e1su a l\u00e1sku v\u00e1\u0161ho v\u00fdnimo\u010dn\u00e9ho d\u0148a.<\/p><p>N\u00e1\u0161 t\u00edm odborn\u00edkov je tu pre v\u00e1s, aby sa starali o v\u0161etky d\u00f4le\u017eit\u00e9 detaily V\u00e1\u0161ho ve\u013ek\u00e9ho d\u0148a.<\/p>\t\t\t\t\t\t\t\t<\/div>\n\t\t\t\t<\/div>\n\t\t<div class=\"elementor-element elementor-element-c7dfd55 e-grid e-con-boxed e-con e-child\" data-id=\"c7dfd55\" data-element_type=\"container\">\n\t\t\t\t\t<div class=\"e-con-inner\">\n\t\t<div class=\"elementor-element elementor-element-6cc9467 e-con-full e-flex e-con e-child\" data-id=\"6cc9467\" data-element_type=\"container\" data-settings=\"{&quot;background_background&quot;:&quot;classic&quot;}\">\n\t\t\t\t<div class=\"elementor-element elementor-element-4553a7d elementor-widget elementor-widget-heading\" data-id=\"4553a7d\" data-element_type=\"widget\" data-widget_type=\"heading.default\">\n\t\t\t\t<div class=\"elementor-widget-container\">\n\t\t\t\t\t<h2 class=\"elementor-heading-title elementor-size-default\">Kontakt<\/h2>\t\t\t\t<\/div>\n\t\t\t\t<\/div>\n\t\t<div class=\"elementor-element elementor-element-dd92efe e-con-full e-flex e-con e-child\" data-id=\"dd92efe\" data-element_type=\"container\">\n\t\t<div class=\"elementor-element elementor-element-c663bab e-grid e-con-full e-con e-child\" data-id=\"c663bab\" data-element_type=\"container\">\n\t\t\t\t<div class=\"elementor-element elementor-element-53d32c9 elementor-view-stacked elementor-shape-circle elementor-position-top elementor-mobile-position-top elementor-widget elementor-widget-icon-box\" data-id=\"53d32c9\" data-element_type=\"widget\" data-widget_type=\"icon-box.default\">\n\t\t\t\t<div class=\"elementor-widget-container\">\n\t\t\t\t\t\t\t<div class=\"elementor-icon-box-wrapper\">\n\n\t\t\t\t\t\t<div class=\"elementor-icon-box-icon\">\n\t\t\t\t<a href=\"https:\/\/www.hotelgalanta.sk\/new\/chat\/\" target=\"_blank\" class=\"elementor-icon elementor-animation-grow-rotate\" tabindex=\"-1\" aria-label=\"Chat s klientom\">\n\t\t\t\t<svg aria-hidden=\"true\" class=\"e-font-icon-svg e-fas-comment-dots\" viewBox=\"0 0 512 512\" xmlns=\"http:\/\/www.w3.org\/2000\/svg\"><path d=\"M256 32C114.6 32 0 125.1 0 240c0 49.6 21.4 95 57 130.7C44.5 421.1 2.7 466 2.2 466.5c-2.2 2.3-2.8 5.7-1.5 8.7S4.8 480 8 480c66.3 0 116-31.8 140.6-51.4 32.7 12.3 69 19.4 107.4 19.4 141.4 0 256-93.1 256-208S397.4 32 256 32zM128 272c-17.7 0-32-14.3-32-32s14.3-32 32-32 32 14.3 32 32-14.3 32-32 32zm128 0c-17.7 0-32-14.3-32-32s14.3-32 32-32 32 14.3 32 32-14.3 32-32 32zm128 0c-17.7 0-32-14.3-32-32s14.3-32 32-32 32 14.3 32 32-14.3 32-32 32z\"><\/path><\/svg>\t\t\t\t<\/a>\n\t\t\t<\/div>\n\t\t\t\n\t\t\t\t\t\t<div class=\"elementor-icon-box-content\">\n\n\t\t\t\t\t\t\t\t\t<h3 class=\"elementor-icon-box-title\">\n\t\t\t\t\t\t<a href=\"https:\/\/www.hotelgalanta.sk\/new\/chat\/\" target=\"_blank\" >\n\t\t\t\t\t\t\tChat s klientom\t\t\t\t\t\t<\/a>\n\t\t\t\t\t<\/h3>\n\t\t\t\t\n\t\t\t\t\t\t\t\t\t<p class=\"elementor-icon-box-description\">\n\t\t\t\t\t\t\n\n\t\t\t\t\t<\/p>\n\t\t\t\t\n\t\t\t<\/div>\n\t\t\t\n\t\t<\/div>\n\t\t\t\t\t\t<\/div>\n\t\t\t\t<\/div>\n\t\t\t\t<div class=\"elementor-element elementor-element-7612cbc elementor-view-stacked elementor-shape-circle elementor-position-top elementor-mobile-position-top elementor-widget elementor-widget-icon-box\" data-id=\"7612cbc\" data-element_type=\"widget\" data-widget_type=\"icon-box.default\">\n\t\t\t\t<div class=\"elementor-widget-container\">\n\t\t\t\t\t\t\t<div class=\"elementor-icon-box-wrapper\">\n\n\t\t\t\t\t\t<div class=\"elementor-icon-box-icon\">\n\t\t\t\t<a href=\"https:\/\/www.hotelgalanta.sk\/new\/rezervacia\/\" target=\"_blank\" class=\"elementor-icon elementor-animation-grow-rotate\" tabindex=\"-1\" aria-label=\"Rezerv\u00e1cia\">\n\t\t\t\t<svg aria-hidden=\"true\" class=\"e-font-icon-svg e-fas-envelope\" viewBox=\"0 0 512 512\" xmlns=\"http:\/\/www.w3.org\/2000\/svg\"><path d=\"M502.3 190.8c3.9-3.1 9.7-.2 9.7 4.7V400c0 26.5-21.5 48-48 48H48c-26.5 0-48-21.5-48-48V195.6c0-5 5.7-7.8 9.7-4.7 22.4 17.4 52.1 39.5 154.1 113.6 21.1 15.4 56.7 47.8 92.2 47.6 35.7.3 72-32.8 92.3-47.6 102-74.1 131.6-96.3 154-113.7zM256 320c23.2.4 56.6-29.2 73.4-41.4 132.7-96.3 142.8-104.7 173.4-128.7 5.8-4.5 9.2-11.5 9.2-18.9v-19c0-26.5-21.5-48-48-48H48C21.5 64 0 85.5 0 112v19c0 7.4 3.4 14.3 9.2 18.9 30.6 23.9 40.7 32.4 173.4 128.7 16.8 12.2 50.2 41.8 73.4 41.4z\"><\/path><\/svg>\t\t\t\t<\/a>\n\t\t\t<\/div>\n\t\t\t\n\t\t\t\t\t\t<div class=\"elementor-icon-box-content\">\n\n\t\t\t\t\t\t\t\t\t<h3 class=\"elementor-icon-box-title\">\n\t\t\t\t\t\t<a href=\"https:\/\/www.hotelgalanta.sk\/new\/rezervacia\/\" target=\"_blank\" >\n\t\t\t\t\t\t\tRezerv\u00e1cia\t\t\t\t\t\t<\/a>\n\t\t\t\t\t<\/h3>\n\t\t\t\t\n\t\t\t\t\t\t\t\t\t<p class=\"elementor-icon-box-description\">\n\t\t\t\t\t\t\n\n\t\t\t\t\t<\/p>\n\t\t\t\t\n\t\t\t<\/div>\n\t\t\t\n\t\t<\/div>\n\t\t\t\t\t\t<\/div>\n\t\t\t\t<\/div>\n\t\t\t\t<div class=\"elementor-element elementor-element-3d02bcd elementor-view-stacked elementor-shape-circle elementor-position-top elementor-mobile-position-top elementor-widget elementor-widget-icon-box\" data-id=\"3d02bcd\" data-element_type=\"widget\" data-widget_type=\"icon-box.default\">\n\t\t\t\t<div class=\"elementor-widget-container\">\n\t\t\t\t\t\t\t<div class=\"elementor-icon-box-wrapper\">\n\n\t\t\t\t\t\t<div class=\"elementor-icon-box-icon\">\n\t\t\t\t<a href=\"tel:+421904555205\" target=\"_blank\" class=\"elementor-icon elementor-animation-grow-rotate\" tabindex=\"-1\" aria-label=\"+421904555205\">\n\t\t\t\t<svg aria-hidden=\"true\" class=\"e-font-icon-svg e-fas-phone-alt\" viewBox=\"0 0 512 512\" xmlns=\"http:\/\/www.w3.org\/2000\/svg\"><path d=\"M497.39 361.8l-112-48a24 24 0 0 0-28 6.9l-49.6 60.6A370.66 370.66 0 0 1 130.6 204.11l60.6-49.6a23.94 23.94 0 0 0 6.9-28l-48-112A24.16 24.16 0 0 0 122.6.61l-104 24A24 24 0 0 0 0 48c0 256.5 207.9 464 464 464a24 24 0 0 0 23.4-18.6l24-104a24.29 24.29 0 0 0-14.01-27.6z\"><\/path><\/svg>\t\t\t\t<\/a>\n\t\t\t<\/div>\n\t\t\t\n\t\t\t\t\t\t<div class=\"elementor-icon-box-content\">\n\n\t\t\t\t\t\t\t\t\t<h3 class=\"elementor-icon-box-title\">\n\t\t\t\t\t\t<a href=\"tel:+421904555205\" target=\"_blank\" >\n\t\t\t\t\t\t\t+421904555205\t\t\t\t\t\t<\/a>\n\t\t\t\t\t<\/h3>\n\t\t\t\t\n\t\t\t\t\t\t\t\t\t<p class=\"elementor-icon-box-description\">\n\t\t\t\t\t\t\n\n\t\t\t\t\t<\/p>\n\t\t\t\t\n\t\t\t<\/div>\n\t\t\t\n\t\t<\/div>\n\t\t\t\t\t\t<\/div>\n\t\t\t\t<\/div>\n\t\t\t\t<\/div>\n\t\t\t\t<\/div>\n\t\t\t\t<\/div>\n\t\t\t\t\t<\/div>\n\t\t\t\t<\/div>\n\t\t\t\t\t<\/div>\n\t\t\t\t<\/div>\n\t\t<div class=\"elementor-element elementor-element-af79510 e-flex e-con-boxed e-con e-parent\" data-id=\"af79510\" data-element_type=\"container\" data-settings=\"{&quot;background_background&quot;:&quot;classic&quot;}\">\n\t\t\t\t\t<div class=\"e-con-inner\">\n\t\t\t\t<div class=\"elementor-element elementor-element-564b27d elementor-widget elementor-widget-heading\" data-id=\"564b27d\" data-element_type=\"widget\" data-widget_type=\"heading.default\">\n\t\t\t\t<div class=\"elementor-widget-container\">\n\t\t\t\t\t<h2 class=\"elementor-heading-title elementor-size-default\"><b class=\"my-brown\">GAL\u00c9RIA<\/b><\/h2>\t\t\t\t<\/div>\n\t\t\t\t<\/div>\n\t\t\t\t<div class=\"elementor-element elementor-element-b9a6308 my-gallery gallery-spacing-custom elementor-widget elementor-widget-image-gallery\" data-id=\"b9a6308\" data-element_type=\"widget\" data-widget_type=\"image-gallery.default\">\n\t\t\t\t<div class=\"elementor-widget-container\">\n\t\t\t\t\t\t\t<div class=\"elementor-image-gallery\">\n\t\t\t<div id='gallery-1' class='gallery galleryid-76 gallery-columns-5 gallery-size-large'><figure class='gallery-item'>\n\t\t\t<div class='gallery-icon landscape'>\n\t\t\t\t<a data-elementor-open-lightbox=\"yes\" data-elementor-lightbox-slideshow=\"b9a6308\" data-elementor-lightbox-title=\"1 (2)\" data-e-action-hash=\"#elementor-action%3Aaction%3Dlightbox%26settings%3DeyJpZCI6NTY1NywidXJsIjoiaHR0cHM6XC9cL2hvdGVsZ2FsYW50YS5za1wvbmV3XC93cC1jb250ZW50XC91cGxvYWRzXC8yMDI1XC8wMlwvMS0yLTEuanBnIiwic2xpZGVzaG93IjoiYjlhNjMwOCJ9\" href='https:\/\/hotelgalanta.sk\/new\/wp-content\/uploads\/2025\/02\/1-2-1.jpg'><img fetchpriority=\"high\" decoding=\"async\" width=\"700\" height=\"525\" src=\"https:\/\/hotelgalanta.sk\/new\/wp-content\/uploads\/2025\/02\/1-2-1.jpg\" class=\"attachment-large size-large\" alt=\"\" srcset=\"https:\/\/hotelgalanta.sk\/new\/wp-content\/uploads\/2025\/02\/1-2-1.jpg 700w, https:\/\/hotelgalanta.sk\/new\/wp-content\/uploads\/2025\/02\/1-2-1-300x225.jpg 300w, https:\/\/hotelgalanta.sk\/new\/wp-content\/uploads\/2025\/02\/1-2-1-600x450.jpg 600w\" sizes=\"(max-width: 700px) 100vw, 700px\" \/><\/a>\n\t\t\t<\/div><\/figure><figure class='gallery-item'>\n\t\t\t<div class='gallery-icon landscape'>\n\t\t\t\t<a data-elementor-open-lightbox=\"yes\" data-elementor-lightbox-slideshow=\"b9a6308\" data-elementor-lightbox-title=\"2 (2)\" data-e-action-hash=\"#elementor-action%3Aaction%3Dlightbox%26settings%3DeyJpZCI6NTY1OCwidXJsIjoiaHR0cHM6XC9cL2hvdGVsZ2FsYW50YS5za1wvbmV3XC93cC1jb250ZW50XC91cGxvYWRzXC8yMDI1XC8wMlwvMi0yLTEuanBnIiwic2xpZGVzaG93IjoiYjlhNjMwOCJ9\" href='https:\/\/hotelgalanta.sk\/new\/wp-content\/uploads\/2025\/02\/2-2-1.jpg'><img decoding=\"async\" width=\"700\" height=\"527\" src=\"https:\/\/hotelgalanta.sk\/new\/wp-content\/uploads\/2025\/02\/2-2-1.jpg\" class=\"attachment-large size-large\" alt=\"\" srcset=\"https:\/\/hotelgalanta.sk\/new\/wp-content\/uploads\/2025\/02\/2-2-1.jpg 700w, https:\/\/hotelgalanta.sk\/new\/wp-content\/uploads\/2025\/02\/2-2-1-300x226.jpg 300w, https:\/\/hotelgalanta.sk\/new\/wp-content\/uploads\/2025\/02\/2-2-1-600x452.jpg 600w\" sizes=\"(max-width: 700px) 100vw, 700px\" \/><\/a>\n\t\t\t<\/div><\/figure><figure class='gallery-item'>\n\t\t\t<div class='gallery-icon landscape'>\n\t\t\t\t<a data-elementor-open-lightbox=\"yes\" data-elementor-lightbox-slideshow=\"b9a6308\" data-elementor-lightbox-title=\"3 (3)\" data-e-action-hash=\"#elementor-action%3Aaction%3Dlightbox%26settings%3DeyJpZCI6NTY1OSwidXJsIjoiaHR0cHM6XC9cL2hvdGVsZ2FsYW50YS5za1wvbmV3XC93cC1jb250ZW50XC91cGxvYWRzXC8yMDI1XC8wMlwvMy0zLTEuanBnIiwic2xpZGVzaG93IjoiYjlhNjMwOCJ9\" href='https:\/\/hotelgalanta.sk\/new\/wp-content\/uploads\/2025\/02\/3-3-1.jpg'><img decoding=\"async\" width=\"700\" height=\"527\" src=\"https:\/\/hotelgalanta.sk\/new\/wp-content\/uploads\/2025\/02\/3-3-1.jpg\" class=\"attachment-large size-large\" alt=\"\" srcset=\"https:\/\/hotelgalanta.sk\/new\/wp-content\/uploads\/2025\/02\/3-3-1.jpg 700w, https:\/\/hotelgalanta.sk\/new\/wp-content\/uploads\/2025\/02\/3-3-1-300x226.jpg 300w, https:\/\/hotelgalanta.sk\/new\/wp-content\/uploads\/2025\/02\/3-3-1-600x452.jpg 600w\" sizes=\"(max-width: 700px) 100vw, 700px\" \/><\/a>\n\t\t\t<\/div><\/figure><figure class='gallery-item'>\n\t\t\t<div class='gallery-icon landscape'>\n\t\t\t\t<a data-elementor-open-lightbox=\"yes\" data-elementor-lightbox-slideshow=\"b9a6308\" data-elementor-lightbox-title=\"4 (3)\" data-e-action-hash=\"#elementor-action%3Aaction%3Dlightbox%26settings%3DeyJpZCI6NTY2MCwidXJsIjoiaHR0cHM6XC9cL2hvdGVsZ2FsYW50YS5za1wvbmV3XC93cC1jb250ZW50XC91cGxvYWRzXC8yMDI1XC8wMlwvNC0zLTEuanBnIiwic2xpZGVzaG93IjoiYjlhNjMwOCJ9\" href='https:\/\/hotelgalanta.sk\/new\/wp-content\/uploads\/2025\/02\/4-3-1.jpg'><img loading=\"lazy\" decoding=\"async\" width=\"700\" height=\"525\" src=\"https:\/\/hotelgalanta.sk\/new\/wp-content\/uploads\/2025\/02\/4-3-1.jpg\" class=\"attachment-large size-large\" alt=\"\" srcset=\"https:\/\/hotelgalanta.sk\/new\/wp-content\/uploads\/2025\/02\/4-3-1.jpg 700w, https:\/\/hotelgalanta.sk\/new\/wp-content\/uploads\/2025\/02\/4-3-1-300x225.jpg 300w, https:\/\/hotelgalanta.sk\/new\/wp-content\/uploads\/2025\/02\/4-3-1-600x450.jpg 600w\" sizes=\"(max-width: 700px) 100vw, 700px\" \/><\/a>\n\t\t\t<\/div><\/figure><figure class='gallery-item'>\n\t\t\t<div class='gallery-icon landscape'>\n\t\t\t\t<a data-elementor-open-lightbox=\"yes\" data-elementor-lightbox-slideshow=\"b9a6308\" data-elementor-lightbox-title=\"7\" data-e-action-hash=\"#elementor-action%3Aaction%3Dlightbox%26settings%3DeyJpZCI6NTY2MSwidXJsIjoiaHR0cHM6XC9cL2hvdGVsZ2FsYW50YS5za1wvbmV3XC93cC1jb250ZW50XC91cGxvYWRzXC8yMDI1XC8wMlwvNy04LmpwZyIsInNsaWRlc2hvdyI6ImI5YTYzMDgifQ%3D%3D\" href='https:\/\/hotelgalanta.sk\/new\/wp-content\/uploads\/2025\/02\/7-8.jpg'><img loading=\"lazy\" decoding=\"async\" width=\"1024\" height=\"683\" src=\"https:\/\/hotelgalanta.sk\/new\/wp-content\/uploads\/2025\/02\/7-8-1024x683.jpg\" class=\"attachment-large size-large\" alt=\"\" srcset=\"https:\/\/hotelgalanta.sk\/new\/wp-content\/uploads\/2025\/02\/7-8-1024x683.jpg 1024w, https:\/\/hotelgalanta.sk\/new\/wp-content\/uploads\/2025\/02\/7-8-300x200.jpg 300w, https:\/\/hotelgalanta.sk\/new\/wp-content\/uploads\/2025\/02\/7-8-768x512.jpg 768w, https:\/\/hotelgalanta.sk\/new\/wp-content\/uploads\/2025\/02\/7-8-600x400.jpg 600w, https:\/\/hotelgalanta.sk\/new\/wp-content\/uploads\/2025\/02\/7-8.jpg 1200w\" sizes=\"(max-width: 1024px) 100vw, 1024px\" \/><\/a>\n\t\t\t<\/div><\/figure>\n\t\t<\/div>\n\t\t<\/div>\n\t\t\t\t\t\t<\/div>\n\t\t\t\t<\/div>\n\t\t\t\t\t<\/div>\n\t\t\t\t<\/div>\n\t\t\t\t<\/div>\n\t\t","protected":false},"excerpt":{"rendered":"<p>DEKOR\u00c1CIE Od svie\u010dok a prestierania a\u017e po kvety a osvetlenie, sme tu, aby sme zabezpe\u010dili, \u017ee vzh\u013ead a atmosf\u00e9ra va\u0161ej svadby bude ma\u0165 t\u00e9mu a \u0161t\u00fdl, ktor\u00fd sp\u013a\u0148a va\u0161e po\u017eiadavky. Spolupracujeme s kvetin\u00e1rstvom, ktor\u00e9 zorganizovalo desiatky ve\u013ek\u00fdch aj mal\u00fdch svadieb a dok\u00e1\u017ee zabezpe\u010di\u0165 v\u0161etky kr\u00e1sne, mal\u00e9 detaily, ktor\u00e9 o\u017eivia kr\u00e1su a l\u00e1sku v\u00e1\u0161ho v\u00fdnimo\u010dn\u00e9ho d\u0148a. [&hellip;]<\/p>\n","protected":false},"author":1,"featured_media":0,"parent":67,"menu_order":0,"comment_status":"closed","ping_status":"open","template":"elementor_header_footer","meta":{"ngg_post_thumbnail":0,"footnotes":""},"class_list":["post-76","page","type-page","status-publish","hentry"],"aioseo_notices":[],"_links":{"self":[{"href":"https:\/\/hotelgalanta.sk\/new\/wp-json\/wp\/v2\/pages\/76","targetHints":{"allow":["GET"]}}],"collection":[{"href":"https:\/\/hotelgalanta.sk\/new\/wp-json\/wp\/v2\/pages"}],"about":[{"href":"https:\/\/hotelgalanta.sk\/new\/wp-json\/wp\/v2\/types\/page"}],"author":[{"embeddable":true,"href":"https:\/\/hotelgalanta.sk\/new\/wp-json\/wp\/v2\/users\/1"}],"replies":[{"embeddable":true,"href":"https:\/\/hotelgalanta.sk\/new\/wp-json\/wp\/v2\/comments?post=76"}],"version-history":[{"count":31,"href":"https:\/\/hotelgalanta.sk\/new\/wp-json\/wp\/v2\/pages\/76\/revisions"}],"predecessor-version":[{"id":6082,"href":"https:\/\/hotelgalanta.sk\/new\/wp-json\/wp\/v2\/pages\/76\/revisions\/6082"}],"up":[{"embeddable":true,"href":"https:\/\/hotelgalanta.sk\/new\/wp-json\/wp\/v2\/pages\/67"}],"wp:attachment":[{"href":"https:\/\/hotelgalanta.sk\/new\/wp-json\/wp\/v2\/media?parent=76"}],"curies":[{"name":"wp","href":"https:\/\/api.w.org\/{rel}","templated":true}]}}