{"id":86,"date":"2015-01-22T04:50:21","date_gmt":"2015-01-22T04:50:21","guid":{"rendered":"https:\/\/www.hotelgalanta.sk\/?page_id=86"},"modified":"2025-03-14T07:34:58","modified_gmt":"2025-03-14T07:34:58","slug":"jednolozkova","status":"publish","type":"page","link":"https:\/\/hotelgalanta.sk\/new\/izby\/jednolozkova\/","title":{"rendered":"Jednol\u00f4\u017ekov\u00e1 izba"},"content":{"rendered":"\t\t<div data-elementor-type=\"wp-page\" data-elementor-id=\"86\" class=\"elementor elementor-86\">\n\t\t\t\t<div class=\"elementor-element elementor-element-23c4572 e-flex e-con-boxed e-con e-parent\" data-id=\"23c4572\" data-element_type=\"container\" data-settings=\"{&quot;background_background&quot;:&quot;classic&quot;}\">\n\t\t\t\t\t<div class=\"e-con-inner\">\n\t\t\t\t<div class=\"elementor-element elementor-element-2c3dc46 elementor-widget elementor-widget-heading\" data-id=\"2c3dc46\" data-element_type=\"widget\" data-widget_type=\"heading.default\">\n\t\t\t\t<div class=\"elementor-widget-container\">\n\t\t\t\t\t<h2 class=\"elementor-heading-title elementor-size-default\">Jednol\u00f4\u017ekov\u00e1 <b class=\"my-brown\">IZBA<\/b><\/h2>\t\t\t\t<\/div>\n\t\t\t\t<\/div>\n\t\t\t\t<div class=\"elementor-element elementor-element-3204a8e elementor-widget elementor-widget-text-editor\" data-id=\"3204a8e\" data-element_type=\"widget\" data-widget_type=\"text-editor.default\">\n\t\t\t\t<div class=\"elementor-widget-container\">\n\t\t\t\t\t\t\t\t\t<p>Na\u0161e jednol\u00f4\u017ekov\u00e9 izby pon\u00fakaj\u00fa modern\u00fd eur\u00f3psky dek\u00f3r s ve\u013ek\u00fdmi jedno-l\u00f4\u017ekami, luxusn\u00fdm zariaden\u00edm, LCD telev\u00edziami a so v\u0161etk\u00fdm nevyhnutn\u00fdm vybaven\u00edm, aby sme urobili v\u00e1\u0161 pobyt v Hoteli Galanta pr\u00edjemn\u00fdm. N\u00e1\u0161 person\u00e1l je tu pre v\u00e1s, aby po\u010das v\u00e1\u0161ho pobytu splnil ka\u017ed\u00fa va\u0161u po\u017eiadavku a bude v\u00e1m cel\u00fd \u010das k dispoz\u00edcii.<\/p><p>N\u00e1\u0161 person\u00e1l je tu pre v\u00e1s, aby po\u010das v\u00e1\u0161ho pobytu splnil ka\u017ed\u00fa va\u0161u po\u017eiadavku a bude v\u00e1m cel\u00fd \u010das k dispoz\u00edcii.<\/p>\t\t\t\t\t\t\t\t<\/div>\n\t\t\t\t<\/div>\n\t\t<div class=\"elementor-element elementor-element-8520657 e-grid e-con-full e-con e-child\" data-id=\"8520657\" data-element_type=\"container\">\n\t\t<div class=\"elementor-element elementor-element-08711d8 e-con-full e-flex e-con e-child\" data-id=\"08711d8\" data-element_type=\"container\" data-settings=\"{&quot;background_background&quot;:&quot;classic&quot;}\">\n\t\t\t\t<div class=\"elementor-element elementor-element-481f738 elementor-widget elementor-widget-heading\" data-id=\"481f738\" data-element_type=\"widget\" data-widget_type=\"heading.default\">\n\t\t\t\t<div class=\"elementor-widget-container\">\n\t\t\t\t\t<h2 class=\"elementor-heading-title elementor-size-default\">Cenn\u00edk<\/h2>\t\t\t\t<\/div>\n\t\t\t\t<\/div>\n\t\t<div class=\"elementor-element elementor-element-a2d434e e-con-full e-flex e-con e-child\" data-id=\"a2d434e\" data-element_type=\"container\">\n\t\t<div class=\"elementor-element elementor-element-ec55252 e-con-full e-flex e-con e-child\" data-id=\"ec55252\" data-element_type=\"container\">\n\t\t\t\t<div class=\"elementor-element elementor-element-a32dd7d elementor-widget elementor-widget-text-editor\" data-id=\"a32dd7d\" data-element_type=\"widget\" data-widget_type=\"text-editor.default\">\n\t\t\t\t<div class=\"elementor-widget-container\">\n\t\t\t\t\t\t\t\t\t<p><strong>Jednol\u00f4\u017ekov\u00e1 izba<\/strong><\/p>\t\t\t\t\t\t\t\t<\/div>\n\t\t\t\t<\/div>\n\t\t\t\t<\/div>\n\t\t<div class=\"elementor-element elementor-element-19583aa e-con-full e-flex e-con e-child\" data-id=\"19583aa\" data-element_type=\"container\">\n\t\t\t\t<div class=\"elementor-element elementor-element-16aeeb5 my-price-variable elementor-widget elementor-widget-shortcode\" data-id=\"16aeeb5\" data-element_type=\"widget\" data-widget_type=\"shortcode.default\">\n\t\t\t\t<div class=\"elementor-widget-container\">\n\t\t\t\t\t\t\t<div class=\"elementor-shortcode\">od 65 \u20ac \/ noc<\/div>\n\t\t\t\t\t\t<\/div>\n\t\t\t\t<\/div>\n\t\t\t\t<\/div>\n\t\t\t\t<\/div>\n\t\t\t\t<div class=\"elementor-element elementor-element-02bcab4 elementor-widget elementor-widget-text-editor\" data-id=\"02bcab4\" data-element_type=\"widget\" data-widget_type=\"text-editor.default\">\n\t\t\t\t<div class=\"elementor-widget-container\">\n\t\t\t\t\t\t\t\t\t<p>&#8211; ceny s\u00fa vr\u00e1tane ra\u0148ajok a dane za izbu<br \/>&#8211; <strong><a href=\"https:\/\/www.hotelgalanta.sk\/wp-content\/uploads\/ranajky.pdf\" target=\"_blank\" rel=\"noopener\">zobrazi\u0165 ra\u0148ajkov\u00e9 menu<\/a><\/strong><\/p>\t\t\t\t\t\t\t\t<\/div>\n\t\t\t\t<\/div>\n\t\t\t\t<\/div>\n\t\t<div class=\"elementor-element elementor-element-9987f27 e-con-full e-flex e-con e-child\" data-id=\"9987f27\" data-element_type=\"container\" data-settings=\"{&quot;background_background&quot;:&quot;classic&quot;}\">\n\t\t\t\t<div class=\"elementor-element elementor-element-6471d62 elementor-widget elementor-widget-heading\" data-id=\"6471d62\" data-element_type=\"widget\" data-widget_type=\"heading.default\">\n\t\t\t\t<div class=\"elementor-widget-container\">\n\t\t\t\t\t<h2 class=\"elementor-heading-title elementor-size-default\">Kontakt<\/h2>\t\t\t\t<\/div>\n\t\t\t\t<\/div>\n\t\t<div class=\"elementor-element elementor-element-35518a5 e-con-full e-flex e-con e-child\" data-id=\"35518a5\" data-element_type=\"container\">\n\t\t<div class=\"elementor-element elementor-element-20e4c3b e-grid e-con-full e-con e-child\" data-id=\"20e4c3b\" data-element_type=\"container\">\n\t\t\t\t<div class=\"elementor-element elementor-element-8d5e2d9 elementor-view-stacked elementor-shape-circle elementor-position-top elementor-mobile-position-top elementor-widget elementor-widget-icon-box\" data-id=\"8d5e2d9\" data-element_type=\"widget\" data-widget_type=\"icon-box.default\">\n\t\t\t\t<div class=\"elementor-widget-container\">\n\t\t\t\t\t\t\t<div class=\"elementor-icon-box-wrapper\">\n\n\t\t\t\t\t\t<div class=\"elementor-icon-box-icon\">\n\t\t\t\t<a href=\"https:\/\/www.hotelgalanta.sk\/new\/chat\/\" target=\"_blank\" class=\"elementor-icon elementor-animation-grow-rotate\" tabindex=\"-1\" aria-label=\"Chat s klientom\">\n\t\t\t\t<svg aria-hidden=\"true\" class=\"e-font-icon-svg e-fas-comment-dots\" viewBox=\"0 0 512 512\" xmlns=\"http:\/\/www.w3.org\/2000\/svg\"><path d=\"M256 32C114.6 32 0 125.1 0 240c0 49.6 21.4 95 57 130.7C44.5 421.1 2.7 466 2.2 466.5c-2.2 2.3-2.8 5.7-1.5 8.7S4.8 480 8 480c66.3 0 116-31.8 140.6-51.4 32.7 12.3 69 19.4 107.4 19.4 141.4 0 256-93.1 256-208S397.4 32 256 32zM128 272c-17.7 0-32-14.3-32-32s14.3-32 32-32 32 14.3 32 32-14.3 32-32 32zm128 0c-17.7 0-32-14.3-32-32s14.3-32 32-32 32 14.3 32 32-14.3 32-32 32zm128 0c-17.7 0-32-14.3-32-32s14.3-32 32-32 32 14.3 32 32-14.3 32-32 32z\"><\/path><\/svg>\t\t\t\t<\/a>\n\t\t\t<\/div>\n\t\t\t\n\t\t\t\t\t\t<div class=\"elementor-icon-box-content\">\n\n\t\t\t\t\t\t\t\t\t<h3 class=\"elementor-icon-box-title\">\n\t\t\t\t\t\t<a href=\"https:\/\/www.hotelgalanta.sk\/new\/chat\/\" target=\"_blank\" >\n\t\t\t\t\t\t\tChat s klientom\t\t\t\t\t\t<\/a>\n\t\t\t\t\t<\/h3>\n\t\t\t\t\n\t\t\t\t\t\t\t\t\t<p class=\"elementor-icon-box-description\">\n\t\t\t\t\t\t\n\n\t\t\t\t\t<\/p>\n\t\t\t\t\n\t\t\t<\/div>\n\t\t\t\n\t\t<\/div>\n\t\t\t\t\t\t<\/div>\n\t\t\t\t<\/div>\n\t\t\t\t<div class=\"elementor-element elementor-element-4fa7cbc elementor-view-stacked elementor-shape-circle elementor-position-top elementor-mobile-position-top elementor-widget elementor-widget-icon-box\" data-id=\"4fa7cbc\" data-element_type=\"widget\" data-widget_type=\"icon-box.default\">\n\t\t\t\t<div class=\"elementor-widget-container\">\n\t\t\t\t\t\t\t<div class=\"elementor-icon-box-wrapper\">\n\n\t\t\t\t\t\t<div class=\"elementor-icon-box-icon\">\n\t\t\t\t<a href=\"https:\/\/www.hotelgalanta.sk\/new-en\/rezervacia\/\" target=\"_blank\" class=\"elementor-icon elementor-animation-grow-rotate\" tabindex=\"-1\" aria-label=\"Rezerv\u00e1cia\">\n\t\t\t\t<svg aria-hidden=\"true\" class=\"e-font-icon-svg e-fas-envelope\" viewBox=\"0 0 512 512\" xmlns=\"http:\/\/www.w3.org\/2000\/svg\"><path d=\"M502.3 190.8c3.9-3.1 9.7-.2 9.7 4.7V400c0 26.5-21.5 48-48 48H48c-26.5 0-48-21.5-48-48V195.6c0-5 5.7-7.8 9.7-4.7 22.4 17.4 52.1 39.5 154.1 113.6 21.1 15.4 56.7 47.8 92.2 47.6 35.7.3 72-32.8 92.3-47.6 102-74.1 131.6-96.3 154-113.7zM256 320c23.2.4 56.6-29.2 73.4-41.4 132.7-96.3 142.8-104.7 173.4-128.7 5.8-4.5 9.2-11.5 9.2-18.9v-19c0-26.5-21.5-48-48-48H48C21.5 64 0 85.5 0 112v19c0 7.4 3.4 14.3 9.2 18.9 30.6 23.9 40.7 32.4 173.4 128.7 16.8 12.2 50.2 41.8 73.4 41.4z\"><\/path><\/svg>\t\t\t\t<\/a>\n\t\t\t<\/div>\n\t\t\t\n\t\t\t\t\t\t<div class=\"elementor-icon-box-content\">\n\n\t\t\t\t\t\t\t\t\t<h3 class=\"elementor-icon-box-title\">\n\t\t\t\t\t\t<a href=\"https:\/\/www.hotelgalanta.sk\/new-en\/rezervacia\/\" target=\"_blank\" >\n\t\t\t\t\t\t\tRezerv\u00e1cia\t\t\t\t\t\t<\/a>\n\t\t\t\t\t<\/h3>\n\t\t\t\t\n\t\t\t\t\t\t\t\t\t<p class=\"elementor-icon-box-description\">\n\t\t\t\t\t\t\n\n\t\t\t\t\t<\/p>\n\t\t\t\t\n\t\t\t<\/div>\n\t\t\t\n\t\t<\/div>\n\t\t\t\t\t\t<\/div>\n\t\t\t\t<\/div>\n\t\t\t\t<div class=\"elementor-element elementor-element-5c6f993 elementor-view-stacked elementor-shape-circle elementor-position-top elementor-mobile-position-top elementor-widget elementor-widget-icon-box\" data-id=\"5c6f993\" data-element_type=\"widget\" data-widget_type=\"icon-box.default\">\n\t\t\t\t<div class=\"elementor-widget-container\">\n\t\t\t\t\t\t\t<div class=\"elementor-icon-box-wrapper\">\n\n\t\t\t\t\t\t<div class=\"elementor-icon-box-icon\">\n\t\t\t\t<a href=\"tel:+421904555105\" target=\"_blank\" class=\"elementor-icon elementor-animation-grow-rotate\" tabindex=\"-1\" aria-label=\"+421904555105\">\n\t\t\t\t<svg aria-hidden=\"true\" class=\"e-font-icon-svg e-fas-phone-alt\" viewBox=\"0 0 512 512\" xmlns=\"http:\/\/www.w3.org\/2000\/svg\"><path d=\"M497.39 361.8l-112-48a24 24 0 0 0-28 6.9l-49.6 60.6A370.66 370.66 0 0 1 130.6 204.11l60.6-49.6a23.94 23.94 0 0 0 6.9-28l-48-112A24.16 24.16 0 0 0 122.6.61l-104 24A24 24 0 0 0 0 48c0 256.5 207.9 464 464 464a24 24 0 0 0 23.4-18.6l24-104a24.29 24.29 0 0 0-14.01-27.6z\"><\/path><\/svg>\t\t\t\t<\/a>\n\t\t\t<\/div>\n\t\t\t\n\t\t\t\t\t\t<div class=\"elementor-icon-box-content\">\n\n\t\t\t\t\t\t\t\t\t<h3 class=\"elementor-icon-box-title\">\n\t\t\t\t\t\t<a href=\"tel:+421904555105\" target=\"_blank\" >\n\t\t\t\t\t\t\t+421904555105\t\t\t\t\t\t<\/a>\n\t\t\t\t\t<\/h3>\n\t\t\t\t\n\t\t\t\t\t\t\t\t\t<p class=\"elementor-icon-box-description\">\n\t\t\t\t\t\t\n\n\t\t\t\t\t<\/p>\n\t\t\t\t\n\t\t\t<\/div>\n\t\t\t\n\t\t<\/div>\n\t\t\t\t\t\t<\/div>\n\t\t\t\t<\/div>\n\t\t\t\t<\/div>\n\t\t\t\t<\/div>\n\t\t\t\t<\/div>\n\t\t\t\t<\/div>\n\t\t\t\t\t<\/div>\n\t\t\t\t<\/div>\n\t\t<div class=\"elementor-element elementor-element-3827bad e-flex e-con-boxed e-con e-parent\" data-id=\"3827bad\" data-element_type=\"container\" data-settings=\"{&quot;background_background&quot;:&quot;classic&quot;}\">\n\t\t\t\t\t<div class=\"e-con-inner\">\n\t\t\t\t<div class=\"elementor-element elementor-element-c3b7553 elementor-widget elementor-widget-heading\" data-id=\"c3b7553\" data-element_type=\"widget\" data-widget_type=\"heading.default\">\n\t\t\t\t<div class=\"elementor-widget-container\">\n\t\t\t\t\t<h2 class=\"elementor-heading-title elementor-size-default\"><b class=\"my-brown\">GAL\u00c9RIA<\/b><\/h2>\t\t\t\t<\/div>\n\t\t\t\t<\/div>\n\t\t\t\t<div class=\"elementor-element elementor-element-b05d869 elementor-widget elementor-widget-html\" data-id=\"b05d869\" data-element_type=\"widget\" data-widget_type=\"html.default\">\n\t\t\t\t<div class=\"elementor-widget-container\">\n\t\t\t\t\t<iframe src=\"https:\/\/www.google.com\/maps\/embed?pb=!4v1739043539715!6m8!1m7!1sCAoSLEFGMVFpcFA1UHVXa00zNThmaldkd1laR1ZWUGJjV2lWNXNDUEh5RHM1WHJf!2m2!1d48.20051253434585!2d17.75899774520888!3f311.62!4f-20.61!5f0.5970117501821992\" width=\"600\" height=\"500\" style=\"border:0; margin-bottom:-8px\" allowfullscreen=\"\" loading=\"lazy\" referrerpolicy=\"no-referrer-when-downgrade\"><\/iframe>\t\t\t\t<\/div>\n\t\t\t\t<\/div>\n\t\t\t\t<div class=\"elementor-element elementor-element-24faf0a my-gallery gallery-spacing-custom elementor-widget elementor-widget-image-gallery\" data-id=\"24faf0a\" data-element_type=\"widget\" data-widget_type=\"image-gallery.default\">\n\t\t\t\t<div class=\"elementor-widget-container\">\n\t\t\t\t\t\t\t<div class=\"elementor-image-gallery\">\n\t\t\t<div id='gallery-1' class='gallery galleryid-86 gallery-columns-3 gallery-size-large'><figure class='gallery-item'>\n\t\t\t<div class='gallery-icon landscape'>\n\t\t\t\t<a data-elementor-open-lightbox=\"yes\" data-elementor-lightbox-slideshow=\"24faf0a\" data-elementor-lightbox-title=\"DSC2181\" data-e-action-hash=\"#elementor-action%3Aaction%3Dlightbox%26settings%3DeyJpZCI6NDY4MiwidXJsIjoiaHR0cHM6XC9cL2hvdGVsZ2FsYW50YS5za1wvbmV3XC93cC1jb250ZW50XC91cGxvYWRzXC8yMDI1XC8wMVwvRFNDMjE4MS5qcGciLCJzbGlkZXNob3ciOiIyNGZhZjBhIn0%3D\" href='https:\/\/hotelgalanta.sk\/new\/wp-content\/uploads\/2025\/01\/DSC2181.jpg'><img fetchpriority=\"high\" decoding=\"async\" width=\"1024\" height=\"680\" src=\"https:\/\/hotelgalanta.sk\/new\/wp-content\/uploads\/2025\/01\/DSC2181.jpg\" class=\"attachment-large size-large\" alt=\"\" srcset=\"https:\/\/hotelgalanta.sk\/new\/wp-content\/uploads\/2025\/01\/DSC2181.jpg 1024w, https:\/\/hotelgalanta.sk\/new\/wp-content\/uploads\/2025\/01\/DSC2181-300x199.jpg 300w, https:\/\/hotelgalanta.sk\/new\/wp-content\/uploads\/2025\/01\/DSC2181-768x510.jpg 768w, https:\/\/hotelgalanta.sk\/new\/wp-content\/uploads\/2025\/01\/DSC2181-600x398.jpg 600w\" sizes=\"(max-width: 1024px) 100vw, 1024px\" \/><\/a>\n\t\t\t<\/div><\/figure><figure class='gallery-item'>\n\t\t\t<div class='gallery-icon portrait'>\n\t\t\t\t<a data-elementor-open-lightbox=\"yes\" data-elementor-lightbox-slideshow=\"24faf0a\" data-elementor-lightbox-title=\"k1\" data-e-action-hash=\"#elementor-action%3Aaction%3Dlightbox%26settings%3DeyJpZCI6NDY4MywidXJsIjoiaHR0cHM6XC9cL2hvdGVsZ2FsYW50YS5za1wvbmV3XC93cC1jb250ZW50XC91cGxvYWRzXC8yMDI1XC8wMVwvazEuanBnIiwic2xpZGVzaG93IjoiMjRmYWYwYSJ9\" href='https:\/\/hotelgalanta.sk\/new\/wp-content\/uploads\/2025\/01\/k1.jpg'><img decoding=\"async\" width=\"600\" height=\"800\" src=\"https:\/\/hotelgalanta.sk\/new\/wp-content\/uploads\/2025\/01\/k1.jpg\" class=\"attachment-large size-large\" alt=\"\" srcset=\"https:\/\/hotelgalanta.sk\/new\/wp-content\/uploads\/2025\/01\/k1.jpg 600w, https:\/\/hotelgalanta.sk\/new\/wp-content\/uploads\/2025\/01\/k1-225x300.jpg 225w\" sizes=\"(max-width: 600px) 100vw, 600px\" \/><\/a>\n\t\t\t<\/div><\/figure><figure class='gallery-item'>\n\t\t\t<div class='gallery-icon landscape'>\n\t\t\t\t<a data-elementor-open-lightbox=\"yes\" data-elementor-lightbox-slideshow=\"24faf0a\" data-elementor-lightbox-title=\"k0\" data-e-action-hash=\"#elementor-action%3Aaction%3Dlightbox%26settings%3DeyJpZCI6NDY4NCwidXJsIjoiaHR0cHM6XC9cL2hvdGVsZ2FsYW50YS5za1wvbmV3XC93cC1jb250ZW50XC91cGxvYWRzXC8yMDI1XC8wMVwvazAuanBnIiwic2xpZGVzaG93IjoiMjRmYWYwYSJ9\" href='https:\/\/hotelgalanta.sk\/new\/wp-content\/uploads\/2025\/01\/k0.jpg'><img decoding=\"async\" width=\"800\" height=\"534\" src=\"https:\/\/hotelgalanta.sk\/new\/wp-content\/uploads\/2025\/01\/k0.jpg\" class=\"attachment-large size-large\" alt=\"\" srcset=\"https:\/\/hotelgalanta.sk\/new\/wp-content\/uploads\/2025\/01\/k0.jpg 800w, https:\/\/hotelgalanta.sk\/new\/wp-content\/uploads\/2025\/01\/k0-300x200.jpg 300w, https:\/\/hotelgalanta.sk\/new\/wp-content\/uploads\/2025\/01\/k0-768x513.jpg 768w, https:\/\/hotelgalanta.sk\/new\/wp-content\/uploads\/2025\/01\/k0-600x401.jpg 600w\" sizes=\"(max-width: 800px) 100vw, 800px\" \/><\/a>\n\t\t\t<\/div><\/figure>\n\t\t<\/div>\n\t\t<\/div>\n\t\t\t\t\t\t<\/div>\n\t\t\t\t<\/div>\n\t\t\t\t\t<\/div>\n\t\t\t\t<\/div>\n\t\t\t\t<\/div>\n\t\t","protected":false},"excerpt":{"rendered":"<p>Jednol\u00f4\u017ekov\u00e1 IZBA Na\u0161e jednol\u00f4\u017ekov\u00e9 izby pon\u00fakaj\u00fa modern\u00fd eur\u00f3psky dek\u00f3r s ve\u013ek\u00fdmi jedno-l\u00f4\u017ekami, luxusn\u00fdm zariaden\u00edm, LCD telev\u00edziami a so v\u0161etk\u00fdm nevyhnutn\u00fdm vybaven\u00edm, aby sme urobili v\u00e1\u0161 pobyt v Hoteli Galanta pr\u00edjemn\u00fdm. N\u00e1\u0161 person\u00e1l je tu pre v\u00e1s, aby po\u010das v\u00e1\u0161ho pobytu splnil ka\u017ed\u00fa va\u0161u po\u017eiadavku a bude v\u00e1m cel\u00fd \u010das k dispoz\u00edcii. N\u00e1\u0161 person\u00e1l je tu [&hellip;]<\/p>\n","protected":false},"author":1,"featured_media":0,"parent":43,"menu_order":0,"comment_status":"closed","ping_status":"open","template":"elementor_header_footer","meta":{"ngg_post_thumbnail":0,"footnotes":""},"class_list":["post-86","page","type-page","status-publish","hentry"],"aioseo_notices":[],"_links":{"self":[{"href":"https:\/\/hotelgalanta.sk\/new\/wp-json\/wp\/v2\/pages\/86","targetHints":{"allow":["GET"]}}],"collection":[{"href":"https:\/\/hotelgalanta.sk\/new\/wp-json\/wp\/v2\/pages"}],"about":[{"href":"https:\/\/hotelgalanta.sk\/new\/wp-json\/wp\/v2\/types\/page"}],"author":[{"embeddable":true,"href":"https:\/\/hotelgalanta.sk\/new\/wp-json\/wp\/v2\/users\/1"}],"replies":[{"embeddable":true,"href":"https:\/\/hotelgalanta.sk\/new\/wp-json\/wp\/v2\/comments?post=86"}],"version-history":[{"count":86,"href":"https:\/\/hotelgalanta.sk\/new\/wp-json\/wp\/v2\/pages\/86\/revisions"}],"predecessor-version":[{"id":6055,"href":"https:\/\/hotelgalanta.sk\/new\/wp-json\/wp\/v2\/pages\/86\/revisions\/6055"}],"up":[{"embeddable":true,"href":"https:\/\/hotelgalanta.sk\/new\/wp-json\/wp\/v2\/pages\/43"}],"wp:attachment":[{"href":"https:\/\/hotelgalanta.sk\/new\/wp-json\/wp\/v2\/media?parent=86"}],"curies":[{"name":"wp","href":"https:\/\/api.w.org\/{rel}","templated":true}]}}