{"id":92,"date":"2015-01-22T04:50:58","date_gmt":"2015-01-22T04:50:58","guid":{"rendered":"https:\/\/www.hotelgalanta.sk\/?page_id=92"},"modified":"2025-03-14T07:36:35","modified_gmt":"2025-03-14T07:36:35","slug":"apartman","status":"publish","type":"page","link":"https:\/\/hotelgalanta.sk\/new\/izby\/apartman\/","title":{"rendered":"Apartm\u00e1n"},"content":{"rendered":"\t\t<div data-elementor-type=\"wp-page\" data-elementor-id=\"92\" class=\"elementor elementor-92\">\n\t\t\t\t<div class=\"elementor-element elementor-element-23c3ae2 e-flex e-con-boxed e-con e-parent\" data-id=\"23c3ae2\" data-element_type=\"container\" data-settings=\"{&quot;background_background&quot;:&quot;classic&quot;}\">\n\t\t\t\t\t<div class=\"e-con-inner\">\n\t\t\t\t<div class=\"elementor-element elementor-element-a594b42 elementor-widget elementor-widget-heading\" data-id=\"a594b42\" data-element_type=\"widget\" data-widget_type=\"heading.default\">\n\t\t\t\t<div class=\"elementor-widget-container\">\n\t\t\t\t\t<h2 class=\"elementor-heading-title elementor-size-default\"><b class=\"my-brown\">APARTM\u00c1N<\/b><\/h2>\t\t\t\t<\/div>\n\t\t\t\t<\/div>\n\t\t\t\t<div class=\"elementor-element elementor-element-a8dede5 elementor-widget elementor-widget-text-editor\" data-id=\"a8dede5\" data-element_type=\"widget\" data-widget_type=\"text-editor.default\">\n\t\t\t\t<div class=\"elementor-widget-container\">\n\t\t\t\t\t\t\t\t\t<p>Na\u0161a ponuka apartm\u00e1nov zah\u0155\u0148a ob\u00fdvaciu sedaciu \u010das\u0165 a ve\u013ek\u00e9 k\u00fape\u013ene s va\u0148ou, ako aj pln\u00e9 sp\u00e1l\u0148ov\u00e9 zariadenia a extra miesto na relax, \u010di pre deti. Jedna z na\u0161ich apartm\u00e1nov m\u00e1 tie\u017e kuchy\u0148u pre t\u00fdch, ktor\u00ed uprednost\u0148uj\u00fa pr\u00edpravu vlastn\u00fdch jed\u00e1l.<\/p><p>Neoby\u010dajn\u00fd \u0161tandard dizajnu a atrakt\u00edvny \u0161t\u00fdl zabezpe\u010dia vysok\u00fa \u00farove\u0148 komfortu pre na\u0161ich host\u00ed h\u013eadaj\u00facich viac priestoru.<\/p>\t\t\t\t\t\t\t\t<\/div>\n\t\t\t\t<\/div>\n\t\t<div class=\"elementor-element elementor-element-635466d e-grid e-con-full e-con e-child\" data-id=\"635466d\" data-element_type=\"container\">\n\t\t<div class=\"elementor-element elementor-element-24264bd e-con-full e-flex e-con e-child\" data-id=\"24264bd\" data-element_type=\"container\" data-settings=\"{&quot;background_background&quot;:&quot;classic&quot;}\">\n\t\t\t\t<div class=\"elementor-element elementor-element-9e2eb7b elementor-widget elementor-widget-heading\" data-id=\"9e2eb7b\" data-element_type=\"widget\" data-widget_type=\"heading.default\">\n\t\t\t\t<div class=\"elementor-widget-container\">\n\t\t\t\t\t<h2 class=\"elementor-heading-title elementor-size-default\">Cenn\u00edk<\/h2>\t\t\t\t<\/div>\n\t\t\t\t<\/div>\n\t\t<div class=\"elementor-element elementor-element-605b8bb e-con-full e-flex e-con e-child\" data-id=\"605b8bb\" data-element_type=\"container\">\n\t\t<div class=\"elementor-element elementor-element-bfc6288 e-con-full e-flex e-con e-child\" data-id=\"bfc6288\" data-element_type=\"container\">\n\t\t\t\t<div class=\"elementor-element elementor-element-4885bd2 elementor-widget elementor-widget-text-editor\" data-id=\"4885bd2\" data-element_type=\"widget\" data-widget_type=\"text-editor.default\">\n\t\t\t\t<div class=\"elementor-widget-container\">\n\t\t\t\t\t\t\t\t\t<p><strong>Apartm\u00e1n pre 1 osobu<\/strong><\/p>\t\t\t\t\t\t\t\t<\/div>\n\t\t\t\t<\/div>\n\t\t\t\t<\/div>\n\t\t<div class=\"elementor-element elementor-element-d57ec44 e-con-full e-flex e-con e-child\" data-id=\"d57ec44\" data-element_type=\"container\">\n\t\t\t\t<div class=\"elementor-element elementor-element-ce069e3 my-price-variable elementor-widget elementor-widget-shortcode\" data-id=\"ce069e3\" data-element_type=\"widget\" data-widget_type=\"shortcode.default\">\n\t\t\t\t<div class=\"elementor-widget-container\">\n\t\t\t\t\t\t\t<div class=\"elementor-shortcode\">od 103 \u20ac \/ noc<\/div>\n\t\t\t\t\t\t<\/div>\n\t\t\t\t<\/div>\n\t\t\t\t<\/div>\n\t\t\t\t<\/div>\n\t\t<div class=\"elementor-element elementor-element-acc475e e-con-full e-flex e-con e-child\" data-id=\"acc475e\" data-element_type=\"container\">\n\t\t<div class=\"elementor-element elementor-element-3bb9783 e-con-full e-flex e-con e-child\" data-id=\"3bb9783\" data-element_type=\"container\">\n\t\t\t\t<div class=\"elementor-element elementor-element-cd6af2b elementor-widget elementor-widget-text-editor\" data-id=\"cd6af2b\" data-element_type=\"widget\" data-widget_type=\"text-editor.default\">\n\t\t\t\t<div class=\"elementor-widget-container\">\n\t\t\t\t\t\t\t\t\t<p><strong>Apartm\u00e1n pre 2 osoby<\/strong><\/p>\t\t\t\t\t\t\t\t<\/div>\n\t\t\t\t<\/div>\n\t\t\t\t<\/div>\n\t\t<div class=\"elementor-element elementor-element-8801acf e-con-full e-flex e-con e-child\" data-id=\"8801acf\" data-element_type=\"container\">\n\t\t\t\t<div class=\"elementor-element elementor-element-cae4fe1 my-price-variable elementor-widget elementor-widget-shortcode\" data-id=\"cae4fe1\" data-element_type=\"widget\" data-widget_type=\"shortcode.default\">\n\t\t\t\t<div class=\"elementor-widget-container\">\n\t\t\t\t\t\t\t<div class=\"elementor-shortcode\">od 112 \u20ac \/ noc<\/div>\n\t\t\t\t\t\t<\/div>\n\t\t\t\t<\/div>\n\t\t\t\t<\/div>\n\t\t\t\t<\/div>\n\t\t<div class=\"elementor-element elementor-element-1df1f57 e-con-full e-flex e-con e-child\" data-id=\"1df1f57\" data-element_type=\"container\">\n\t\t<div class=\"elementor-element elementor-element-4191ead e-con-full e-flex e-con e-child\" data-id=\"4191ead\" data-element_type=\"container\">\n\t\t\t\t<div class=\"elementor-element elementor-element-95ae079 elementor-widget elementor-widget-text-editor\" data-id=\"95ae079\" data-element_type=\"widget\" data-widget_type=\"text-editor.default\">\n\t\t\t\t<div class=\"elementor-widget-container\">\n\t\t\t\t\t\t\t\t\t<p><strong>Apartm\u00e1n pre 3 osoby<\/strong><\/p>\t\t\t\t\t\t\t\t<\/div>\n\t\t\t\t<\/div>\n\t\t\t\t<\/div>\n\t\t<div class=\"elementor-element elementor-element-ff82e05 e-con-full e-flex e-con e-child\" data-id=\"ff82e05\" data-element_type=\"container\">\n\t\t\t\t<div class=\"elementor-element elementor-element-b069158 my-price-variable elementor-widget elementor-widget-shortcode\" data-id=\"b069158\" data-element_type=\"widget\" data-widget_type=\"shortcode.default\">\n\t\t\t\t<div class=\"elementor-widget-container\">\n\t\t\t\t\t\t\t<div class=\"elementor-shortcode\">od 125 \u20ac \/ noc<\/div>\n\t\t\t\t\t\t<\/div>\n\t\t\t\t<\/div>\n\t\t\t\t<\/div>\n\t\t\t\t<\/div>\n\t\t<div class=\"elementor-element elementor-element-74ac496 e-con-full e-flex e-con e-child\" data-id=\"74ac496\" data-element_type=\"container\">\n\t\t<div class=\"elementor-element elementor-element-50e6399 e-con-full e-flex e-con e-child\" data-id=\"50e6399\" data-element_type=\"container\">\n\t\t\t\t<div class=\"elementor-element elementor-element-714026a elementor-widget elementor-widget-text-editor\" data-id=\"714026a\" data-element_type=\"widget\" data-widget_type=\"text-editor.default\">\n\t\t\t\t<div class=\"elementor-widget-container\">\n\t\t\t\t\t\t\t\t\t<p><strong>Apartm\u00e1n pre 4 osoby<\/strong><\/p>\t\t\t\t\t\t\t\t<\/div>\n\t\t\t\t<\/div>\n\t\t\t\t<\/div>\n\t\t<div class=\"elementor-element elementor-element-58f11ef e-con-full e-flex e-con e-child\" data-id=\"58f11ef\" data-element_type=\"container\">\n\t\t\t\t<div class=\"elementor-element elementor-element-2898759 my-price-variable elementor-widget elementor-widget-shortcode\" data-id=\"2898759\" data-element_type=\"widget\" data-widget_type=\"shortcode.default\">\n\t\t\t\t<div class=\"elementor-widget-container\">\n\t\t\t\t\t\t\t<div class=\"elementor-shortcode\">od 141 \u20ac \/ noc<\/div>\n\t\t\t\t\t\t<\/div>\n\t\t\t\t<\/div>\n\t\t\t\t<\/div>\n\t\t\t\t<\/div>\n\t\t\t\t<div class=\"elementor-element elementor-element-98900f9 elementor-widget elementor-widget-text-editor\" data-id=\"98900f9\" data-element_type=\"widget\" data-widget_type=\"text-editor.default\">\n\t\t\t\t<div class=\"elementor-widget-container\">\n\t\t\t\t\t\t\t\t\t<p>&#8211; ceny s\u00fa vr\u00e1tane ra\u0148ajok a dane za izbu<br \/>&#8211; <strong><a href=\"https:\/\/www.hotelgalanta.sk\/wp-content\/uploads\/ranajky.pdf\" target=\"_blank\" rel=\"noopener\">zobrazi\u0165 ra\u0148ajkov\u00e9 menu<\/a><\/strong><\/p>\t\t\t\t\t\t\t\t<\/div>\n\t\t\t\t<\/div>\n\t\t\t\t<\/div>\n\t\t<div class=\"elementor-element elementor-element-b8e1dbf e-con-full e-flex e-con e-child\" data-id=\"b8e1dbf\" data-element_type=\"container\" data-settings=\"{&quot;background_background&quot;:&quot;classic&quot;}\">\n\t\t\t\t<div class=\"elementor-element elementor-element-ec5e1d9 elementor-widget elementor-widget-heading\" data-id=\"ec5e1d9\" data-element_type=\"widget\" data-widget_type=\"heading.default\">\n\t\t\t\t<div class=\"elementor-widget-container\">\n\t\t\t\t\t<h2 class=\"elementor-heading-title elementor-size-default\">Kontakt<\/h2>\t\t\t\t<\/div>\n\t\t\t\t<\/div>\n\t\t<div class=\"elementor-element elementor-element-ff2254f e-con-full e-flex e-con e-child\" data-id=\"ff2254f\" data-element_type=\"container\">\n\t\t<div class=\"elementor-element elementor-element-6d9fd67 e-grid e-con-full e-con e-child\" data-id=\"6d9fd67\" data-element_type=\"container\">\n\t\t\t\t<div class=\"elementor-element elementor-element-9001d62 elementor-view-stacked elementor-shape-circle elementor-position-top elementor-mobile-position-top elementor-widget elementor-widget-icon-box\" data-id=\"9001d62\" data-element_type=\"widget\" data-widget_type=\"icon-box.default\">\n\t\t\t\t<div class=\"elementor-widget-container\">\n\t\t\t\t\t\t\t<div class=\"elementor-icon-box-wrapper\">\n\n\t\t\t\t\t\t<div class=\"elementor-icon-box-icon\">\n\t\t\t\t<a href=\"https:\/\/www.hotelgalanta.sk\/new\/chat\/\" target=\"_blank\" class=\"elementor-icon elementor-animation-grow-rotate\" tabindex=\"-1\" aria-label=\"Chat s klientom\">\n\t\t\t\t<svg aria-hidden=\"true\" class=\"e-font-icon-svg e-fas-comment-dots\" viewBox=\"0 0 512 512\" xmlns=\"http:\/\/www.w3.org\/2000\/svg\"><path d=\"M256 32C114.6 32 0 125.1 0 240c0 49.6 21.4 95 57 130.7C44.5 421.1 2.7 466 2.2 466.5c-2.2 2.3-2.8 5.7-1.5 8.7S4.8 480 8 480c66.3 0 116-31.8 140.6-51.4 32.7 12.3 69 19.4 107.4 19.4 141.4 0 256-93.1 256-208S397.4 32 256 32zM128 272c-17.7 0-32-14.3-32-32s14.3-32 32-32 32 14.3 32 32-14.3 32-32 32zm128 0c-17.7 0-32-14.3-32-32s14.3-32 32-32 32 14.3 32 32-14.3 32-32 32zm128 0c-17.7 0-32-14.3-32-32s14.3-32 32-32 32 14.3 32 32-14.3 32-32 32z\"><\/path><\/svg>\t\t\t\t<\/a>\n\t\t\t<\/div>\n\t\t\t\n\t\t\t\t\t\t<div class=\"elementor-icon-box-content\">\n\n\t\t\t\t\t\t\t\t\t<h3 class=\"elementor-icon-box-title\">\n\t\t\t\t\t\t<a href=\"https:\/\/www.hotelgalanta.sk\/new\/chat\/\" target=\"_blank\" >\n\t\t\t\t\t\t\tChat s klientom\t\t\t\t\t\t<\/a>\n\t\t\t\t\t<\/h3>\n\t\t\t\t\n\t\t\t\t\t\t\t\t\t<p class=\"elementor-icon-box-description\">\n\t\t\t\t\t\t\n\n\t\t\t\t\t<\/p>\n\t\t\t\t\n\t\t\t<\/div>\n\t\t\t\n\t\t<\/div>\n\t\t\t\t\t\t<\/div>\n\t\t\t\t<\/div>\n\t\t\t\t<div class=\"elementor-element elementor-element-3a148d8 elementor-view-stacked elementor-shape-circle elementor-position-top elementor-mobile-position-top elementor-widget elementor-widget-icon-box\" data-id=\"3a148d8\" data-element_type=\"widget\" data-widget_type=\"icon-box.default\">\n\t\t\t\t<div class=\"elementor-widget-container\">\n\t\t\t\t\t\t\t<div class=\"elementor-icon-box-wrapper\">\n\n\t\t\t\t\t\t<div class=\"elementor-icon-box-icon\">\n\t\t\t\t<a href=\"https:\/\/www.hotelgalanta.sk\/new-en\/rezervacia\/\" target=\"_blank\" class=\"elementor-icon elementor-animation-grow-rotate\" tabindex=\"-1\" aria-label=\"Rezerv\u00e1cia\">\n\t\t\t\t<svg aria-hidden=\"true\" class=\"e-font-icon-svg e-fas-envelope\" viewBox=\"0 0 512 512\" xmlns=\"http:\/\/www.w3.org\/2000\/svg\"><path d=\"M502.3 190.8c3.9-3.1 9.7-.2 9.7 4.7V400c0 26.5-21.5 48-48 48H48c-26.5 0-48-21.5-48-48V195.6c0-5 5.7-7.8 9.7-4.7 22.4 17.4 52.1 39.5 154.1 113.6 21.1 15.4 56.7 47.8 92.2 47.6 35.7.3 72-32.8 92.3-47.6 102-74.1 131.6-96.3 154-113.7zM256 320c23.2.4 56.6-29.2 73.4-41.4 132.7-96.3 142.8-104.7 173.4-128.7 5.8-4.5 9.2-11.5 9.2-18.9v-19c0-26.5-21.5-48-48-48H48C21.5 64 0 85.5 0 112v19c0 7.4 3.4 14.3 9.2 18.9 30.6 23.9 40.7 32.4 173.4 128.7 16.8 12.2 50.2 41.8 73.4 41.4z\"><\/path><\/svg>\t\t\t\t<\/a>\n\t\t\t<\/div>\n\t\t\t\n\t\t\t\t\t\t<div class=\"elementor-icon-box-content\">\n\n\t\t\t\t\t\t\t\t\t<h3 class=\"elementor-icon-box-title\">\n\t\t\t\t\t\t<a href=\"https:\/\/www.hotelgalanta.sk\/new-en\/rezervacia\/\" target=\"_blank\" >\n\t\t\t\t\t\t\tRezerv\u00e1cia\t\t\t\t\t\t<\/a>\n\t\t\t\t\t<\/h3>\n\t\t\t\t\n\t\t\t\t\t\t\t\t\t<p class=\"elementor-icon-box-description\">\n\t\t\t\t\t\t\n\n\t\t\t\t\t<\/p>\n\t\t\t\t\n\t\t\t<\/div>\n\t\t\t\n\t\t<\/div>\n\t\t\t\t\t\t<\/div>\n\t\t\t\t<\/div>\n\t\t\t\t<div class=\"elementor-element elementor-element-37a11b3 elementor-view-stacked elementor-shape-circle elementor-position-top elementor-mobile-position-top elementor-widget elementor-widget-icon-box\" data-id=\"37a11b3\" data-element_type=\"widget\" data-widget_type=\"icon-box.default\">\n\t\t\t\t<div class=\"elementor-widget-container\">\n\t\t\t\t\t\t\t<div class=\"elementor-icon-box-wrapper\">\n\n\t\t\t\t\t\t<div class=\"elementor-icon-box-icon\">\n\t\t\t\t<a href=\"tel:+421904555105\" target=\"_blank\" class=\"elementor-icon elementor-animation-grow-rotate\" tabindex=\"-1\" aria-label=\"+421904555105\">\n\t\t\t\t<svg aria-hidden=\"true\" class=\"e-font-icon-svg e-fas-phone-alt\" viewBox=\"0 0 512 512\" xmlns=\"http:\/\/www.w3.org\/2000\/svg\"><path d=\"M497.39 361.8l-112-48a24 24 0 0 0-28 6.9l-49.6 60.6A370.66 370.66 0 0 1 130.6 204.11l60.6-49.6a23.94 23.94 0 0 0 6.9-28l-48-112A24.16 24.16 0 0 0 122.6.61l-104 24A24 24 0 0 0 0 48c0 256.5 207.9 464 464 464a24 24 0 0 0 23.4-18.6l24-104a24.29 24.29 0 0 0-14.01-27.6z\"><\/path><\/svg>\t\t\t\t<\/a>\n\t\t\t<\/div>\n\t\t\t\n\t\t\t\t\t\t<div class=\"elementor-icon-box-content\">\n\n\t\t\t\t\t\t\t\t\t<h3 class=\"elementor-icon-box-title\">\n\t\t\t\t\t\t<a href=\"tel:+421904555105\" target=\"_blank\" >\n\t\t\t\t\t\t\t+421904555105\t\t\t\t\t\t<\/a>\n\t\t\t\t\t<\/h3>\n\t\t\t\t\n\t\t\t\t\t\t\t\t\t<p class=\"elementor-icon-box-description\">\n\t\t\t\t\t\t\n\n\t\t\t\t\t<\/p>\n\t\t\t\t\n\t\t\t<\/div>\n\t\t\t\n\t\t<\/div>\n\t\t\t\t\t\t<\/div>\n\t\t\t\t<\/div>\n\t\t\t\t<\/div>\n\t\t\t\t<\/div>\n\t\t\t\t<\/div>\n\t\t\t\t<\/div>\n\t\t\t\t\t<\/div>\n\t\t\t\t<\/div>\n\t\t<div class=\"elementor-element elementor-element-1864127 e-flex e-con-boxed e-con e-parent\" data-id=\"1864127\" data-element_type=\"container\" data-settings=\"{&quot;background_background&quot;:&quot;classic&quot;}\">\n\t\t\t\t\t<div class=\"e-con-inner\">\n\t\t\t\t<div class=\"elementor-element elementor-element-7bd5b34 elementor-widget elementor-widget-heading\" data-id=\"7bd5b34\" data-element_type=\"widget\" data-widget_type=\"heading.default\">\n\t\t\t\t<div class=\"elementor-widget-container\">\n\t\t\t\t\t<h2 class=\"elementor-heading-title elementor-size-default\"><b class=\"my-brown\">GAL\u00c9RIA<\/b><\/h2>\t\t\t\t<\/div>\n\t\t\t\t<\/div>\n\t\t\t\t<div class=\"elementor-element elementor-element-48e9e05 elementor-widget elementor-widget-html\" data-id=\"48e9e05\" data-element_type=\"widget\" data-widget_type=\"html.default\">\n\t\t\t\t<div class=\"elementor-widget-container\">\n\t\t\t\t\t<iframe src=\"https:\/\/www.google.com\/maps\/embed?pb=!4v1739046535965!6m8!1m7!1sCAoSLEFGMVFpcE5vSmMycFlfRE9SVlFJRll5TVE5d1lpVi1IVGhySGhQaXpzX2hO!2m2!1d48.20034537830825!2d17.75887501722836!3f58.35!4f-23.64!5f0.5970117501821992\" width=\"600\" height=\"500\" style=\"border:0; margin-bottom:-8px\" allowfullscreen=\"\" loading=\"lazy\" referrerpolicy=\"no-referrer-when-downgrade\"><\/iframe>\t\t\t\t<\/div>\n\t\t\t\t<\/div>\n\t\t\t\t<div class=\"elementor-element elementor-element-76928c0 my-gallery gallery-spacing-custom elementor-widget elementor-widget-image-gallery\" data-id=\"76928c0\" data-element_type=\"widget\" data-widget_type=\"image-gallery.default\">\n\t\t\t\t<div class=\"elementor-widget-container\">\n\t\t\t\t\t\t\t<div class=\"elementor-image-gallery\">\n\t\t\t<div id='gallery-1' class='gallery galleryid-92 gallery-columns-4 gallery-size-large'><figure class='gallery-item'>\n\t\t\t<div class='gallery-icon landscape'>\n\t\t\t\t<a data-elementor-open-lightbox=\"yes\" data-elementor-lightbox-slideshow=\"76928c0\" data-elementor-lightbox-title=\"l1\" data-e-action-hash=\"#elementor-action%3Aaction%3Dlightbox%26settings%3DeyJpZCI6NTEyNSwidXJsIjoiaHR0cHM6XC9cL2hvdGVsZ2FsYW50YS5za1wvbmV3XC93cC1jb250ZW50XC91cGxvYWRzXC8yMDI1XC8wMlwvbDEuanBnIiwic2xpZGVzaG93IjoiNzY5MjhjMCJ9\" href='https:\/\/hotelgalanta.sk\/new\/wp-content\/uploads\/2025\/02\/l1.jpg'><img fetchpriority=\"high\" decoding=\"async\" width=\"800\" height=\"601\" src=\"https:\/\/hotelgalanta.sk\/new\/wp-content\/uploads\/2025\/02\/l1.jpg\" class=\"attachment-large size-large\" alt=\"\" srcset=\"https:\/\/hotelgalanta.sk\/new\/wp-content\/uploads\/2025\/02\/l1.jpg 800w, https:\/\/hotelgalanta.sk\/new\/wp-content\/uploads\/2025\/02\/l1-300x225.jpg 300w, https:\/\/hotelgalanta.sk\/new\/wp-content\/uploads\/2025\/02\/l1-768x577.jpg 768w, https:\/\/hotelgalanta.sk\/new\/wp-content\/uploads\/2025\/02\/l1-600x451.jpg 600w\" sizes=\"(max-width: 800px) 100vw, 800px\" \/><\/a>\n\t\t\t<\/div><\/figure><figure class='gallery-item'>\n\t\t\t<div class='gallery-icon landscape'>\n\t\t\t\t<a data-elementor-open-lightbox=\"yes\" data-elementor-lightbox-slideshow=\"76928c0\" data-elementor-lightbox-title=\"l2\" data-e-action-hash=\"#elementor-action%3Aaction%3Dlightbox%26settings%3DeyJpZCI6NTEyNCwidXJsIjoiaHR0cHM6XC9cL2hvdGVsZ2FsYW50YS5za1wvbmV3XC93cC1jb250ZW50XC91cGxvYWRzXC8yMDI1XC8wMlwvbDIuanBnIiwic2xpZGVzaG93IjoiNzY5MjhjMCJ9\" href='https:\/\/hotelgalanta.sk\/new\/wp-content\/uploads\/2025\/02\/l2.jpg'><img decoding=\"async\" width=\"800\" height=\"600\" src=\"https:\/\/hotelgalanta.sk\/new\/wp-content\/uploads\/2025\/02\/l2.jpg\" class=\"attachment-large size-large\" alt=\"\" srcset=\"https:\/\/hotelgalanta.sk\/new\/wp-content\/uploads\/2025\/02\/l2.jpg 800w, https:\/\/hotelgalanta.sk\/new\/wp-content\/uploads\/2025\/02\/l2-300x225.jpg 300w, https:\/\/hotelgalanta.sk\/new\/wp-content\/uploads\/2025\/02\/l2-768x576.jpg 768w, https:\/\/hotelgalanta.sk\/new\/wp-content\/uploads\/2025\/02\/l2-600x450.jpg 600w\" sizes=\"(max-width: 800px) 100vw, 800px\" \/><\/a>\n\t\t\t<\/div><\/figure><figure class='gallery-item'>\n\t\t\t<div class='gallery-icon landscape'>\n\t\t\t\t<a data-elementor-open-lightbox=\"yes\" data-elementor-lightbox-slideshow=\"76928c0\" data-elementor-lightbox-title=\"6 (1)\" data-e-action-hash=\"#elementor-action%3Aaction%3Dlightbox%26settings%3DeyJpZCI6NDY4MCwidXJsIjoiaHR0cHM6XC9cL2hvdGVsZ2FsYW50YS5za1wvbmV3XC93cC1jb250ZW50XC91cGxvYWRzXC8yMDI1XC8wMVwvNi0xLmpwZyIsInNsaWRlc2hvdyI6Ijc2OTI4YzAifQ%3D%3D\" href='https:\/\/hotelgalanta.sk\/new\/wp-content\/uploads\/2025\/01\/6-1.jpg'><img decoding=\"async\" width=\"1024\" height=\"683\" src=\"https:\/\/hotelgalanta.sk\/new\/wp-content\/uploads\/2025\/01\/6-1-1024x683.jpg\" class=\"attachment-large size-large\" alt=\"\" srcset=\"https:\/\/hotelgalanta.sk\/new\/wp-content\/uploads\/2025\/01\/6-1-1024x683.jpg 1024w, https:\/\/hotelgalanta.sk\/new\/wp-content\/uploads\/2025\/01\/6-1-300x200.jpg 300w, https:\/\/hotelgalanta.sk\/new\/wp-content\/uploads\/2025\/01\/6-1-768x512.jpg 768w, https:\/\/hotelgalanta.sk\/new\/wp-content\/uploads\/2025\/01\/6-1-600x400.jpg 600w, https:\/\/hotelgalanta.sk\/new\/wp-content\/uploads\/2025\/01\/6-1.jpg 1200w\" sizes=\"(max-width: 1024px) 100vw, 1024px\" \/><\/a>\n\t\t\t<\/div><\/figure><figure class='gallery-item'>\n\t\t\t<div class='gallery-icon landscape'>\n\t\t\t\t<a data-elementor-open-lightbox=\"yes\" data-elementor-lightbox-slideshow=\"76928c0\" data-elementor-lightbox-title=\"l4\" data-e-action-hash=\"#elementor-action%3Aaction%3Dlightbox%26settings%3DeyJpZCI6NTEyMywidXJsIjoiaHR0cHM6XC9cL2hvdGVsZ2FsYW50YS5za1wvbmV3XC93cC1jb250ZW50XC91cGxvYWRzXC8yMDI1XC8wMlwvbDQuanBnIiwic2xpZGVzaG93IjoiNzY5MjhjMCJ9\" href='https:\/\/hotelgalanta.sk\/new\/wp-content\/uploads\/2025\/02\/l4.jpg'><img loading=\"lazy\" decoding=\"async\" width=\"800\" height=\"534\" src=\"https:\/\/hotelgalanta.sk\/new\/wp-content\/uploads\/2025\/02\/l4.jpg\" class=\"attachment-large size-large\" alt=\"\" srcset=\"https:\/\/hotelgalanta.sk\/new\/wp-content\/uploads\/2025\/02\/l4.jpg 800w, https:\/\/hotelgalanta.sk\/new\/wp-content\/uploads\/2025\/02\/l4-300x200.jpg 300w, https:\/\/hotelgalanta.sk\/new\/wp-content\/uploads\/2025\/02\/l4-768x513.jpg 768w, https:\/\/hotelgalanta.sk\/new\/wp-content\/uploads\/2025\/02\/l4-600x401.jpg 600w\" sizes=\"(max-width: 800px) 100vw, 800px\" \/><\/a>\n\t\t\t<\/div><\/figure>\n\t\t<\/div>\n\t\t<\/div>\n\t\t\t\t\t\t<\/div>\n\t\t\t\t<\/div>\n\t\t\t\t\t<\/div>\n\t\t\t\t<\/div>\n\t\t\t\t<\/div>\n\t\t","protected":false},"excerpt":{"rendered":"<p>APARTM\u00c1N Na\u0161a ponuka apartm\u00e1nov zah\u0155\u0148a ob\u00fdvaciu sedaciu \u010das\u0165 a ve\u013ek\u00e9 k\u00fape\u013ene s va\u0148ou, ako aj pln\u00e9 sp\u00e1l\u0148ov\u00e9 zariadenia a extra miesto na relax, \u010di pre deti. Jedna z na\u0161ich apartm\u00e1nov m\u00e1 tie\u017e kuchy\u0148u pre t\u00fdch, ktor\u00ed uprednost\u0148uj\u00fa pr\u00edpravu vlastn\u00fdch jed\u00e1l. Neoby\u010dajn\u00fd \u0161tandard dizajnu a atrakt\u00edvny \u0161t\u00fdl zabezpe\u010dia vysok\u00fa \u00farove\u0148 komfortu pre na\u0161ich host\u00ed h\u013eadaj\u00facich viac [&hellip;]<\/p>\n","protected":false},"author":1,"featured_media":0,"parent":43,"menu_order":0,"comment_status":"closed","ping_status":"open","template":"elementor_header_footer","meta":{"ngg_post_thumbnail":0,"footnotes":""},"class_list":["post-92","page","type-page","status-publish","hentry"],"aioseo_notices":[],"_links":{"self":[{"href":"https:\/\/hotelgalanta.sk\/new\/wp-json\/wp\/v2\/pages\/92","targetHints":{"allow":["GET"]}}],"collection":[{"href":"https:\/\/hotelgalanta.sk\/new\/wp-json\/wp\/v2\/pages"}],"about":[{"href":"https:\/\/hotelgalanta.sk\/new\/wp-json\/wp\/v2\/types\/page"}],"author":[{"embeddable":true,"href":"https:\/\/hotelgalanta.sk\/new\/wp-json\/wp\/v2\/users\/1"}],"replies":[{"embeddable":true,"href":"https:\/\/hotelgalanta.sk\/new\/wp-json\/wp\/v2\/comments?post=92"}],"version-history":[{"count":72,"href":"https:\/\/hotelgalanta.sk\/new\/wp-json\/wp\/v2\/pages\/92\/revisions"}],"predecessor-version":[{"id":6061,"href":"https:\/\/hotelgalanta.sk\/new\/wp-json\/wp\/v2\/pages\/92\/revisions\/6061"}],"up":[{"embeddable":true,"href":"https:\/\/hotelgalanta.sk\/new\/wp-json\/wp\/v2\/pages\/43"}],"wp:attachment":[{"href":"https:\/\/hotelgalanta.sk\/new\/wp-json\/wp\/v2\/media?parent=92"}],"curies":[{"name":"wp","href":"https:\/\/api.w.org\/{rel}","templated":true}]}}