{"id":993,"date":"2015-03-22T20:24:23","date_gmt":"2015-03-22T20:24:23","guid":{"rendered":"https:\/\/www.hotelgalanta.sk\/?page_id=993"},"modified":"2025-03-14T07:39:00","modified_gmt":"2025-03-14T07:39:00","slug":"akcie","status":"publish","type":"page","link":"https:\/\/hotelgalanta.sk\/new\/catering\/akcie\/","title":{"rendered":"Catering &#8211; Akcie"},"content":{"rendered":"\t\t<div data-elementor-type=\"wp-page\" data-elementor-id=\"993\" class=\"elementor elementor-993\">\n\t\t\t\t<div class=\"elementor-element elementor-element-ab0f153 e-flex e-con-boxed e-con e-parent\" data-id=\"ab0f153\" data-element_type=\"container\" data-settings=\"{&quot;background_background&quot;:&quot;classic&quot;}\">\n\t\t\t\t\t<div class=\"e-con-inner\">\n\t\t\t\t<div class=\"elementor-element elementor-element-3952b88 elementor-widget elementor-widget-heading\" data-id=\"3952b88\" data-element_type=\"widget\" data-widget_type=\"heading.default\">\n\t\t\t\t<div class=\"elementor-widget-container\">\n\t\t\t\t\t<h2 class=\"elementor-heading-title elementor-size-default\">Catering <b class=\"my-brown\"> AKCIE<\/b><\/h2>\t\t\t\t<\/div>\n\t\t\t\t<\/div>\n\t\t\t\t<div class=\"elementor-element elementor-element-f0b0e8c elementor-widget elementor-widget-text-editor\" data-id=\"f0b0e8c\" data-element_type=\"widget\" data-widget_type=\"text-editor.default\">\n\t\t\t\t<div class=\"elementor-widget-container\">\n\t\t\t\t\t\t\t\t\t<p>Hotel Galanta je slovensk\u00e1 cateringov\u00e1 spolo\u010dnos\u0165 dod\u00e1vaj\u00faca prvotriedne jedlo vytvoren\u00e9 pod\u013ea Va\u0161ich potrieb a po\u017eiadaviek za prijate\u013en\u00e9 ceny.<\/p><p>Na\u0161e cateringov\u00e9 slu\u017eby s\u00fa \u00fa\u017easnou zmesou vynikaj\u00faceho jedla, kreat\u00edvnych my\u0161lienok a profesion\u00e1lneho person\u00e1lu.<\/p>\t\t\t\t\t\t\t\t<\/div>\n\t\t\t\t<\/div>\n\t\t\t\t<div class=\"elementor-element elementor-element-c0991e3 elementor-widget elementor-widget-image\" data-id=\"c0991e3\" data-element_type=\"widget\" data-widget_type=\"image.default\">\n\t\t\t\t<div class=\"elementor-widget-container\">\n\t\t\t\t\t\t\t\t\t\t\t\t\t\t\t\t<a href=\"https:\/\/www.elitecatering.sk\/\" target=\"_blank\">\n\t\t\t\t\t\t\t<img decoding=\"async\" width=\"517\" height=\"84\" src=\"https:\/\/hotelgalanta.sk\/new\/wp-content\/uploads\/2025\/02\/logoec.png\" class=\"attachment-large size-large wp-image-5639\" alt=\"\" srcset=\"https:\/\/hotelgalanta.sk\/new\/wp-content\/uploads\/2025\/02\/logoec.png 517w, https:\/\/hotelgalanta.sk\/new\/wp-content\/uploads\/2025\/02\/logoec-300x49.png 300w\" sizes=\"(max-width: 517px) 100vw, 517px\" \/>\t\t\t\t\t\t\t\t<\/a>\n\t\t\t\t\t\t\t\t\t\t\t\t\t\t\t<\/div>\n\t\t\t\t<\/div>\n\t\t<div class=\"elementor-element elementor-element-df696a2 e-grid e-con-boxed e-con e-child\" data-id=\"df696a2\" data-element_type=\"container\">\n\t\t\t\t\t<div class=\"e-con-inner\">\n\t\t<div class=\"elementor-element elementor-element-10f3a67 e-con-full e-flex e-con e-child\" data-id=\"10f3a67\" data-element_type=\"container\" data-settings=\"{&quot;background_background&quot;:&quot;classic&quot;}\">\n\t\t\t\t<div class=\"elementor-element elementor-element-d72b943 elementor-widget elementor-widget-heading\" data-id=\"d72b943\" data-element_type=\"widget\" data-widget_type=\"heading.default\">\n\t\t\t\t<div class=\"elementor-widget-container\">\n\t\t\t\t\t<h2 class=\"elementor-heading-title elementor-size-default\">Kontakt<\/h2>\t\t\t\t<\/div>\n\t\t\t\t<\/div>\n\t\t<div class=\"elementor-element elementor-element-e6424a4 e-con-full e-flex e-con e-child\" data-id=\"e6424a4\" data-element_type=\"container\">\n\t\t<div class=\"elementor-element elementor-element-3128140 e-grid e-con-full e-con e-child\" data-id=\"3128140\" data-element_type=\"container\">\n\t\t\t\t<div class=\"elementor-element elementor-element-a3dfc0e elementor-view-stacked elementor-shape-circle elementor-position-top elementor-mobile-position-top elementor-widget elementor-widget-icon-box\" data-id=\"a3dfc0e\" data-element_type=\"widget\" data-widget_type=\"icon-box.default\">\n\t\t\t\t<div class=\"elementor-widget-container\">\n\t\t\t\t\t\t\t<div class=\"elementor-icon-box-wrapper\">\n\n\t\t\t\t\t\t<div class=\"elementor-icon-box-icon\">\n\t\t\t\t<a href=\"https:\/\/www.hotelgalanta.sk\/new\/chat\/\" target=\"_blank\" class=\"elementor-icon elementor-animation-grow-rotate\" tabindex=\"-1\" aria-label=\"Chat s klientom\">\n\t\t\t\t<svg aria-hidden=\"true\" class=\"e-font-icon-svg e-fas-comment-dots\" viewBox=\"0 0 512 512\" xmlns=\"http:\/\/www.w3.org\/2000\/svg\"><path d=\"M256 32C114.6 32 0 125.1 0 240c0 49.6 21.4 95 57 130.7C44.5 421.1 2.7 466 2.2 466.5c-2.2 2.3-2.8 5.7-1.5 8.7S4.8 480 8 480c66.3 0 116-31.8 140.6-51.4 32.7 12.3 69 19.4 107.4 19.4 141.4 0 256-93.1 256-208S397.4 32 256 32zM128 272c-17.7 0-32-14.3-32-32s14.3-32 32-32 32 14.3 32 32-14.3 32-32 32zm128 0c-17.7 0-32-14.3-32-32s14.3-32 32-32 32 14.3 32 32-14.3 32-32 32zm128 0c-17.7 0-32-14.3-32-32s14.3-32 32-32 32 14.3 32 32-14.3 32-32 32z\"><\/path><\/svg>\t\t\t\t<\/a>\n\t\t\t<\/div>\n\t\t\t\n\t\t\t\t\t\t<div class=\"elementor-icon-box-content\">\n\n\t\t\t\t\t\t\t\t\t<h3 class=\"elementor-icon-box-title\">\n\t\t\t\t\t\t<a href=\"https:\/\/www.hotelgalanta.sk\/new\/chat\/\" target=\"_blank\" >\n\t\t\t\t\t\t\tChat s klientom\t\t\t\t\t\t<\/a>\n\t\t\t\t\t<\/h3>\n\t\t\t\t\n\t\t\t\t\t\t\t\t\t<p class=\"elementor-icon-box-description\">\n\t\t\t\t\t\t\n\n\t\t\t\t\t<\/p>\n\t\t\t\t\n\t\t\t<\/div>\n\t\t\t\n\t\t<\/div>\n\t\t\t\t\t\t<\/div>\n\t\t\t\t<\/div>\n\t\t\t\t<div class=\"elementor-element elementor-element-ed30acf elementor-view-stacked elementor-shape-circle elementor-position-top elementor-mobile-position-top elementor-widget elementor-widget-icon-box\" data-id=\"ed30acf\" data-element_type=\"widget\" data-widget_type=\"icon-box.default\">\n\t\t\t\t<div class=\"elementor-widget-container\">\n\t\t\t\t\t\t\t<div class=\"elementor-icon-box-wrapper\">\n\n\t\t\t\t\t\t<div class=\"elementor-icon-box-icon\">\n\t\t\t\t<a href=\"https:\/\/www.hotelgalanta.sk\/new\/rezervacia\/\" target=\"_blank\" class=\"elementor-icon elementor-animation-grow-rotate\" tabindex=\"-1\" aria-label=\"Rezerv\u00e1cia\">\n\t\t\t\t<svg aria-hidden=\"true\" class=\"e-font-icon-svg e-fas-envelope\" viewBox=\"0 0 512 512\" xmlns=\"http:\/\/www.w3.org\/2000\/svg\"><path d=\"M502.3 190.8c3.9-3.1 9.7-.2 9.7 4.7V400c0 26.5-21.5 48-48 48H48c-26.5 0-48-21.5-48-48V195.6c0-5 5.7-7.8 9.7-4.7 22.4 17.4 52.1 39.5 154.1 113.6 21.1 15.4 56.7 47.8 92.2 47.6 35.7.3 72-32.8 92.3-47.6 102-74.1 131.6-96.3 154-113.7zM256 320c23.2.4 56.6-29.2 73.4-41.4 132.7-96.3 142.8-104.7 173.4-128.7 5.8-4.5 9.2-11.5 9.2-18.9v-19c0-26.5-21.5-48-48-48H48C21.5 64 0 85.5 0 112v19c0 7.4 3.4 14.3 9.2 18.9 30.6 23.9 40.7 32.4 173.4 128.7 16.8 12.2 50.2 41.8 73.4 41.4z\"><\/path><\/svg>\t\t\t\t<\/a>\n\t\t\t<\/div>\n\t\t\t\n\t\t\t\t\t\t<div class=\"elementor-icon-box-content\">\n\n\t\t\t\t\t\t\t\t\t<h3 class=\"elementor-icon-box-title\">\n\t\t\t\t\t\t<a href=\"https:\/\/www.hotelgalanta.sk\/new\/rezervacia\/\" target=\"_blank\" >\n\t\t\t\t\t\t\tRezerv\u00e1cia\t\t\t\t\t\t<\/a>\n\t\t\t\t\t<\/h3>\n\t\t\t\t\n\t\t\t\t\t\t\t\t\t<p class=\"elementor-icon-box-description\">\n\t\t\t\t\t\t\n\n\t\t\t\t\t<\/p>\n\t\t\t\t\n\t\t\t<\/div>\n\t\t\t\n\t\t<\/div>\n\t\t\t\t\t\t<\/div>\n\t\t\t\t<\/div>\n\t\t\t\t<div class=\"elementor-element elementor-element-771f913 elementor-view-stacked elementor-shape-circle elementor-position-top elementor-mobile-position-top elementor-widget elementor-widget-icon-box\" data-id=\"771f913\" data-element_type=\"widget\" data-widget_type=\"icon-box.default\">\n\t\t\t\t<div class=\"elementor-widget-container\">\n\t\t\t\t\t\t\t<div class=\"elementor-icon-box-wrapper\">\n\n\t\t\t\t\t\t<div class=\"elementor-icon-box-icon\">\n\t\t\t\t<a href=\"tel:+421904555205\" target=\"_blank\" class=\"elementor-icon elementor-animation-grow-rotate\" tabindex=\"-1\" aria-label=\"+421904555205\">\n\t\t\t\t<svg aria-hidden=\"true\" class=\"e-font-icon-svg e-fas-phone-alt\" viewBox=\"0 0 512 512\" xmlns=\"http:\/\/www.w3.org\/2000\/svg\"><path d=\"M497.39 361.8l-112-48a24 24 0 0 0-28 6.9l-49.6 60.6A370.66 370.66 0 0 1 130.6 204.11l60.6-49.6a23.94 23.94 0 0 0 6.9-28l-48-112A24.16 24.16 0 0 0 122.6.61l-104 24A24 24 0 0 0 0 48c0 256.5 207.9 464 464 464a24 24 0 0 0 23.4-18.6l24-104a24.29 24.29 0 0 0-14.01-27.6z\"><\/path><\/svg>\t\t\t\t<\/a>\n\t\t\t<\/div>\n\t\t\t\n\t\t\t\t\t\t<div class=\"elementor-icon-box-content\">\n\n\t\t\t\t\t\t\t\t\t<h3 class=\"elementor-icon-box-title\">\n\t\t\t\t\t\t<a href=\"tel:+421904555205\" target=\"_blank\" >\n\t\t\t\t\t\t\t+421904555205\t\t\t\t\t\t<\/a>\n\t\t\t\t\t<\/h3>\n\t\t\t\t\n\t\t\t\t\t\t\t\t\t<p class=\"elementor-icon-box-description\">\n\t\t\t\t\t\t\n\n\t\t\t\t\t<\/p>\n\t\t\t\t\n\t\t\t<\/div>\n\t\t\t\n\t\t<\/div>\n\t\t\t\t\t\t<\/div>\n\t\t\t\t<\/div>\n\t\t\t\t<\/div>\n\t\t\t\t<\/div>\n\t\t\t\t<\/div>\n\t\t\t\t\t<\/div>\n\t\t\t\t<\/div>\n\t\t\t\t\t<\/div>\n\t\t\t\t<\/div>\n\t\t<div class=\"elementor-element elementor-element-68249c5 e-flex e-con-boxed e-con e-parent\" data-id=\"68249c5\" data-element_type=\"container\" data-settings=\"{&quot;background_background&quot;:&quot;classic&quot;}\">\n\t\t\t\t\t<div class=\"e-con-inner\">\n\t\t\t\t<div class=\"elementor-element elementor-element-9ae3361 elementor-widget elementor-widget-heading\" data-id=\"9ae3361\" data-element_type=\"widget\" data-widget_type=\"heading.default\">\n\t\t\t\t<div class=\"elementor-widget-container\">\n\t\t\t\t\t<h2 class=\"elementor-heading-title elementor-size-default\"><b class=\"my-brown\">GAL\u00c9RIA<\/b><\/h2>\t\t\t\t<\/div>\n\t\t\t\t<\/div>\n\t\t\t\t<div class=\"elementor-element elementor-element-d4b5364 my-gallery gallery-spacing-custom elementor-widget elementor-widget-image-gallery\" data-id=\"d4b5364\" data-element_type=\"widget\" data-widget_type=\"image-gallery.default\">\n\t\t\t\t<div class=\"elementor-widget-container\">\n\t\t\t\t\t\t\t<div class=\"elementor-image-gallery\">\n\t\t\t<div id='gallery-1' class='gallery galleryid-993 gallery-columns-4 gallery-size-large'><figure class='gallery-item'>\n\t\t\t<div class='gallery-icon landscape'>\n\t\t\t\t<a data-elementor-open-lightbox=\"yes\" data-elementor-lightbox-slideshow=\"d4b5364\" data-elementor-lightbox-title=\"1\" data-e-action-hash=\"#elementor-action%3Aaction%3Dlightbox%26settings%3DeyJpZCI6NTI5MywidXJsIjoiaHR0cHM6XC9cL2hvdGVsZ2FsYW50YS5za1wvbmV3XC93cC1jb250ZW50XC91cGxvYWRzXC8yMDI1XC8wMlwvMS00LmpwZyIsInNsaWRlc2hvdyI6ImQ0YjUzNjQifQ%3D%3D\" href='https:\/\/hotelgalanta.sk\/new\/wp-content\/uploads\/2025\/02\/1-4.jpg'><img fetchpriority=\"high\" decoding=\"async\" width=\"800\" height=\"532\" src=\"https:\/\/hotelgalanta.sk\/new\/wp-content\/uploads\/2025\/02\/1-4.jpg\" class=\"attachment-large size-large\" alt=\"\" srcset=\"https:\/\/hotelgalanta.sk\/new\/wp-content\/uploads\/2025\/02\/1-4.jpg 800w, https:\/\/hotelgalanta.sk\/new\/wp-content\/uploads\/2025\/02\/1-4-300x200.jpg 300w, https:\/\/hotelgalanta.sk\/new\/wp-content\/uploads\/2025\/02\/1-4-768x511.jpg 768w, https:\/\/hotelgalanta.sk\/new\/wp-content\/uploads\/2025\/02\/1-4-600x399.jpg 600w\" sizes=\"(max-width: 800px) 100vw, 800px\" \/><\/a>\n\t\t\t<\/div><\/figure><figure class='gallery-item'>\n\t\t\t<div class='gallery-icon portrait'>\n\t\t\t\t<a data-elementor-open-lightbox=\"yes\" data-elementor-lightbox-slideshow=\"d4b5364\" data-elementor-lightbox-title=\"2\" data-e-action-hash=\"#elementor-action%3Aaction%3Dlightbox%26settings%3DeyJpZCI6NTI5NCwidXJsIjoiaHR0cHM6XC9cL2hvdGVsZ2FsYW50YS5za1wvbmV3XC93cC1jb250ZW50XC91cGxvYWRzXC8yMDI1XC8wMlwvMi02LmpwZyIsInNsaWRlc2hvdyI6ImQ0YjUzNjQifQ%3D%3D\" href='https:\/\/hotelgalanta.sk\/new\/wp-content\/uploads\/2025\/02\/2-6.jpg'><img decoding=\"async\" width=\"400\" height=\"600\" src=\"https:\/\/hotelgalanta.sk\/new\/wp-content\/uploads\/2025\/02\/2-6.jpg\" class=\"attachment-large size-large\" alt=\"\" srcset=\"https:\/\/hotelgalanta.sk\/new\/wp-content\/uploads\/2025\/02\/2-6.jpg 400w, https:\/\/hotelgalanta.sk\/new\/wp-content\/uploads\/2025\/02\/2-6-200x300.jpg 200w\" sizes=\"(max-width: 400px) 100vw, 400px\" \/><\/a>\n\t\t\t<\/div><\/figure><figure class='gallery-item'>\n\t\t\t<div class='gallery-icon portrait'>\n\t\t\t\t<a data-elementor-open-lightbox=\"yes\" data-elementor-lightbox-slideshow=\"d4b5364\" data-elementor-lightbox-title=\"3\" data-e-action-hash=\"#elementor-action%3Aaction%3Dlightbox%26settings%3DeyJpZCI6NTI5NSwidXJsIjoiaHR0cHM6XC9cL2hvdGVsZ2FsYW50YS5za1wvbmV3XC93cC1jb250ZW50XC91cGxvYWRzXC8yMDI1XC8wMlwvMy01LmpwZyIsInNsaWRlc2hvdyI6ImQ0YjUzNjQifQ%3D%3D\" href='https:\/\/hotelgalanta.sk\/new\/wp-content\/uploads\/2025\/02\/3-5.jpg'><img loading=\"lazy\" decoding=\"async\" width=\"400\" height=\"600\" src=\"https:\/\/hotelgalanta.sk\/new\/wp-content\/uploads\/2025\/02\/3-5.jpg\" class=\"attachment-large size-large\" alt=\"\" srcset=\"https:\/\/hotelgalanta.sk\/new\/wp-content\/uploads\/2025\/02\/3-5.jpg 400w, https:\/\/hotelgalanta.sk\/new\/wp-content\/uploads\/2025\/02\/3-5-200x300.jpg 200w\" sizes=\"(max-width: 400px) 100vw, 400px\" \/><\/a>\n\t\t\t<\/div><\/figure><figure class='gallery-item'>\n\t\t\t<div class='gallery-icon landscape'>\n\t\t\t\t<a data-elementor-open-lightbox=\"yes\" data-elementor-lightbox-slideshow=\"d4b5364\" data-elementor-lightbox-title=\"4\" data-e-action-hash=\"#elementor-action%3Aaction%3Dlightbox%26settings%3DeyJpZCI6NTI5NiwidXJsIjoiaHR0cHM6XC9cL2hvdGVsZ2FsYW50YS5za1wvbmV3XC93cC1jb250ZW50XC91cGxvYWRzXC8yMDI1XC8wMlwvNC0zLmpwZyIsInNsaWRlc2hvdyI6ImQ0YjUzNjQifQ%3D%3D\" href='https:\/\/hotelgalanta.sk\/new\/wp-content\/uploads\/2025\/02\/4-3.jpg'><img loading=\"lazy\" decoding=\"async\" width=\"800\" height=\"600\" src=\"https:\/\/hotelgalanta.sk\/new\/wp-content\/uploads\/2025\/02\/4-3.jpg\" class=\"attachment-large size-large\" alt=\"\" srcset=\"https:\/\/hotelgalanta.sk\/new\/wp-content\/uploads\/2025\/02\/4-3.jpg 800w, https:\/\/hotelgalanta.sk\/new\/wp-content\/uploads\/2025\/02\/4-3-300x225.jpg 300w, https:\/\/hotelgalanta.sk\/new\/wp-content\/uploads\/2025\/02\/4-3-768x576.jpg 768w, https:\/\/hotelgalanta.sk\/new\/wp-content\/uploads\/2025\/02\/4-3-600x450.jpg 600w\" sizes=\"(max-width: 800px) 100vw, 800px\" \/><\/a>\n\t\t\t<\/div><\/figure>\n\t\t<\/div>\n\t\t<\/div>\n\t\t\t\t\t\t<\/div>\n\t\t\t\t<\/div>\n\t\t\t\t\t<\/div>\n\t\t\t\t<\/div>\n\t\t\t\t<\/div>\n\t\t","protected":false},"excerpt":{"rendered":"<p>Catering AKCIE Hotel Galanta je slovensk\u00e1 cateringov\u00e1 spolo\u010dnos\u0165 dod\u00e1vaj\u00faca prvotriedne jedlo vytvoren\u00e9 pod\u013ea Va\u0161ich potrieb a po\u017eiadaviek za prijate\u013en\u00e9 ceny. Na\u0161e cateringov\u00e9 slu\u017eby s\u00fa \u00fa\u017easnou zmesou vynikaj\u00faceho jedla, kreat\u00edvnych my\u0161lienok a profesion\u00e1lneho person\u00e1lu. Kontakt Chat s klientom Rezerv\u00e1cia +421904555205 GAL\u00c9RIA<\/p>\n","protected":false},"author":1,"featured_media":0,"parent":272,"menu_order":0,"comment_status":"closed","ping_status":"open","template":"elementor_header_footer","meta":{"ngg_post_thumbnail":0,"footnotes":""},"class_list":["post-993","page","type-page","status-publish","hentry"],"aioseo_notices":[],"_links":{"self":[{"href":"https:\/\/hotelgalanta.sk\/new\/wp-json\/wp\/v2\/pages\/993","targetHints":{"allow":["GET"]}}],"collection":[{"href":"https:\/\/hotelgalanta.sk\/new\/wp-json\/wp\/v2\/pages"}],"about":[{"href":"https:\/\/hotelgalanta.sk\/new\/wp-json\/wp\/v2\/types\/page"}],"author":[{"embeddable":true,"href":"https:\/\/hotelgalanta.sk\/new\/wp-json\/wp\/v2\/users\/1"}],"replies":[{"embeddable":true,"href":"https:\/\/hotelgalanta.sk\/new\/wp-json\/wp\/v2\/comments?post=993"}],"version-history":[{"count":45,"href":"https:\/\/hotelgalanta.sk\/new\/wp-json\/wp\/v2\/pages\/993\/revisions"}],"predecessor-version":[{"id":6070,"href":"https:\/\/hotelgalanta.sk\/new\/wp-json\/wp\/v2\/pages\/993\/revisions\/6070"}],"up":[{"embeddable":true,"href":"https:\/\/hotelgalanta.sk\/new\/wp-json\/wp\/v2\/pages\/272"}],"wp:attachment":[{"href":"https:\/\/hotelgalanta.sk\/new\/wp-json\/wp\/v2\/media?parent=993"}],"curies":[{"name":"wp","href":"https:\/\/api.w.org\/{rel}","templated":true}]}}