{"id":995,"date":"2015-03-22T20:24:59","date_gmt":"2015-03-22T20:24:59","guid":{"rendered":"https:\/\/www.hotelgalanta.sk\/?page_id=995"},"modified":"2025-02-04T20:34:44","modified_gmt":"2025-02-04T20:34:44","slug":"sluzby","status":"publish","type":"page","link":"https:\/\/hotelgalanta.sk\/new\/catering\/sluzby\/","title":{"rendered":"Slu\u017eby"},"content":{"rendered":"<p>Slu\u017eby Hotelu Galanta s\u00fa vybaven\u00e9 tak, aby zabezpe\u010dili \u0161irok\u00fd z\u00e1ber udalost\u00ed vr\u00e1tane svadobn\u00e9ho cateringu, podnikov\u00e9ho cateringu, obchodn\u00fdch obedov, v\u00fdstav, ako aj \u0161peci\u00e1lnych udalost\u00ed ako s\u00fa krst, narodeniny, \u010di v\u00fdro\u010die.<\/p>\n<div class=\"textsmart\"><strong>Slu\u017eby:<\/strong><\/div>\n<div class=\"symple-column symple-one-half symple-column-first  \">\n<ul>\n<li>Medzin\u00e1rodn\u00e9 a klasick\u00e9 menu<\/li>\n<li>\u00dapln\u00fd v\u00fdber alkoholick\u00fdch a nealkoholick\u00fdch n\u00e1pojov<\/li>\n<li>Kvalitn\u00fd servis<\/li>\n<li>\u0160irok\u00fd v\u00fdber z\u00e1bavy, od \u017eivej hudby a\u017e po k\u00fazeln\u00edkov, tane\u010dn\u00e9 skupiny a programy pre deti<\/li>\n<\/ul>\n<\/div>\n<div class=\"symple-column symple-one-half symple-column-last  \">\n<ul>\n<li>Pren\u00e1jom n\u00e1bytku<\/li>\n<li>Mobiln\u00fa kuchy\u0148u a bar<\/li>\n<li>Kuch\u00e1rov a person\u00e1l<\/li>\n<li>Kvetinov\u00fa v\u00fdzdobu, pripravenie miesta a dekor\u00e1cie<\/li>\n<li>Dopravu<\/li>\n<\/ul>\n<\/div><div class=\"symple-clear-floats\"><\/div>\n<div class=\"price1\"><a href=\"https:\/\/www.elitecatering.sk\/\" target=\"_blank\" rel=\"noopener noreferrer\"><img decoding=\"async\" class=\"aligncenter size-full wp-image-1365\" src=\"https:\/\/www.hotelgalanta.sk\/wp-content\/uploads\/logoec.png\" alt=\"Elite Catering\" width=\"450\" height=\"84\"><\/a><\/div>\n<div class=\"rezer2\">\n<div class=\"rezer2-content\">\n<div class=\"rezer2-links\"><a title=\"Chat s klientom\" href=\"https:\/\/www.hotelgalanta.sk\/chat\/\"><img decoding=\"async\" src=\"https:\/\/www.hotelgalanta.sk\/wp-content\/uploads\/chat.png\" alt=\"chat\" width=\"28\" height=\"21\"><\/a><\/div>\n<div class=\"rezer2-links1\"><a title=\"Po\u0161lite n\u00e1m po\u017eiadavku mailom\" href=\"https:\/\/www.elitecatering.sk\/poziadavky.htm\" target=\"_blank\" rel=\"noopener noreferrer\"><img decoding=\"async\" src=\"https:\/\/www.hotelgalanta.sk\/wp-content\/uploads\/mail.png\" alt=\"Po\u0161lite n\u00e1m po\u017eiadavku\" width=\"28\" height=\"21\"><\/a><\/div>\n<div class=\"rezer2-text\"><a title=\"Volajte pre z\u00e1ujem o ponuku\" href=\"tel:+421904555205\">+421904555205<\/a><\/div>\n<\/div>\n<\/div>\n<p><!-- index.php -->\n<div\n\tclass=\"ngg-galleryoverview\n\t ngg-ajax-pagination-none\t\"\n\tid=\"ngg-gallery-4c05c5659eec03b4b094d710dded041d-1\">\n\n\t\t\t<!-- Thumbnails -->\n\t\t\t\t<div id=\"ngg-image-0\" class=\"ngg-gallery-thumbnail-box\"\n\t\t\t\t\t\t\t\t\t\t\t>\n\t\t\t\t\t\t<div class=\"ngg-gallery-thumbnail\">\n\t\t\t<a href=\"https:\/\/hotelgalanta.sk\/new\/wp-content\/gallery\/cat_sluzby\/4.jpg\"\n\t\t\t\ttitle=\"\"\n\t\t\t\tdata-src=\"https:\/\/hotelgalanta.sk\/new\/wp-content\/gallery\/cat_sluzby\/4.jpg\"\n\t\t\t\tdata-thumbnail=\"https:\/\/hotelgalanta.sk\/new\/wp-content\/gallery\/cat_sluzby\/thumbs\/thumbs_4.jpg\"\n\t\t\t\tdata-image-id=\"262\"\n\t\t\t\tdata-title=\"Catering slu\u017eby\"\n\t\t\t\tdata-description=\"\"\n\t\t\t\tdata-image-slug=\"4-jpg-10\"\n\t\t\t\tclass=\"ngg-fancybox\" rel=\"4c05c5659eec03b4b094d710dded041d\">\n\t\t\t\t<img\n\t\t\t\t\ttitle=\"Catering slu\u017eby\"\n\t\t\t\t\talt=\"Catering slu\u017eby\"\n\t\t\t\t\tsrc=\"https:\/\/hotelgalanta.sk\/new\/wp-content\/gallery\/cat_sluzby\/thumbs\/thumbs_4.jpg\"\n\t\t\t\t\twidth=\"170\"\n\t\t\t\t\theight=\"128\"\n\t\t\t\t\tstyle=\"max-width:100%;\"\n\t\t\t\t\/>\n\t\t\t<\/a>\n\t\t<\/div>\n\t\t\t\t\t\t\t<\/div>\n\t\t\t\n\t\t\n\t\t\t\t<div id=\"ngg-image-1\" class=\"ngg-gallery-thumbnail-box\"\n\t\t\t\t\t\t\t\t\t\t\t>\n\t\t\t\t\t\t<div class=\"ngg-gallery-thumbnail\">\n\t\t\t<a href=\"https:\/\/hotelgalanta.sk\/new\/wp-content\/gallery\/cat_sluzby\/1.jpg\"\n\t\t\t\ttitle=\"\"\n\t\t\t\tdata-src=\"https:\/\/hotelgalanta.sk\/new\/wp-content\/gallery\/cat_sluzby\/1.jpg\"\n\t\t\t\tdata-thumbnail=\"https:\/\/hotelgalanta.sk\/new\/wp-content\/gallery\/cat_sluzby\/thumbs\/thumbs_1.jpg\"\n\t\t\t\tdata-image-id=\"261\"\n\t\t\t\tdata-title=\"Catering slu\u017eby\"\n\t\t\t\tdata-description=\"\"\n\t\t\t\tdata-image-slug=\"1-jpg-10\"\n\t\t\t\tclass=\"ngg-fancybox\" rel=\"4c05c5659eec03b4b094d710dded041d\">\n\t\t\t\t<img\n\t\t\t\t\ttitle=\"Catering slu\u017eby\"\n\t\t\t\t\talt=\"Catering slu\u017eby\"\n\t\t\t\t\tsrc=\"https:\/\/hotelgalanta.sk\/new\/wp-content\/gallery\/cat_sluzby\/thumbs\/thumbs_1.jpg\"\n\t\t\t\t\twidth=\"170\"\n\t\t\t\t\theight=\"128\"\n\t\t\t\t\tstyle=\"max-width:100%;\"\n\t\t\t\t\/>\n\t\t\t<\/a>\n\t\t<\/div>\n\t\t\t\t\t\t\t<\/div>\n\t\t\t\n\t\t\n\t\t\t\t<div id=\"ngg-image-2\" class=\"ngg-gallery-thumbnail-box\"\n\t\t\t\t\t\t\t\t\t\t\t>\n\t\t\t\t\t\t<div class=\"ngg-gallery-thumbnail\">\n\t\t\t<a href=\"https:\/\/hotelgalanta.sk\/new\/wp-content\/gallery\/cat_sluzby\/s3.jpg\"\n\t\t\t\ttitle=\"\"\n\t\t\t\tdata-src=\"https:\/\/hotelgalanta.sk\/new\/wp-content\/gallery\/cat_sluzby\/s3.jpg\"\n\t\t\t\tdata-thumbnail=\"https:\/\/hotelgalanta.sk\/new\/wp-content\/gallery\/cat_sluzby\/thumbs\/thumbs_s3.jpg\"\n\t\t\t\tdata-image-id=\"169\"\n\t\t\t\tdata-title=\"Catering slu\u017eby\"\n\t\t\t\tdata-description=\"\"\n\t\t\t\tdata-image-slug=\"s3-jpg\"\n\t\t\t\tclass=\"ngg-fancybox\" rel=\"4c05c5659eec03b4b094d710dded041d\">\n\t\t\t\t<img\n\t\t\t\t\ttitle=\"Catering slu\u017eby\"\n\t\t\t\t\talt=\"Catering slu\u017eby\"\n\t\t\t\t\tsrc=\"https:\/\/hotelgalanta.sk\/new\/wp-content\/gallery\/cat_sluzby\/thumbs\/thumbs_s3.jpg\"\n\t\t\t\t\twidth=\"170\"\n\t\t\t\t\theight=\"128\"\n\t\t\t\t\tstyle=\"max-width:100%;\"\n\t\t\t\t\/>\n\t\t\t<\/a>\n\t\t<\/div>\n\t\t\t\t\t\t\t<\/div>\n\t\t\t\n\t\t\n\t\t\t\t<div id=\"ngg-image-3\" class=\"ngg-gallery-thumbnail-box\"\n\t\t\t\t\t\t\t\t\t\t\t>\n\t\t\t\t\t\t<div class=\"ngg-gallery-thumbnail\">\n\t\t\t<a href=\"https:\/\/hotelgalanta.sk\/new\/wp-content\/gallery\/cat_sluzby\/s2.jpg\"\n\t\t\t\ttitle=\"\"\n\t\t\t\tdata-src=\"https:\/\/hotelgalanta.sk\/new\/wp-content\/gallery\/cat_sluzby\/s2.jpg\"\n\t\t\t\tdata-thumbnail=\"https:\/\/hotelgalanta.sk\/new\/wp-content\/gallery\/cat_sluzby\/thumbs\/thumbs_s2.jpg\"\n\t\t\t\tdata-image-id=\"168\"\n\t\t\t\tdata-title=\"Catering slu\u017eby\"\n\t\t\t\tdata-description=\"\"\n\t\t\t\tdata-image-slug=\"s2-jpg\"\n\t\t\t\tclass=\"ngg-fancybox\" rel=\"4c05c5659eec03b4b094d710dded041d\">\n\t\t\t\t<img\n\t\t\t\t\ttitle=\"Catering slu\u017eby\"\n\t\t\t\t\talt=\"Catering slu\u017eby\"\n\t\t\t\t\tsrc=\"https:\/\/hotelgalanta.sk\/new\/wp-content\/gallery\/cat_sluzby\/thumbs\/thumbs_s2.jpg\"\n\t\t\t\t\twidth=\"170\"\n\t\t\t\t\theight=\"128\"\n\t\t\t\t\tstyle=\"max-width:100%;\"\n\t\t\t\t\/>\n\t\t\t<\/a>\n\t\t<\/div>\n\t\t\t\t\t\t\t<\/div>\n\t\t\t\n\t\t\n\t\t\n\t\t<!-- Pagination -->\n\t\t<div class='ngg-clear'><\/div>\t<\/div>\n<\/p>\n","protected":false},"excerpt":{"rendered":"<p>Slu\u017eby Hotelu Galanta s\u00fa vybaven\u00e9 tak, aby zabezpe\u010dili \u0161irok\u00fd z\u00e1ber udalost\u00ed vr\u00e1tane svadobn\u00e9ho cateringu, podnikov\u00e9ho cateringu, obchodn\u00fdch obedov, v\u00fdstav, ako aj \u0161peci\u00e1lnych udalost\u00ed ako s\u00fa krst, narodeniny, \u010di v\u00fdro\u010die. Slu\u017eby: +421904555205<\/p>\n","protected":false},"author":1,"featured_media":0,"parent":272,"menu_order":0,"comment_status":"closed","ping_status":"open","template":"templates\/template-page-no-sidebar.php","meta":{"ngg_post_thumbnail":0,"footnotes":""},"class_list":["post-995","page","type-page","status-publish","hentry"],"aioseo_notices":[],"_links":{"self":[{"href":"https:\/\/hotelgalanta.sk\/new\/wp-json\/wp\/v2\/pages\/995","targetHints":{"allow":["GET"]}}],"collection":[{"href":"https:\/\/hotelgalanta.sk\/new\/wp-json\/wp\/v2\/pages"}],"about":[{"href":"https:\/\/hotelgalanta.sk\/new\/wp-json\/wp\/v2\/types\/page"}],"author":[{"embeddable":true,"href":"https:\/\/hotelgalanta.sk\/new\/wp-json\/wp\/v2\/users\/1"}],"replies":[{"embeddable":true,"href":"https:\/\/hotelgalanta.sk\/new\/wp-json\/wp\/v2\/comments?post=995"}],"version-history":[{"count":42,"href":"https:\/\/hotelgalanta.sk\/new\/wp-json\/wp\/v2\/pages\/995\/revisions"}],"predecessor-version":[{"id":3504,"href":"https:\/\/hotelgalanta.sk\/new\/wp-json\/wp\/v2\/pages\/995\/revisions\/3504"}],"up":[{"embeddable":true,"href":"https:\/\/hotelgalanta.sk\/new\/wp-json\/wp\/v2\/pages\/272"}],"wp:attachment":[{"href":"https:\/\/hotelgalanta.sk\/new\/wp-json\/wp\/v2\/media?parent=995"}],"curies":[{"name":"wp","href":"https:\/\/api.w.org\/{rel}","templated":true}]}}